{"id":32167,"date":"2026-04-07T10:34:18","date_gmt":"2026-04-07T10:34:18","guid":{"rendered":"https:\/\/cead.ualg.pt\/site\/?page_id=32167"},"modified":"2026-04-07T11:03:58","modified_gmt":"2026-04-07T11:03:58","slug":"divulgacao-cientifica","status":"publish","type":"page","link":"https:\/\/cead.ualg.pt\/site\/divulgacao-cientifica\/","title":{"rendered":"Divulga\u00e7\u00e3o cient\u00edfica"},"content":{"rendered":"\t\t<div data-elementor-type=\"wp-page\" data-elementor-id=\"32167\" class=\"elementor elementor-32167\" data-elementor-post-type=\"page\">\n\t\t\t\t\t\t<section class=\"elementor-section elementor-top-section elementor-element elementor-element-76ed8a8 elementor-section-boxed elementor-section-height-default elementor-section-height-default neuron-fixed-no\" data-id=\"76ed8a8\" data-element_type=\"section\" data-e-type=\"section\">\n\t\t\t\t\t\t<div class=\"elementor-container elementor-column-gap-default\">\n\t\t\t\t\t<div class=\"elementor-column elementor-col-100 elementor-top-column elementor-element elementor-element-b6e6f71\" data-id=\"b6e6f71\" data-element_type=\"column\" data-e-type=\"column\">\n\t\t\t<div class=\"elementor-widget-wrap elementor-element-populated\">\n\t\t\t\t\t\t<div class=\"elementor-element elementor-element-e407ade elementor-widget elementor-widget-text-editor\" data-id=\"e407ade\" data-element_type=\"widget\" data-e-type=\"widget\" data-widget_type=\"text-editor.default\">\n\t\t\t\t<div class=\"elementor-widget-container\">\n\t\t\t\t\t\t\t\t\t<div class=\"_idGenObjectStyleOverride-1\">\u00a0<\/div><div class=\"_idGenObjectStyleOverride-1\"><table id=\"table001\" class=\"Basic-Table\" width=\"949\"><colgroup> <col class=\"_idGenTableRowColumn-1\" \/> <col class=\"_idGenTableRowColumn-2\" \/> <col class=\"_idGenTableRowColumn-3\" \/> <col class=\"_idGenTableRowColumn-4\" \/> <col class=\"_idGenTableRowColumn-5\" \/> <col class=\"_idGenTableRowColumn-6\" \/> <\/colgroup><tbody><tr class=\"Basic-Table _idGenTableRowColumn-6\"><td class=\"Basic-Table CellOverride-1\" width=\"50\"><p class=\"Basic-Paragraph ParaOverride-1\"><span style=\"color: #ffffff;\"><strong>Data<\/strong><\/span><\/p><\/td><td class=\"Basic-Table CellOverride-1\" width=\"100\"><p class=\"Basic-Paragraph ParaOverride-1\"><span style=\"color: #ffffff;\"><strong>T\u00edtulo<\/strong><\/span><\/p><\/td><td class=\"Basic-Table CellOverride-1\" width=\"60\"><p class=\"Basic-Paragraph ParaOverride-1\"><span style=\"color: #ffffff;\"><strong>Orador<\/strong><\/span><\/p><\/td><td class=\"Basic-Table CellOverride-1\" width=\"50\"><p class=\"Basic-Paragraph ParaOverride-1\"><span style=\"color: #ffffff;\"><strong>Afilia\u00e7\u00e3o<\/strong><\/span><\/p><\/td><td class=\"Basic-Table CellOverride-1\" width=\"100\"><p class=\"Basic-Paragraph ParaOverride-1\"><span style=\"color: #ffffff;\"><strong>Local<\/strong><\/span><\/p><\/td><td class=\"Basic-Table CellOverride-1\" width=\"50\"><p class=\"Basic-Paragraph ParaOverride-1\"><span style=\"color: #ffffff;\"><strong>Mais info<\/strong><\/span><\/p><\/td><\/tr><tr class=\"Basic-Table _idGenTableRowColumn-7\"><td class=\"Basic-Table CellOverride-2\"><p class=\"Basic-Paragraph ParaOverride-1\"><span style=\"color: #000000;\">27 de mar\u00e7o 2026<\/span><\/p><\/td><td class=\"Basic-Table CellOverride-2\"><p class=\"Basic-Paragraph ParaOverride-1\">Sa\u00fade mental dos jovens<\/p><\/td><td class=\"Basic-Table CellOverride-2\"><p class=\"Basic-Paragraph ParaOverride-1\">Cl\u00e1udia Lu\u00edsa<\/p><\/td><td class=\"Basic-Table CellOverride-2\"><p class=\"Basic-Paragraph ParaOverride-1\"><span style=\"color: #000000;\">CEAD-UAlg<\/span><\/p><\/td><td class=\"Basic-Table CellOverride-2\"><p class=\"Basic-Paragraph ParaOverride-1\">C\u00e2mara Municipal de Vila Real de Santo Ant\u00f3nio<\/p><\/td><td class=\"Basic-Table CellOverride-2\"><p class=\"Basic-Paragraph ParaOverride-1\"><u style=\"color: #000000; font-family: inherit; font-size: inherit;\"><a href=\"https:\/\/cead.ualg.pt\/site\/wp-content\/uploads\/sites\/4\/2026\/04\/Cartaz_A\u0300-conversa-com-Cla\u0301udia-Lui\u0301sa_27-de-marc\u0327o.jpg\" target=\"_blank\" rel=\"noopener\">Cartaz<\/a><\/u><\/p><\/td><\/tr><tr class=\"Basic-Table _idGenTableRowColumn-7\"><td class=\"Basic-Table CellOverride-2\"><p class=\"Basic-Paragraph ParaOverride-1\"><span style=\"color: #000000;\">27 de fevereiro 2026<\/span><\/p><\/td><td class=\"Basic-Table CellOverride-2\"><p class=\"Basic-Paragraph ParaOverride-1\">Sa\u00fade mental dos jovens<\/p><\/td><td class=\"Basic-Table CellOverride-2\"><p class=\"Basic-Paragraph ParaOverride-1\">Cl\u00e1udia Lu\u00edsa<\/p><\/td><td class=\"Basic-Table CellOverride-2\"><p class=\"Basic-Paragraph ParaOverride-1\"><span style=\"color: #000000;\">CEAD-UAlg<\/span><\/p><\/td><td class=\"Basic-Table CellOverride-2\"><p class=\"Basic-Paragraph ParaOverride-1\">C\u00e2mara Municipal de Vila Real de Santo Ant\u00f3nio<\/p><\/td><td class=\"Basic-Table CellOverride-2\"><p class=\"Basic-Paragraph ParaOverride-1\"><u style=\"font-family: inherit; font-size: inherit;\"><a href=\"https:\/\/cead.ualg.pt\/site\/wp-content\/uploads\/sites\/4\/2026\/04\/Cartaz_A\u0300-conversa-com-Cla\u0301udia-Lui\u0301sa_27-de-feveiro.jpg\" target=\"_blank\" rel=\"noopener\">Cartaz<\/a><\/u><\/p><\/td><\/tr><tr class=\"Basic-Table _idGenTableRowColumn-7\"><td class=\"Basic-Table CellOverride-2\"><p class=\"Basic-Paragraph ParaOverride-1\"><span style=\"color: #000000;\">28 de janeiro 2026<\/span><\/p><\/td><td class=\"Basic-Table CellOverride-2\"><p class=\"Basic-Paragraph ParaOverride-1\"><span style=\"color: #000000;\">Espiritualidade e qualidade de vida na terceira idade<\/span><\/p><\/td><td class=\"Basic-Table CellOverride-2\"><p class=\"Basic-Paragraph ParaOverride-1\"><span style=\"color: #000000;\">Cl\u00e1udia Lu\u00edsa<\/span><\/p><\/td><td class=\"Basic-Table CellOverride-2\"><p class=\"Basic-Paragraph ParaOverride-1\"><span style=\"color: #000000;\">CEAD-UAlg<\/span><\/p><\/td><td class=\"Basic-Table CellOverride-2\"><p class=\"Basic-Paragraph ParaOverride-1\"><span style=\"color: #000000;\">Junta de Freguesia de Quarteira<\/span><\/p><\/td><td class=\"Basic-Table CellOverride-2\"><p class=\"Basic-Paragraph ParaOverride-1\"><u style=\"color: #000000; font-family: inherit; font-size: inherit;\"><a href=\"https:\/\/cead.ualg.pt\/site\/wp-content\/uploads\/sites\/4\/2026\/04\/Cartaz_A\u0300-Conversa-com.28.01.jpeg\" target=\"_blank\" rel=\"noopener\">Cartaz<\/a><\/u><\/p><\/td><\/tr><\/tbody><\/table><\/div>\t\t\t\t\t\t\t\t<\/div>\n\t\t\t\t<\/div>\n\t\t\t\t\t<\/div>\n\t\t<\/div>\n\t\t\t\t\t<\/div>\n\t\t<\/section>\n\t\t\t\t<\/div>\n\t\t","protected":false},"excerpt":{"rendered":"<p>\u00a0 Data T\u00edtulo Orador Afilia\u00e7\u00e3o Local Mais info 27 de mar\u00e7o 2026 Sa\u00fade mental dos jovens Cl\u00e1udia Lu\u00edsa&#8230;<\/p>\n","protected":false},"author":2,"featured_media":0,"parent":0,"menu_order":0,"comment_status":"closed","ping_status":"closed","template":"","meta":{"_acf_changed":false,"footnotes":""},"class_list":["post-32167","page","type-page","status-publish","hentry"],"acf":[],"_links":{"self":[{"href":"https:\/\/cead.ualg.pt\/site\/wp-json\/wp\/v2\/pages\/32167","targetHints":{"allow":["GET"]}}],"collection":[{"href":"https:\/\/cead.ualg.pt\/site\/wp-json\/wp\/v2\/pages"}],"about":[{"href":"https:\/\/cead.ualg.pt\/site\/wp-json\/wp\/v2\/types\/page"}],"author":[{"embeddable":true,"href":"https:\/\/cead.ualg.pt\/site\/wp-json\/wp\/v2\/users\/2"}],"replies":[{"embeddable":true,"href":"https:\/\/cead.ualg.pt\/site\/wp-json\/wp\/v2\/comments?post=32167"}],"version-history":[{"count":4,"href":"https:\/\/cead.ualg.pt\/site\/wp-json\/wp\/v2\/pages\/32167\/revisions"}],"predecessor-version":[{"id":32171,"href":"https:\/\/cead.ualg.pt\/site\/wp-json\/wp\/v2\/pages\/32167\/revisions\/32171"}],"wp:attachment":[{"href":"https:\/\/cead.ualg.pt\/site\/wp-json\/wp\/v2\/media?parent=32167"}],"curies":[{"name":"wp","href":"https:\/\/api.w.org\/{rel}","templated":true}]}}