{"id":32068,"date":"2026-02-05T17:43:02","date_gmt":"2026-02-05T17:43:02","guid":{"rendered":"https:\/\/cead.ualg.pt\/site\/?page_id=32068"},"modified":"2026-02-05T17:48:22","modified_gmt":"2026-02-05T17:48:22","slug":"projeto-sapien","status":"publish","type":"page","link":"https:\/\/cead.ualg.pt\/site\/projeto-sapien\/","title":{"rendered":"Projeto SAPIEN"},"content":{"rendered":"\t\t<div data-elementor-type=\"wp-page\" data-elementor-id=\"32068\" class=\"elementor elementor-32068\" data-elementor-post-type=\"page\">\n\t\t\t\t\t\t<section class=\"elementor-section elementor-top-section elementor-element elementor-element-02f4cfb elementor-section-content-top elementor-reverse-mobile elementor-section-boxed elementor-section-height-default elementor-section-height-default neuron-fixed-no\" data-id=\"02f4cfb\" data-element_type=\"section\" data-e-type=\"section\">\n\t\t\t\t\t\t<div class=\"elementor-container elementor-column-gap-no\">\n\t\t\t\t\t<div class=\"elementor-column elementor-col-100 elementor-top-column elementor-element elementor-element-d2330de\" data-id=\"d2330de\" data-element_type=\"column\" data-e-type=\"column\">\n\t\t\t<div class=\"elementor-widget-wrap elementor-element-populated\">\n\t\t\t\t\t\t<div class=\"elementor-element elementor-element-54e7f77 elementor-widget elementor-widget-text-editor\" data-id=\"54e7f77\" data-element_type=\"widget\" data-e-type=\"widget\" data-widget_type=\"text-editor.default\">\n\t\t\t\t<div class=\"elementor-widget-container\">\n\t\t\t\t\t\t\t\t\t<p><span style=\"color: #000000;\"><strong><span style=\"color: #800080;\">Acr\u00f3nimo <\/span><\/strong><\/span><span style=\"color: #000000;\">SAPIEN<\/span><br \/><span style=\"color: #000000;\"><strong><span style=\"color: #800080;\">Designa\u00e7\u00e3o do projeto<\/span><\/strong> South and Atlantic Pedagogical Innovation &amp; Excellence Network<\/span><br \/><span style=\"color: #000000;\"><strong><span style=\"color: #800080;\">Refer\u00eancia<\/span> <\/strong>04\/C06-i07\/2023<\/span><\/p><p><span style=\"color: #000000;\"><strong><span style=\"color: #800080;\">Financiador<\/span> <\/strong>PRR \u2013 Impulso Mais Digital \u2013 Centros de Excel\u00eancia em Inova\u00e7\u00e3o Pedag\u00f3gica <\/span><\/p><p><span style=\"color: #000000;\"><strong><span style=\"color: #800080;\">Data de in\u00edcio<\/span><\/strong> 02\/07\/2024<\/span><br \/><span style=\"color: #000000;\"><strong><span style=\"color: #800080;\">Data de conclus\u00e3o<\/span><\/strong> 30\/06\/2026<\/span><br \/><span style=\"color: #000000;\"><span style=\"color: #800080;\"><strong>Financiamento global\u00a0<\/strong><\/span> \u20ac 3 750 000<\/span><\/p><p><span style=\"color: #000000;\"><strong><span style=\"color: #800080;\">Coordena\u00e7\u00e3o<\/span><\/strong> ENSP NOVA (Cons\u00f3rcio Sul e Atl\u00e2ntico)<\/span><\/p><p><span style=\"color: #000000;\"><strong><span style=\"color: #800080;\">Entidades Parceiras<\/span><\/strong> Universidade do Algarve, Universidades Nova de Lisboa, dos A\u00e7ores, de \u00c9vora e da Madeira, os Institutos Polit\u00e9cnicos de Beja, Portalegre e de Set\u00fabal e a Egas Moniz-School of Health &amp; Science<\/span><\/p><p><span style=\"color: #000000;\"><span style=\"color: #800080;\"><strong>S\u00edtio na internet\u00a0<\/strong><\/span> <a href=\"https:\/\/www.ualg.pt\/inovacao-pedagogica\" target=\"_blank\" rel=\"noopener\">https:\/\/www.ualg.pt\/inovacao-pedagogica<\/a><\/span><\/p><p>\u00a0<\/p><p><strong><span style=\"color: #000000;\"><span style=\"color: #800080;\">Resumo<\/span><\/span><\/strong><\/p><p><strong><span style=\"color: #000000;\">O SAPIEN constitui-se como uma estrutura institucional cujo prop\u00f3sito geral \u00e9 apoiar o desenvolvimento sustent\u00e1vel de uma cultura e de uma pr\u00e1tica profissional de compet\u00eancia e inova\u00e7\u00e3o pedag\u00f3gica, promovendo a concretiza\u00e7\u00e3o de pr\u00e1ticas de ensino de qualidade que visem formar estudantes capacitados para lidar com os desafios do presente e do futuro. <br \/>Por inova\u00e7\u00e3o pedag\u00f3gica entendemos o conjunto de pr\u00e1ticas que procuram promover a constru\u00e7\u00e3o do conhecimento e o desenvolvimento de compet\u00eancias, estruturando-se como experi\u00eancias ajustadas aos conte\u00fados, adequadas aos contextos e compat\u00edveis com as caracter\u00edsticas dos docentes e estudantes. Para tal, no SAPIEN definiu-se uma estrat\u00e9gia global assente em tr\u00eas linhas de a\u00e7\u00e3o:<\/span><\/strong><\/p><ol><li style=\"list-style-type: none;\"><ol><li><strong><span style=\"color: #000000;\">Modelo pedag\u00f3gico centrado nos estudantes e nas suas aprendizagens, ajustado \u00e0 coconstru\u00e7\u00e3o do conhecimento e ao desenvolvimento de compet\u00eancias relevantes;<\/span><\/strong><\/li><li><strong><span style=\"color: #000000;\">Desenvolvimento profissional de docentes sobre metodologias de ensino e de avalia\u00e7\u00e3o alinhadas com o modelo pedag\u00f3gico, com recurso a ferramentas digitais;<\/span><\/strong><\/li><li><strong><span style=\"color: #000000;\">Ambientes enriquecidos de aprendizagem, modernos e potentes, com integra\u00e7\u00e3o significativa de recursos tecnol\u00f3gicos e digitais.<\/span><span style=\"color: #000000;\"><br \/><\/span><\/strong><\/li><\/ol><\/li><\/ol>\t\t\t\t\t\t\t\t<\/div>\n\t\t\t\t<\/div>\n\t\t\t\t\t<\/div>\n\t\t<\/div>\n\t\t\t\t\t<\/div>\n\t\t<\/section>\n\t\t\t\t<section class=\"elementor-section elementor-top-section elementor-element elementor-element-9e91fc8 elementor-section-boxed elementor-section-height-default elementor-section-height-default neuron-fixed-no\" data-id=\"9e91fc8\" data-element_type=\"section\" data-e-type=\"section\">\n\t\t\t\t\t\t<div class=\"elementor-container elementor-column-gap-default\">\n\t\t\t\t\t<div class=\"elementor-column elementor-col-100 elementor-top-column elementor-element elementor-element-8770278\" data-id=\"8770278\" data-element_type=\"column\" data-e-type=\"column\">\n\t\t\t<div class=\"elementor-widget-wrap\">\n\t\t\t\t\t\t\t<\/div>\n\t\t<\/div>\n\t\t\t\t\t<\/div>\n\t\t<\/section>\n\t\t\t\t<\/div>\n\t\t","protected":false},"excerpt":{"rendered":"<p>Acr\u00f3nimo SAPIENDesigna\u00e7\u00e3o do projeto South and Atlantic Pedagogical Innovation &amp; Excellence NetworkRefer\u00eancia 04\/C06-i07\/2023 Financiador PRR \u2013 Impulso Mais&#8230;<\/p>\n","protected":false},"author":2,"featured_media":0,"parent":0,"menu_order":0,"comment_status":"closed","ping_status":"closed","template":"","meta":{"_acf_changed":false,"footnotes":""},"class_list":["post-32068","page","type-page","status-publish","hentry"],"acf":[],"_links":{"self":[{"href":"https:\/\/cead.ualg.pt\/site\/wp-json\/wp\/v2\/pages\/32068","targetHints":{"allow":["GET"]}}],"collection":[{"href":"https:\/\/cead.ualg.pt\/site\/wp-json\/wp\/v2\/pages"}],"about":[{"href":"https:\/\/cead.ualg.pt\/site\/wp-json\/wp\/v2\/types\/page"}],"author":[{"embeddable":true,"href":"https:\/\/cead.ualg.pt\/site\/wp-json\/wp\/v2\/users\/2"}],"replies":[{"embeddable":true,"href":"https:\/\/cead.ualg.pt\/site\/wp-json\/wp\/v2\/comments?post=32068"}],"version-history":[{"count":7,"href":"https:\/\/cead.ualg.pt\/site\/wp-json\/wp\/v2\/pages\/32068\/revisions"}],"predecessor-version":[{"id":32075,"href":"https:\/\/cead.ualg.pt\/site\/wp-json\/wp\/v2\/pages\/32068\/revisions\/32075"}],"wp:attachment":[{"href":"https:\/\/cead.ualg.pt\/site\/wp-json\/wp\/v2\/media?parent=32068"}],"curies":[{"name":"wp","href":"https:\/\/api.w.org\/{rel}","templated":true}]}}