{"id":32050,"date":"2026-02-05T12:06:13","date_gmt":"2026-02-05T12:06:13","guid":{"rendered":"https:\/\/cead.ualg.pt\/site\/?page_id=32050"},"modified":"2026-02-05T12:08:49","modified_gmt":"2026-02-05T12:08:49","slug":"projeto-rise","status":"publish","type":"page","link":"https:\/\/cead.ualg.pt\/site\/projeto-rise\/","title":{"rendered":"Projeto RISE"},"content":{"rendered":"\t\t<div data-elementor-type=\"wp-page\" data-elementor-id=\"32050\" class=\"elementor elementor-32050\" data-elementor-post-type=\"page\">\n\t\t\t\t\t\t<section class=\"elementor-section elementor-top-section elementor-element elementor-element-02f4cfb elementor-section-content-top elementor-reverse-mobile elementor-section-boxed elementor-section-height-default elementor-section-height-default neuron-fixed-no\" data-id=\"02f4cfb\" data-element_type=\"section\" data-e-type=\"section\">\n\t\t\t\t\t\t<div class=\"elementor-container elementor-column-gap-no\">\n\t\t\t\t\t<div class=\"elementor-column elementor-col-100 elementor-top-column elementor-element elementor-element-d2330de\" data-id=\"d2330de\" data-element_type=\"column\" data-e-type=\"column\">\n\t\t\t<div class=\"elementor-widget-wrap elementor-element-populated\">\n\t\t\t\t\t\t<div class=\"elementor-element elementor-element-54e7f77 elementor-widget elementor-widget-text-editor\" data-id=\"54e7f77\" data-element_type=\"widget\" data-e-type=\"widget\" data-widget_type=\"text-editor.default\">\n\t\t\t\t<div class=\"elementor-widget-container\">\n\t\t\t\t\t\t\t\t\t<p><span style=\"color: #000000;\"><strong><span style=\"color: #800080;\">Acr\u00f3nimo <\/span><\/strong><\/span><span style=\"color: #000000;\">RISE<\/span><br \/><span style=\"color: #000000;\"><strong><span style=\"color: #800080;\">Designa\u00e7\u00e3o do projeto<\/span><\/strong> Partnership in creating new forms of learning in higher education: Reinforcing and interdisciplinarity through SD modules<\/span><br \/><span style=\"color: #000000;\"><strong><span style=\"color: #800080;\">Refer\u00eancia<\/span> <\/strong>2025-1-SK01-KA220-HED-000354947<strong>\u00a0<\/strong>\u00a0<\/span><br \/><span style=\"color: #000000;\"><strong><span style=\"color: #800080;\">Financiador<\/span><\/strong> Programa Erasmus +<\/span><br \/><span style=\"color: #000000;\"><strong><span style=\"color: #800080;\">Data de in\u00edcio<\/span><\/strong> 01\/10\/2025<\/span><br \/><span style=\"color: #000000;\"><strong><span style=\"color: #800080;\">Data de conclus\u00e3o<\/span><\/strong> 30\/09\/2028<\/span><br \/><span style=\"color: #000000;\"><span style=\"color: #800080;\"><strong>Custo total eleg\u00edvel<\/strong><\/span> \u20ac 250.000<\/span><\/p><p><span style=\"color: #000000;\"><span style=\"color: #800080;\"><strong>Investigador Respons\u00e1vel (IR)<\/strong><\/span> J\u00e1n Zozu\u013eak<\/span><\/p><p><span style=\"color: #000000;\"><span style=\"color: #800080;\"><strong>Investigador Respons\u00e1vel na UAlg<\/strong><\/span> Rosana dur\u00e3o (ESEC),\u00a0Cl\u00e1udia\u00a0Lu\u00edsa &#8211; CEAD e Universidade do Algarve<\/span><br \/><span style=\"color: #000000;\"><span style=\"color: #800080;\"> <strong>Entidade Proponente<\/strong><\/span> UNIVERZITA KONSTANTINA FILOZOFA V (Eslov\u00e1quia)<\/span><br \/><span style=\"color: #000000;\"><strong><span style=\"color: #800080;\">Entidades Parceiras<\/span><\/strong> Universidade do Algarve (Portugal); UNIVERZITA KONSTANTINA FILOZOFA V (Eslov\u00e1quia); ARISTOTELIO PANEPISTIMIO THESSALONIKIS (Gr\u00e9cia); POLITECHNIKA SLASKA (Pol\u00f3nia)<\/span><\/p><p><span style=\"color: #000000;\">\u00a0<\/span><\/p><p><strong><span style=\"color: #000000;\"><span style=\"color: #800080;\">Resumo<\/span><\/span><\/strong><\/p><p><strong><span style=\"color: #000000;\">The RISE project is unique in its content, approaches and partnership. It is based on interdisciplinary theory and practice where interdisciplinary approach gives the possibility to draw knowledge from other fields that are defined by the project partners and elaborated into the project goals and planned outcomes. Supporting blended learning belongs to top prioritiesof Erasmus KA2 call for 2025. The motivation to write the project is the fact that sustainable development (SD) topics including STEM agenda were adopted at various levels and by different sectors in European countries, but they have not been sufficiently adopted and reflected in the higher education (HE) curricula for humanities, social sciences and management. The process of improvement and modernisation of tertiary education is seen as crucial and the main emphasise is put on competencies relevant in the practice including very important tasks connected with digital the development of new forms of teaching learning modules; using new technologies and AI in education. As required by European strategies for Erasmus project priorities RISE project focuses on implementation of principles of sustainable education using digital trends, issues of using AI and tools of modern education. The main aim is to stimulate innovative learning and teaching practice using contend based hybrid and blended learning. Results of project are transferable, reusable, accessible for teachers and students from diverse background through project website and internet platforms.These are reasons why the RISE project should be funded. competencies, using AI and collaboration with local actors. The contemporary state of implementing of SD agenda in the HE of all four participating countries meets with very similar issues and obstacles. Usually technical and sciences faculties of HE are involved in SD and STEM research and education activities, but it is very important to support SD curriculum, engaging of local actors and entrepreneurs in the field of humanities including the digital education agenda and especially AI. Project gives an answer on how the humanities and social sciences can become important for the implementation of quality education, providing HE students and teachers with the required competencies. The reality in practice in all four countries is that HE teachers and students in humanities have limited knowledge of SD agenda and environmental issues.<br \/><\/span><\/strong><\/p>\t\t\t\t\t\t\t\t<\/div>\n\t\t\t\t<\/div>\n\t\t\t\t\t<\/div>\n\t\t<\/div>\n\t\t\t\t\t<\/div>\n\t\t<\/section>\n\t\t\t\t<section class=\"elementor-section elementor-top-section elementor-element elementor-element-9e91fc8 elementor-section-boxed elementor-section-height-default elementor-section-height-default neuron-fixed-no\" data-id=\"9e91fc8\" data-element_type=\"section\" data-e-type=\"section\">\n\t\t\t\t\t\t<div class=\"elementor-container elementor-column-gap-default\">\n\t\t\t\t\t<div class=\"elementor-column elementor-col-100 elementor-top-column elementor-element elementor-element-8770278\" data-id=\"8770278\" data-element_type=\"column\" data-e-type=\"column\">\n\t\t\t<div class=\"elementor-widget-wrap\">\n\t\t\t\t\t\t\t<\/div>\n\t\t<\/div>\n\t\t\t\t\t<\/div>\n\t\t<\/section>\n\t\t\t\t<\/div>\n\t\t","protected":false},"excerpt":{"rendered":"<p>Acr\u00f3nimo RISEDesigna\u00e7\u00e3o do projeto Partnership in creating new forms of learning in higher education: Reinforcing and interdisciplinarity through&#8230;<\/p>\n","protected":false},"author":2,"featured_media":0,"parent":0,"menu_order":0,"comment_status":"closed","ping_status":"closed","template":"","meta":{"_acf_changed":false,"footnotes":""},"class_list":["post-32050","page","type-page","status-publish","hentry"],"acf":[],"_links":{"self":[{"href":"https:\/\/cead.ualg.pt\/site\/wp-json\/wp\/v2\/pages\/32050","targetHints":{"allow":["GET"]}}],"collection":[{"href":"https:\/\/cead.ualg.pt\/site\/wp-json\/wp\/v2\/pages"}],"about":[{"href":"https:\/\/cead.ualg.pt\/site\/wp-json\/wp\/v2\/types\/page"}],"author":[{"embeddable":true,"href":"https:\/\/cead.ualg.pt\/site\/wp-json\/wp\/v2\/users\/2"}],"replies":[{"embeddable":true,"href":"https:\/\/cead.ualg.pt\/site\/wp-json\/wp\/v2\/comments?post=32050"}],"version-history":[{"count":4,"href":"https:\/\/cead.ualg.pt\/site\/wp-json\/wp\/v2\/pages\/32050\/revisions"}],"predecessor-version":[{"id":32054,"href":"https:\/\/cead.ualg.pt\/site\/wp-json\/wp\/v2\/pages\/32050\/revisions\/32054"}],"wp:attachment":[{"href":"https:\/\/cead.ualg.pt\/site\/wp-json\/wp\/v2\/media?parent=32050"}],"curies":[{"name":"wp","href":"https:\/\/api.w.org\/{rel}","templated":true}]}}