{"id":31947,"date":"2026-02-04T13:08:11","date_gmt":"2026-02-04T13:08:11","guid":{"rendered":"https:\/\/cead.ualg.pt\/site\/?page_id=31947"},"modified":"2026-02-05T17:59:24","modified_gmt":"2026-02-05T17:59:24","slug":"projetos-institucionais-em-curso","status":"publish","type":"page","link":"https:\/\/cead.ualg.pt\/site\/projetos-institucionais-em-curso\/","title":{"rendered":"Projetos institucionais em curso"},"content":{"rendered":"\t\t<div data-elementor-type=\"wp-page\" data-elementor-id=\"31947\" class=\"elementor elementor-31947\" data-elementor-post-type=\"page\">\n\t\t\t\t\t\t<section class=\"elementor-section elementor-top-section elementor-element elementor-element-76ed8a8 elementor-section-boxed elementor-section-height-default elementor-section-height-default neuron-fixed-no\" data-id=\"76ed8a8\" data-element_type=\"section\" data-e-type=\"section\">\n\t\t\t\t\t\t<div class=\"elementor-container elementor-column-gap-default\">\n\t\t\t\t\t<div class=\"elementor-column elementor-col-100 elementor-top-column elementor-element elementor-element-b6e6f71\" data-id=\"b6e6f71\" data-element_type=\"column\" data-e-type=\"column\">\n\t\t\t<div class=\"elementor-widget-wrap elementor-element-populated\">\n\t\t\t\t\t\t<div class=\"elementor-element elementor-element-e407ade elementor-widget elementor-widget-text-editor\" data-id=\"e407ade\" data-element_type=\"widget\" data-e-type=\"widget\" data-widget_type=\"text-editor.default\">\n\t\t\t\t<div class=\"elementor-widget-container\">\n\t\t\t\t\t\t\t\t\t<div id=\"_idContainer000\" class=\"_idGenObjectStyleOverride-1\"><strong><span style=\"color: #000000;\">Os investigadores do CEAD est\u00e3o envolvidos nos projetos que se seguem, todos em curso. Clique no acr\u00f3nimo de cada projeto, para conhecer mais detalhes.<\/span><\/strong><\/div><div id=\"_idContainer000\" class=\"_idGenObjectStyleOverride-1\"><strong><span style=\"color: #000000;\">\u00a0<\/span><\/strong><\/div><div class=\"_idGenObjectStyleOverride-1\">\u00a0<\/div><div class=\"_idGenObjectStyleOverride-1\"><table id=\"table001\" class=\"Basic-Table\" width=\"949\"><colgroup> <col class=\"_idGenTableRowColumn-1\" \/> <col class=\"_idGenTableRowColumn-2\" \/> <col class=\"_idGenTableRowColumn-3\" \/> <col class=\"_idGenTableRowColumn-4\" \/> <col class=\"_idGenTableRowColumn-5\" \/> <\/colgroup><tbody><tr class=\"Basic-Table _idGenTableRowColumn-6\"><td class=\"Basic-Table CellOverride-1\" width=\"150\"><p class=\"Basic-Paragraph ParaOverride-1\"><strong>Acr\u00f3nimo<\/strong><\/p><\/td><td class=\"Basic-Table CellOverride-1\" width=\"400\"><p class=\"Basic-Paragraph ParaOverride-1\"><strong>T\u00edtulo<\/strong><\/p><\/td><td class=\"Basic-Table CellOverride-1\" width=\"407\"><p class=\"Basic-Paragraph ParaOverride-1\"><strong>Comiss\u00f5es\/Parcerias<\/strong><\/p><\/td><td class=\"Basic-Table CellOverride-1\" width=\"270\"><p class=\"Basic-Paragraph ParaOverride-1\"><strong>Investigadores CEAD<\/strong><\/p><\/td><td class=\"Basic-Table CellOverride-1\" width=\"168\"><p class=\"Basic-Paragraph ParaOverride-1\"><strong>Situa\u00e7\u00e3o<\/strong><\/p><\/td><\/tr><!-----NOVA LINHA-----><tr class=\"Basic-Table _idGenTableRowColumn-8\"><td class=\"Basic-Table CellOverride-2\"><p class=\"Links\"><a href=\"https:\/\/cead.ualg.pt\/site\/projeto-wecare@ualg\" target=\"_blank\" rel=\"noopener\">WeCARE@UAlg<\/a><\/p><\/td><td class=\"Basic-Table CellOverride-2\"><p class=\"Basic-Paragraph ParaOverride-1\">Programa de Promo\u00e7\u00e3o da Sa\u00fade Mental e Bem Estar -compet\u00eancias de autocuidado e autoajuda e respostas aos estudantes da UAlg<\/p><\/td><td class=\"Basic-Table CellOverride-2\"><p class=\"Basic-Paragraph ParaOverride-1\">Comiss\u00e3o Oorganizadora: Ana de Freitas, Vice-Reitora para a Qualidade, Planeamento e Forma\u00e7\u00e3o; Eduardo Esteves, Pr\u00f3-Reitor para a Inova\u00e7\u00e3o Pedag\u00f3gica e Apoio ao Estudante; Jorge Malveiro, Coordenador dos Servi\u00e7os de Sa\u00fade e Supervisor do Gabinete de Psicologia e Apoio Psicopedag\u00f3gico (GPAP) dos Servi\u00e7os de Sa\u00fade dos Servi\u00e7os de A\u00e7\u00e3o Social da UAlg<\/p><\/td><td class=\"Basic-Table CellOverride-2\"><p class=\"Basic-Paragraph ParaOverride-1\">Cl\u00e1udia Lu\u00edsa<\/p><\/td><td class=\"Basic-Table CellOverride-2\"><p class=\"Basic-Paragraph ParaOverride-1\">Em curso (2024 a 2026)<\/p><\/td><\/tr><!-----NOVA LINHA-----><tr class=\"Basic-Table _idGenTableRowColumn-12\"><td class=\"Basic-Table CellOverride-2\"><p class=\"Links\"><a href=\"https:\/\/cead.ualg.pt\/site\/projeto-sapien\/\" target=\"_blank\" rel=\"noopener\">\u00a0SAPIEN\u00a0<\/a><\/p><\/td><td class=\"Basic-Table CellOverride-2\"><p class=\"Basic-Paragraph ParaOverride-1\">South and Atlantic Pedagogical Innovation &amp; Excellence Network<\/p><\/td><td class=\"Basic-Table CellOverride-2\"><p class=\"Basic-Paragraph ParaOverride-1\">Entidades Parceiras: Universidade do Algarve, Universidades Nova de Lisboa, dos A\u00e7ores, de \u00c9vora e da Madeira, os Institutos Polit\u00e9cnicos de Beja, Portalegre e de Set\u00fabal e a Egas Moniz-School of Health &amp; Science<\/p><\/td><td class=\"Basic-Table CellOverride-2\"><p class=\"Basic-Paragraph ParaOverride-1\">Sandra Valadas<\/p><\/td><td class=\"Basic-Table CellOverride-2\"><p class=\"Basic-Paragraph ParaOverride-1\">Em curso (2024 a 2026)<\/p><\/td><\/tr><!-----NOVA LINHA-----><tr class=\"Basic-Table _idGenTableRowColumn-12\"><td class=\"Basic-Table CellOverride-2\"><p class=\"Links\"><a href=\"https:\/\/cead.ualg.pt\/site\/projeto-soualg2-0\" target=\"_blank\" rel=\"noopener\">\u00a0SoUAlg2.0<\/a><\/p><\/td><td class=\"Basic-Table CellOverride-2\"><p class=\"Basic-Paragraph ParaOverride-1\">South and Atlantic Pedagogical Innovation &amp; Excellence Network<\/p><\/td><td class=\"Basic-Table CellOverride-2\"><p class=\"Basic-Paragraph ParaOverride-1\">Entidades Parceiras: Universidade do Algarve, Universidades Nova de Lisboa, dos A\u00e7ores, de \u00c9vora e da Madeira, os Institutos Polit\u00e9cnicos de Beja, Portalegre e de Set\u00fabal e a Egas Moniz-School of Health &amp; Science<\/p><\/td><td class=\"Basic-Table CellOverride-2\"><p class=\"Basic-Paragraph ParaOverride-1\">Sandra Valadas<\/p><\/td><td class=\"Basic-Table CellOverride-2\"><p class=\"Basic-Paragraph ParaOverride-1\">Em curso (2024 a 2026)<\/p><\/td><\/tr><\/tbody><\/table><\/div>\t\t\t\t\t\t\t\t<\/div>\n\t\t\t\t<\/div>\n\t\t\t\t\t<\/div>\n\t\t<\/div>\n\t\t\t\t\t<\/div>\n\t\t<\/section>\n\t\t\t\t<\/div>\n\t\t","protected":false},"excerpt":{"rendered":"<p>Os investigadores do CEAD est\u00e3o envolvidos nos projetos que se seguem, todos em curso. Clique no acr\u00f3nimo de&#8230;<\/p>\n","protected":false},"author":2,"featured_media":0,"parent":0,"menu_order":0,"comment_status":"closed","ping_status":"closed","template":"","meta":{"_acf_changed":false,"footnotes":""},"class_list":["post-31947","page","type-page","status-publish","hentry"],"acf":[],"_links":{"self":[{"href":"https:\/\/cead.ualg.pt\/site\/wp-json\/wp\/v2\/pages\/31947","targetHints":{"allow":["GET"]}}],"collection":[{"href":"https:\/\/cead.ualg.pt\/site\/wp-json\/wp\/v2\/pages"}],"about":[{"href":"https:\/\/cead.ualg.pt\/site\/wp-json\/wp\/v2\/types\/page"}],"author":[{"embeddable":true,"href":"https:\/\/cead.ualg.pt\/site\/wp-json\/wp\/v2\/users\/2"}],"replies":[{"embeddable":true,"href":"https:\/\/cead.ualg.pt\/site\/wp-json\/wp\/v2\/comments?post=31947"}],"version-history":[{"count":39,"href":"https:\/\/cead.ualg.pt\/site\/wp-json\/wp\/v2\/pages\/31947\/revisions"}],"predecessor-version":[{"id":32093,"href":"https:\/\/cead.ualg.pt\/site\/wp-json\/wp\/v2\/pages\/31947\/revisions\/32093"}],"wp:attachment":[{"href":"https:\/\/cead.ualg.pt\/site\/wp-json\/wp\/v2\/media?parent=31947"}],"curies":[{"name":"wp","href":"https:\/\/api.w.org\/{rel}","templated":true}]}}