{"id":31618,"date":"2024-08-27T11:10:09","date_gmt":"2024-08-27T11:10:09","guid":{"rendered":"https:\/\/cead.ualg.pt\/site\/?page_id=31618"},"modified":"2026-02-05T10:40:30","modified_gmt":"2026-02-05T10:40:30","slug":"conversas-sem-rede","status":"publish","type":"page","link":"https:\/\/cead.ualg.pt\/site\/conversas-sem-rede\/","title":{"rendered":"Conversas sem rede"},"content":{"rendered":"\t\t<div data-elementor-type=\"wp-page\" data-elementor-id=\"31618\" class=\"elementor elementor-31618\" data-elementor-post-type=\"page\">\n\t\t\t\t\t\t<section class=\"elementor-section elementor-top-section elementor-element elementor-element-76ed8a8 elementor-section-boxed elementor-section-height-default elementor-section-height-default neuron-fixed-no\" data-id=\"76ed8a8\" data-element_type=\"section\" data-e-type=\"section\">\n\t\t\t\t\t\t<div class=\"elementor-container elementor-column-gap-default\">\n\t\t\t\t\t<div class=\"elementor-column elementor-col-100 elementor-top-column elementor-element elementor-element-b6e6f71\" data-id=\"b6e6f71\" data-element_type=\"column\" data-e-type=\"column\">\n\t\t\t<div class=\"elementor-widget-wrap elementor-element-populated\">\n\t\t\t\t\t\t<div class=\"elementor-element elementor-element-e407ade elementor-widget elementor-widget-text-editor\" data-id=\"e407ade\" data-element_type=\"widget\" data-e-type=\"widget\" data-widget_type=\"text-editor.default\">\n\t\t\t\t<div class=\"elementor-widget-container\">\n\t\t\t\t\t\t\t\t\t<div class=\"_idGenObjectStyleOverride-1\">\u00a0<\/div><div class=\"_idGenObjectStyleOverride-1\"><table id=\"table001\" class=\"Basic-Table\" width=\"949\"><colgroup> <col class=\"_idGenTableRowColumn-1\" \/> <col class=\"_idGenTableRowColumn-2\" \/> <col class=\"_idGenTableRowColumn-3\" \/> <col class=\"_idGenTableRowColumn-4\" \/> <col class=\"_idGenTableRowColumn-5\" \/> <\/colgroup><tbody><!-- Cabe\u00e7alho --><tr class=\"Basic-Table _idGenTableRowColumn-6\"><td class=\"Basic-Table CellOverride-1\" width=\"116\"><p class=\"Basic-Paragraph ParaOverride-1\"><span style=\"color: #ffffff;\"><strong>Data<\/strong><\/span><\/p><\/td><td class=\"Basic-Table CellOverride-1\" width=\"300\"><p class=\"Basic-Paragraph ParaOverride-1\"><span style=\"color: #ffffff;\"><strong>T\u00edtulo da Conversa<\/strong><\/span><\/p><\/td><td class=\"Basic-Table CellOverride-1\" width=\"200\"><p class=\"Basic-Paragraph ParaOverride-1\"><span style=\"color: #ffffff;\"><strong>Orador<\/strong><\/span><\/p><\/td><td class=\"Basic-Table CellOverride-1\" width=\"300\"><p class=\"Basic-Paragraph ParaOverride-1\"><span style=\"color: #ffffff;\"><strong>Afilia\u00e7\u00e3o<\/strong><\/span><\/p><\/td><td class=\"Basic-Table CellOverride-1\" width=\"87\"><p class=\"Basic-Paragraph ParaOverride-1\"><span style=\"color: #ffffff;\"><strong>Mais info<\/strong><\/span><\/p><\/td><\/tr><!-- 17 setembro 2025 --><tr class=\"Basic-Table _idGenTableRowColumn-7\"><td class=\"Basic-Table CellOverride-2\"><p class=\"Basic-Paragraph ParaOverride-1\"><span style=\"color: #000000;\">17 setembro 2025, 17h30<\/span><\/p><\/td><td class=\"Basic-Table CellOverride-2\"><p class=\"Basic-Paragraph ParaOverride-1\"><span style=\"color: #000000;\">\u00c0 Conversa com Ol\u00edvia Santos Silva<\/span><\/p><\/td><td class=\"Basic-Table CellOverride-2\"><p class=\"Basic-Paragraph ParaOverride-1\"><span style=\"color: #000000;\">Ol\u00edvia Santos Silva<\/span><\/p><\/td><td class=\"Basic-Table CellOverride-2\"><p class=\"Basic-Paragraph ParaOverride-1\"><span style=\"color: #000000;\">Instituto Polit\u00e9cnico do Porto<\/span><\/p><\/td><td class=\"Basic-Table CellOverride-2\"><u><a href=\"https:\/\/cead.ualg.pt\/site\/wp-content\/uploads\/sites\/4\/2026\/02\/Sem_rede_Olivia_Santos_Silva.jpg\" target=\"_blank\" rel=\"noopener\">Cartaz<\/a><\/u><\/td><\/tr><!-- 02 julho 2025 --><tr class=\"Basic-Table _idGenTableRowColumn-7\"><td class=\"Basic-Table CellOverride-2\"><p class=\"Basic-Paragraph ParaOverride-1\"><span style=\"color: #000000;\">02 julho 2025, 17h30<\/span><\/p><\/td><td class=\"Basic-Table CellOverride-2\"><p class=\"Basic-Paragraph ParaOverride-1\"><span style=\"color: #000000;\">\u00c0 Conversa com Lu\u00eds Rothes<\/span><\/p><\/td><td class=\"Basic-Table CellOverride-2\"><p class=\"Basic-Paragraph ParaOverride-1\"><span style=\"color: #000000;\">Lu\u00eds Rothes<\/span><\/p><\/td><td class=\"Basic-Table CellOverride-2\"><p class=\"Basic-Paragraph ParaOverride-1\"><span style=\"color: #000000;\">Instituto Polit\u00e9cnico do Porto<\/span><\/p><\/td><td class=\"Basic-Table CellOverride-2\"><u><a href=\"https:\/\/cead.ualg.pt\/site\/wp-content\/uploads\/sites\/4\/2026\/02\/Sem_rede_LuisRothes.jpg\" target=\"_blank\" rel=\"noopener\">Cartaz<\/a><\/u><\/td><\/tr><!-- 23 abril 2025 --><tr class=\"Basic-Table _idGenTableRowColumn-7\"><td class=\"Basic-Table CellOverride-2\"><p class=\"Basic-Paragraph ParaOverride-1\"><span style=\"color: #000000;\">23 abril 2025, 17h30<\/span><\/p><\/td><td class=\"Basic-Table CellOverride-2\"><p class=\"Basic-Paragraph ParaOverride-1\"><span style=\"color: #000000;\">\u00c0 Conversa com Luc\u00edlia Salgado<\/span><\/p><\/td><td class=\"Basic-Table CellOverride-2\"><p class=\"Basic-Paragraph ParaOverride-1\"><span style=\"color: #000000;\">Luc\u00edlia Salgado<\/span><\/p><\/td><td class=\"Basic-Table CellOverride-2\"><p class=\"Basic-Paragraph ParaOverride-1\"><span style=\"color: #000000;\">Instituto Polit\u00e9cnico de Coimbra<\/span><\/p><\/td><td class=\"Basic-Table CellOverride-2\"><u><a href=\"https:\/\/cead.ualg.pt\/site\/wp-content\/uploads\/sites\/4\/2026\/02\/Sem_rede_Lucilia_Salgado.jpg\" target=\"_blank\" rel=\"noopener\">Cartaz<\/a><\/u><\/td><\/tr><!-- 29 novembro 2023 --><tr class=\"Basic-Table _idGenTableRowColumn-7\"><td class=\"Basic-Table CellOverride-2\"><p class=\"Basic-Paragraph ParaOverride-1\"><span style=\"color: #000000;\">29 novembro 2023, 16h30<\/span><\/p><\/td><td class=\"Basic-Table CellOverride-2\"><p class=\"Basic-Paragraph ParaOverride-1\"><span style=\"color: #000000;\">\u00c0 Conversa com Lu\u00edza Cortes\u00e3o<\/span><\/p><\/td><td class=\"Basic-Table CellOverride-2\"><p class=\"Basic-Paragraph ParaOverride-1\"><span style=\"color: #000000;\">Lu\u00edza Cortes\u00e3o<\/span><\/p><\/td><td class=\"Basic-Table CellOverride-2\"><p class=\"Basic-Paragraph ParaOverride-1\"><span style=\"color: #000000;\">Universidade do Porto<\/span><\/p><p class=\"Basic-Paragraph ParaOverride-1\">e Instituto Paulo Freire de Portugal<\/p><\/td><td class=\"Basic-Table CellOverride-2\"><u><a href=\"https:\/\/cead.ualg.pt\/site\/wp-content\/uploads\/sites\/4\/2024\/08\/Sem_rede_Luiza-1.jpg\" target=\"_blank\" rel=\"noopener\">Cartaz<\/a><\/u><u><\/u><\/td><\/tr><!-- 20 setembro 2023 --><tr class=\"Basic-Table _idGenTableRowColumn-7\"><td class=\"Basic-Table CellOverride-2\"><p class=\"Basic-Paragraph ParaOverride-1\"><span style=\"color: #000000;\">20 setembro 2023, 16h30<\/span><\/p><\/td><td class=\"Basic-Table CellOverride-2\"><p class=\"Basic-Paragraph ParaOverride-1\"><span style=\"color: #000000;\">\u00c0 Conversa com Alberto Melo<\/span><\/p><\/td><td class=\"Basic-Table CellOverride-2\"><p class=\"Basic-Paragraph ParaOverride-1\"><span style=\"color: #000000;\">Alberto Melo<\/span><\/p><\/td><td class=\"Basic-Table CellOverride-2\">\u00a0<\/td><td class=\"Basic-Table CellOverride-2\"><u><a href=\"https:\/\/cead.ualg.pt\/site\/wp-content\/uploads\/sites\/4\/2024\/08\/Sem_rede_AlbertoMelo.jpg\" target=\"_blank\" rel=\"noopener\">Cartaz<\/a><\/u><u><\/u><\/td><\/tr><!-- 24 maio 2023 --><tr class=\"Basic-Table _idGenTableRowColumn-7\"><td class=\"Basic-Table CellOverride-2\"><p class=\"Basic-Paragraph ParaOverride-1\"><span style=\"color: #000000;\">24 maio 2023, 17h30<\/span><\/p><\/td><td class=\"Basic-Table CellOverride-2\"><p class=\"Basic-Paragraph ParaOverride-1\"><span style=\"color: #000000;\">\u00c0 Conversa com Lic\u00ednio Lima<\/span><\/p><\/td><td class=\"Basic-Table CellOverride-2\"><p class=\"Basic-Paragraph ParaOverride-1\"><span style=\"color: #000000;\">Lic\u00ednio C. Lima<\/span><\/p><\/td><td class=\"Basic-Table CellOverride-2\"><p class=\"Basic-Paragraph ParaOverride-1\"><span style=\"color: #000000;\">Universidade do Minho<\/span><\/p><\/td><td class=\"Basic-Table CellOverride-2\"><u><a href=\"https:\/\/cead.ualg.pt\/site\/wp-content\/uploads\/sites\/4\/2024\/08\/Sem_rede-Lici\u0301nio-C-Lima-1.jpg\" target=\"_blank\" rel=\"noopener\">Cartaz<\/a><\/u><\/td><\/tr><\/tbody><\/table><\/div>\t\t\t\t\t\t\t\t<\/div>\n\t\t\t\t<\/div>\n\t\t\t\t\t<\/div>\n\t\t<\/div>\n\t\t\t\t\t<\/div>\n\t\t<\/section>\n\t\t\t\t<\/div>\n\t\t","protected":false},"excerpt":{"rendered":"<p>\u00a0 Data T\u00edtulo da Conversa Orador Afilia\u00e7\u00e3o Mais info 17 setembro 2025, 17h30 \u00c0 Conversa com Ol\u00edvia Santos&#8230;<\/p>\n","protected":false},"author":2,"featured_media":0,"parent":0,"menu_order":0,"comment_status":"closed","ping_status":"closed","template":"","meta":{"_acf_changed":false,"footnotes":""},"class_list":["post-31618","page","type-page","status-publish","hentry"],"acf":[],"_links":{"self":[{"href":"https:\/\/cead.ualg.pt\/site\/wp-json\/wp\/v2\/pages\/31618","targetHints":{"allow":["GET"]}}],"collection":[{"href":"https:\/\/cead.ualg.pt\/site\/wp-json\/wp\/v2\/pages"}],"about":[{"href":"https:\/\/cead.ualg.pt\/site\/wp-json\/wp\/v2\/types\/page"}],"author":[{"embeddable":true,"href":"https:\/\/cead.ualg.pt\/site\/wp-json\/wp\/v2\/users\/2"}],"replies":[{"embeddable":true,"href":"https:\/\/cead.ualg.pt\/site\/wp-json\/wp\/v2\/comments?post=31618"}],"version-history":[{"count":23,"href":"https:\/\/cead.ualg.pt\/site\/wp-json\/wp\/v2\/pages\/31618\/revisions"}],"predecessor-version":[{"id":31997,"href":"https:\/\/cead.ualg.pt\/site\/wp-json\/wp\/v2\/pages\/31618\/revisions\/31997"}],"wp:attachment":[{"href":"https:\/\/cead.ualg.pt\/site\/wp-json\/wp\/v2\/media?parent=31618"}],"curies":[{"name":"wp","href":"https:\/\/api.w.org\/{rel}","templated":true}]}}