{"id":31473,"date":"2024-08-26T15:15:13","date_gmt":"2024-08-26T15:15:13","guid":{"rendered":"https:\/\/cead.ualg.pt\/site\/?page_id=31473"},"modified":"2024-08-26T15:20:04","modified_gmt":"2024-08-26T15:20:04","slug":"projeto-esdeus","status":"publish","type":"page","link":"https:\/\/cead.ualg.pt\/site\/projeto-esdeus\/","title":{"rendered":"Projeto ESDEUS"},"content":{"rendered":"\t\t<div data-elementor-type=\"wp-page\" data-elementor-id=\"31473\" class=\"elementor elementor-31473\" data-elementor-post-type=\"page\">\n\t\t\t\t\t\t<section class=\"elementor-section elementor-top-section elementor-element elementor-element-02f4cfb elementor-section-content-top elementor-reverse-mobile elementor-section-boxed elementor-section-height-default elementor-section-height-default neuron-fixed-no\" data-id=\"02f4cfb\" data-element_type=\"section\" data-e-type=\"section\">\n\t\t\t\t\t\t<div class=\"elementor-container elementor-column-gap-no\">\n\t\t\t\t\t<div class=\"elementor-column elementor-col-100 elementor-top-column elementor-element elementor-element-d2330de\" data-id=\"d2330de\" data-element_type=\"column\" data-e-type=\"column\">\n\t\t\t<div class=\"elementor-widget-wrap elementor-element-populated\">\n\t\t\t\t\t\t<div class=\"elementor-element elementor-element-54e7f77 elementor-widget elementor-widget-text-editor\" data-id=\"54e7f77\" data-element_type=\"widget\" data-e-type=\"widget\" data-widget_type=\"text-editor.default\">\n\t\t\t\t<div class=\"elementor-widget-container\">\n\t\t\t\t\t\t\t\t\t<p><span style=\"color: #000000;\"><strong><span style=\"color: #800080;\">Acr\u00f3nimo <\/span><\/strong><\/span><span style=\"color: #000000;\">ESDEUS<\/span><br \/><span style=\"color: #000000;\"><strong><span style=\"color: #800080;\">Designa\u00e7\u00e3o do projeto<\/span><\/strong> European Universities as Community Leaders of the Education for Sustainable Development<\/span><br \/><span style=\"color: #000000;\"><strong><span style=\"color: #800080;\">Refer\u00eancia<\/span> <\/strong>2023-1-PL01-KA220-HED-000156638<\/span><br \/><span style=\"color: #000000;\"><strong><span style=\"color: #800080;\">Financiador<\/span><\/strong> Programa Erasmus +<\/span><br \/><span style=\"color: #000000;\"><strong><span style=\"color: #800080;\">Data de in\u00edcio<\/span><\/strong> 01\/10\/2023<\/span><br \/><span style=\"color: #000000;\"><strong><span style=\"color: #800080;\">Data de conclus\u00e3o<\/span><\/strong> 30\/09\/2025<\/span><br \/><span style=\"color: #000000;\"><span style=\"color: #800080;\"><strong>Custo total eleg\u00edvel<\/strong><\/span> \u20ac 250.000<\/span><\/p>\n<p><span style=\"color: #000000;\"><span style=\"color: #800080;\"><strong>Investigador Respons\u00e1vel (IR)<\/strong><\/span>\u00a0Ewa Kurantowicz<\/span><\/p>\n<p><span style=\"color: #000000;\"><span style=\"color: #800080;\"><strong>Investigador Respons\u00e1vel na UAlg<\/strong><\/span> Ant\u00f3nio Fragoso, CEAD e FCHS, Universidade do Algarve<\/span><br \/><span style=\"color: #000000;\"><span style=\"color: #800080;\"> <strong>Entidade Proponente<\/strong><\/span> University of Lower Silesia, Pol\u00f3nia<\/span><br \/><span style=\"color: #000000;\"><strong><span style=\"color: #800080;\">Entidades Parceiras<\/span><\/strong> Universidade do Algarve (Portugal), Goeteborg Universitet (Su\u00e9cia), Universit\u00e1 Degli Studi di Milano-Bicocca (It\u00e1lia).<\/span><\/p>\n<p><span style=\"color: #000000;\">\u00a0<\/span><\/p>\n<p><strong><span style=\"color: #000000;\"><span style=\"color: #800080;\">Resumo<\/span><\/span><\/strong><\/p>\n<p><strong><span style=\"color: #000000;\">The ESDEUS project focuses on the development of Education for Sustainable Development (ESD) at tertiary level (HE) in collaboration with external stakeholders and the local community. The activities and outcomes of the project can contribute to shared values, civic engagement and participation by promoting meaningful dialogue and engagement between stakeholders and the community by providing a platform for open dialogue and resource sharing. ESDEUS will stimulate innovative learning and teaching practices on ESD in higher education. Universities will learn how to overcome barriers in implementing ESD and engage in meaningful practices through the exchange of policies and practices. ESDEUS will provide a platform that enables the use of international and local resources to create interactive learning experiences that build on the knowledge and expertise of the local community. By engaging with external stakeholders and local communities, universities will foster an environment of collaboration, creativity and innovation in higher education, including flexible pathways and digital and hybrid modes of delivery, to further address the goal of widening participation and improving access to ESD.<br \/><\/span><\/strong><\/p>\t\t\t\t\t\t\t\t<\/div>\n\t\t\t\t<\/div>\n\t\t\t\t\t<\/div>\n\t\t<\/div>\n\t\t\t\t\t<\/div>\n\t\t<\/section>\n\t\t\t\t<section class=\"elementor-section elementor-top-section elementor-element elementor-element-9e91fc8 elementor-section-boxed elementor-section-height-default elementor-section-height-default neuron-fixed-no\" data-id=\"9e91fc8\" data-element_type=\"section\" data-e-type=\"section\">\n\t\t\t\t\t\t<div class=\"elementor-container elementor-column-gap-default\">\n\t\t\t\t\t<div class=\"elementor-column elementor-col-100 elementor-top-column elementor-element elementor-element-8770278\" data-id=\"8770278\" data-element_type=\"column\" data-e-type=\"column\">\n\t\t\t<div class=\"elementor-widget-wrap\">\n\t\t\t\t\t\t\t<\/div>\n\t\t<\/div>\n\t\t\t\t\t<\/div>\n\t\t<\/section>\n\t\t\t\t<\/div>\n\t\t","protected":false},"excerpt":{"rendered":"<p>Acr\u00f3nimo ESDEUSDesigna\u00e7\u00e3o do projeto European Universities as Community Leaders of the Education for Sustainable DevelopmentRefer\u00eancia 2023-1-PL01-KA220-HED-000156638Financiador Programa Erasmus&#8230;<\/p>\n","protected":false},"author":2,"featured_media":0,"parent":0,"menu_order":0,"comment_status":"closed","ping_status":"closed","template":"","meta":{"_acf_changed":false,"footnotes":""},"class_list":["post-31473","page","type-page","status-publish","hentry"],"acf":[],"_links":{"self":[{"href":"https:\/\/cead.ualg.pt\/site\/wp-json\/wp\/v2\/pages\/31473","targetHints":{"allow":["GET"]}}],"collection":[{"href":"https:\/\/cead.ualg.pt\/site\/wp-json\/wp\/v2\/pages"}],"about":[{"href":"https:\/\/cead.ualg.pt\/site\/wp-json\/wp\/v2\/types\/page"}],"author":[{"embeddable":true,"href":"https:\/\/cead.ualg.pt\/site\/wp-json\/wp\/v2\/users\/2"}],"replies":[{"embeddable":true,"href":"https:\/\/cead.ualg.pt\/site\/wp-json\/wp\/v2\/comments?post=31473"}],"version-history":[{"count":4,"href":"https:\/\/cead.ualg.pt\/site\/wp-json\/wp\/v2\/pages\/31473\/revisions"}],"predecessor-version":[{"id":31477,"href":"https:\/\/cead.ualg.pt\/site\/wp-json\/wp\/v2\/pages\/31473\/revisions\/31477"}],"wp:attachment":[{"href":"https:\/\/cead.ualg.pt\/site\/wp-json\/wp\/v2\/media?parent=31473"}],"curies":[{"name":"wp","href":"https:\/\/api.w.org\/{rel}","templated":true}]}}