{"id":30522,"date":"2020-11-13T18:45:17","date_gmt":"2020-11-13T18:45:17","guid":{"rendered":"https:\/\/cead.ualg.pt\/site\/?page_id=30522"},"modified":"2020-11-30T20:16:38","modified_gmt":"2020-11-30T20:16:38","slug":"ligacoes-uteis","status":"publish","type":"page","link":"https:\/\/cead.ualg.pt\/site\/ligacoes-uteis\/","title":{"rendered":"Liga\u00e7\u00f5es \u00fateis"},"content":{"rendered":"\t\t<div data-elementor-type=\"wp-page\" data-elementor-id=\"30522\" class=\"elementor elementor-30522\" data-elementor-post-type=\"page\">\n\t\t\t\t\t\t<section class=\"elementor-section elementor-top-section elementor-element elementor-element-02f4cfb elementor-section-content-top elementor-reverse-mobile elementor-section-boxed elementor-section-height-default elementor-section-height-default neuron-fixed-no\" data-id=\"02f4cfb\" data-element_type=\"section\" data-e-type=\"section\">\n\t\t\t\t\t\t<div class=\"elementor-container elementor-column-gap-no\">\n\t\t\t\t\t<div class=\"elementor-column elementor-col-100 elementor-top-column elementor-element elementor-element-d2330de\" data-id=\"d2330de\" data-element_type=\"column\" data-e-type=\"column\">\n\t\t\t<div class=\"elementor-widget-wrap elementor-element-populated\">\n\t\t\t\t\t\t<div class=\"elementor-element elementor-element-54e7f77 elementor-widget elementor-widget-text-editor\" data-id=\"54e7f77\" data-element_type=\"widget\" data-e-type=\"widget\" data-widget_type=\"text-editor.default\">\n\t\t\t\t<div class=\"elementor-widget-container\">\n\t\t\t\t\t\t\t\t\t<h5>Revistas de Educa\u00e7\u00e3o de Adultos<\/h5><p>\u00a0<\/p><p><a href=\"https:\/\/www.rela.ep.liu.se\/index.asp\" target=\"_blank\" rel=\"noopener\">European Journal for Research on the Education and Learning of Adults (RELA)<\/a><\/p><p><a href=\"http:\/\/www.education-permanente.fr\/\" target=\"_blank\" rel=\"noopener\">Education PermanentE<\/a><\/p><p><a href=\"https:\/\/journals.sagepub.com\/home\/aeq\" target=\"_blank\" rel=\"noopener\">Adult Education Quarterly<\/a><\/p><p><a href=\"https:\/\/www.crefal.org\/rieda\/\" target=\"_blank\" rel=\"noopener\">Revista Interamericana de Educaci\u00f3n de Adultos<\/a><\/p><p><a href=\"http:\/\/savoirs.parisnanterre.fr\/\" target=\"_blank\" rel=\"noopener\">Savoirs<\/a><\/p><p><a href=\"https:\/\/www.ajal.net.au\/\" target=\"_blank\" rel=\"noopener\">Australian Journal of Adult Learning<\/a><\/p><p><a href=\"https:\/\/www.tandfonline.com\/toc\/tled20\/current\" target=\"_blank\" rel=\"noopener\">International Journal od Lifelong Education<\/a><\/p><p><a href=\"http:\/\/www.rizoma-freireano.org\/\" target=\"_blank\" rel=\"noopener\">Rizoma Freiriano<\/a><\/p><p><a href=\"https:\/\/cjsae.library.dal.ca\/index.php\/cjsae\" target=\"_blank\" rel=\"noopener\">The Canadian Journal for the Study of Adult Education<\/a><\/p><p><a href=\"https:\/\/journals.sagepub.com\/home\/adu\" target=\"_blank\" rel=\"noopener\">Journal of Adult and Continuing Education<\/a><\/p><p><a href=\"https:\/\/www.tandfonline.com\/toc\/rsia20\/current\" target=\"_blank\" rel=\"noopener\">Studies on the Education of Adults<\/a><\/p><p><a href=\"https:\/\/exaequo.apem-estudos.org\/\" target=\"_blank\" rel=\"noopener\">ex aequo<\/a><\/p><p><span style=\"color: #000000;\">\u00a0<\/span><\/p><h5>Revistas de Pedagogia-Educa\u00e7\u00e3o Social \/ Interven\u00e7\u00e3o Comunit\u00e1ria<\/h5><p><a href=\"https:\/\/recyt.fecyt.es\/index.php\/PSRI\/issue\/archive\" target=\"_blank\" rel=\"noopener\">Pedagog\u00eda Social. Revista Interuniversitaria<\/a><\/p><p><a href=\"https:\/\/www.uclpress.co.uk\/pages\/international-journal-of-social-pedagogy\" target=\"_blank\" rel=\"noopener\">International Journal of Social Pedagogy<\/a><\/p><p><span style=\"color: #000000;\">\u00a0<\/span><\/p><h5><span style=\"color: #000000;\">Estat\u00edsticas \/ Recursos Online<\/span><\/h5><p><a href=\"https:\/\/www.pordata.pt\/\" target=\"_blank\" rel=\"noopener\">PORDATA<\/a><\/p><p><a href=\"https:\/\/ec.europa.eu\/eurostat\" target=\"_blank\" rel=\"noopener\">EUROSTAT<\/a><\/p><p><a href=\"http:\/\/uis.unesco.org\/\" target=\"_blank\" rel=\"noopener\">UNESCO Institute of Statistics<\/a><\/p><p><a href=\"https:\/\/www.education-inequalities.org\/\" target=\"_blank\" rel=\"noopener\">UNESCO \u2013 World Inequality Database on Education<\/a><\/p><p><a href=\"https:\/\/unesdoc.unesco.org\/home\" target=\"_blank\" rel=\"noopener\">UNESDOC Digital Library<\/a><\/p><p>\u00a0<\/p><h5><span style=\"color: #000000;\">Associa\u00e7\u00f5es Internacionais de Educa\u00e7\u00e3o de Adultos<\/span><\/h5><p><a href=\"http:\/\/www.scutrea.ac.uk\/\" target=\"_blank\" rel=\"noopener\">Standing Conference on University Teaching and Research in the Education of Adults (SCUTREA)<\/a><\/p><p><a href=\"https:\/\/www.casae-aceea.ca\/\" target=\"_blank\" rel=\"noopener\">Canadian Association for the study of adult education. association canadienne pour l&#8217;\u00e9tude de l&#8217;\u00e9ducation des adultes (CASAE\/AC\u00c9\u00c9A)<\/a><\/p><p><a href=\"https:\/\/www.aaace.org\/default.aspx\" target=\"_blank\" rel=\"noopener\">American Association for Adult and Continuing Education (AAACE)<\/a><\/p><p><a href=\"http:\/\/icae.global\/\" target=\"_blank\" rel=\"noopener\">International Council for Adult Education (ICAE)<\/a><\/p><p><a href=\"http:\/\/esrea.org\/\" target=\"_blank\" rel=\"noopener\">European Society for Research on the Education of Adults (ESREA)<\/a><\/p><p><a href=\"https:\/\/epale.ec.europa.eu\/pt\" target=\"_blank\" rel=\"noopener\">Plataforma Eletr\u00f3nica para a Educa\u00e7\u00e3o de Adultos na Europa (EPALE)<\/a><\/p><p><a href=\"https:\/\/www.erasmusmais.pt\/\" target=\"_blank\" rel=\"noopener\">Ag\u00eancia Nacional Erasmus+ Educa\u00e7\u00e3o e Forma\u00e7\u00e3o (PROALV)<\/a><\/p><p><a href=\"https:\/\/www.socialpedagogy.org\/\" target=\"_blank\" rel=\"noopener\">Social Pedagogy Association (SPA)<\/a><\/p><p>\u00a0<\/p>\t\t\t\t\t\t\t\t<\/div>\n\t\t\t\t<\/div>\n\t\t\t\t\t<\/div>\n\t\t<\/div>\n\t\t\t\t\t<\/div>\n\t\t<\/section>\n\t\t\t\t<\/div>\n\t\t","protected":false},"excerpt":{"rendered":"<p>Revistas de Educa\u00e7\u00e3o de Adultos \u00a0 European Journal for Research on the Education and Learning of Adults (RELA)&#8230;<\/p>\n","protected":false},"author":2,"featured_media":0,"parent":0,"menu_order":0,"comment_status":"closed","ping_status":"closed","template":"","meta":{"_acf_changed":false,"footnotes":""},"class_list":["post-30522","page","type-page","status-publish","hentry"],"acf":[],"_links":{"self":[{"href":"https:\/\/cead.ualg.pt\/site\/wp-json\/wp\/v2\/pages\/30522","targetHints":{"allow":["GET"]}}],"collection":[{"href":"https:\/\/cead.ualg.pt\/site\/wp-json\/wp\/v2\/pages"}],"about":[{"href":"https:\/\/cead.ualg.pt\/site\/wp-json\/wp\/v2\/types\/page"}],"author":[{"embeddable":true,"href":"https:\/\/cead.ualg.pt\/site\/wp-json\/wp\/v2\/users\/2"}],"replies":[{"embeddable":true,"href":"https:\/\/cead.ualg.pt\/site\/wp-json\/wp\/v2\/comments?post=30522"}],"version-history":[{"count":12,"href":"https:\/\/cead.ualg.pt\/site\/wp-json\/wp\/v2\/pages\/30522\/revisions"}],"predecessor-version":[{"id":30601,"href":"https:\/\/cead.ualg.pt\/site\/wp-json\/wp\/v2\/pages\/30522\/revisions\/30601"}],"wp:attachment":[{"href":"https:\/\/cead.ualg.pt\/site\/wp-json\/wp\/v2\/media?parent=30522"}],"curies":[{"name":"wp","href":"https:\/\/api.w.org\/{rel}","templated":true}]}}