{"id":30045,"date":"2020-08-26T10:53:23","date_gmt":"2020-08-26T10:53:23","guid":{"rendered":"https:\/\/cead.ualg.pt\/site\/?page_id=30045"},"modified":"2020-08-26T10:54:40","modified_gmt":"2020-08-26T10:54:40","slug":"projeto-equality-in-action","status":"publish","type":"page","link":"https:\/\/cead.ualg.pt\/site\/projeto-equality-in-action\/","title":{"rendered":"Projeto Equality in Action"},"content":{"rendered":"\t\t<div data-elementor-type=\"wp-page\" data-elementor-id=\"30045\" class=\"elementor elementor-30045\" data-elementor-post-type=\"page\">\n\t\t\t\t\t\t<section class=\"elementor-section elementor-top-section elementor-element elementor-element-02f4cfb elementor-section-content-top elementor-reverse-mobile elementor-section-boxed elementor-section-height-default elementor-section-height-default neuron-fixed-no\" data-id=\"02f4cfb\" data-element_type=\"section\" data-e-type=\"section\">\n\t\t\t\t\t\t<div class=\"elementor-container elementor-column-gap-no\">\n\t\t\t\t\t<div class=\"elementor-column elementor-col-100 elementor-top-column elementor-element elementor-element-d2330de\" data-id=\"d2330de\" data-element_type=\"column\" data-e-type=\"column\">\n\t\t\t<div class=\"elementor-widget-wrap elementor-element-populated\">\n\t\t\t\t\t\t<div class=\"elementor-element elementor-element-54e7f77 elementor-widget elementor-widget-text-editor\" data-id=\"54e7f77\" data-element_type=\"widget\" data-e-type=\"widget\" data-widget_type=\"text-editor.default\">\n\t\t\t\t<div class=\"elementor-widget-container\">\n\t\t\t\t\t\t\t\t\t<p><span style=\"color: #000000;\"><strong><span style=\"color: #800080;\">Designa\u00e7\u00e3o do projeto<\/span><\/strong> Equality in Action<\/span><br \/><span style=\"color: #000000;\"><span style=\"color: #800080;\"><strong>Refer\u00eancia<\/strong><\/span>\u00a0<\/span><br \/><span style=\"color: #000000;\"><strong><span style=\"color: #800080;\">Financiador<\/span><\/strong> Erasmus +, Comiss\u00e3o Europeia<\/span><br \/><span style=\"color: #000000;\"><span style=\"color: #800080;\"><strong>Data de in\u00edcio<\/strong><\/span>\u00a0<\/span><br \/><span style=\"color: #000000;\"><strong><span style=\"color: #800080;\">Data de conclus\u00e3o<\/span><\/strong>\u00a0<\/span><br \/><span style=\"color: #800080;\"><strong>Custo total eleg\u00edvel <\/strong><span style=\"color: #000000;\">124 974 \u20ac<\/span><\/span><br \/><span style=\"color: #000000;\"><strong><span style=\"color: #800080;\">Investigador Respons\u00e1vel (IR)<\/span><\/strong> Lu\u00eds Gon\u00e7alves<\/span><br \/><span style=\"color: #000000;\"><span style=\"color: #800080;\"><strong>Entidade Proponente<\/strong><\/span> Agrupamento de Escolas de Miranda do Corvo, Coimbra <\/span><br \/><span style=\"color: #000000;\"><strong><span style=\"color: #800080;\">Entidade Parceira<\/span><\/strong> Universidade de Coimbra<\/span><\/p><p><span style=\"color: #000000;\">\u00a0<\/span><\/p><p><strong><span style=\"color: #000000;\"><span style=\"color: #800080;\">Resumo<\/span><\/span><\/strong><\/p><p><strong><span style=\"color: #000000;\">Este projeto pretende abordar as discrimina\u00e7\u00f5es e desigualdades de g\u00e9nero que afetam meninos e meninas, homens e mulheres em v\u00e1rias \u00e1reas da vida e de alguma forma conscientizar docentes e outros agentes educativos em geral, para a import\u00e2ncia de se inclu\u00edrem tem\u00e1ticas de g\u00e9nero e problemas advindos de estere\u00f3tipos e discrimina\u00e7\u00f5es nos curricula. Atrav\u00e9s de atividades diversas que envolvem docentes e discentes, com o apoio de especialistas em igualdade de g\u00e9nero, tentar-se-\u00e1 promover uma mudan\u00e7a positiva nas escolas e nas vidas das pessoas envolvidas.<\/span><\/strong><\/p>\t\t\t\t\t\t\t\t<\/div>\n\t\t\t\t<\/div>\n\t\t\t\t\t<\/div>\n\t\t<\/div>\n\t\t\t\t\t<\/div>\n\t\t<\/section>\n\t\t\t\t<section class=\"elementor-section elementor-top-section elementor-element elementor-element-9e91fc8 elementor-section-boxed elementor-section-height-default elementor-section-height-default neuron-fixed-no\" data-id=\"9e91fc8\" data-element_type=\"section\" data-e-type=\"section\">\n\t\t\t\t\t\t<div class=\"elementor-container elementor-column-gap-default\">\n\t\t\t\t\t<div class=\"elementor-column elementor-col-100 elementor-top-column elementor-element elementor-element-8770278\" data-id=\"8770278\" data-element_type=\"column\" data-e-type=\"column\">\n\t\t\t<div class=\"elementor-widget-wrap\">\n\t\t\t\t\t\t\t<\/div>\n\t\t<\/div>\n\t\t\t\t\t<\/div>\n\t\t<\/section>\n\t\t\t\t<\/div>\n\t\t","protected":false},"excerpt":{"rendered":"<p>Designa\u00e7\u00e3o do projeto Equality in ActionRefer\u00eancia\u00a0Financiador Erasmus +, Comiss\u00e3o EuropeiaData de in\u00edcio\u00a0Data de conclus\u00e3o\u00a0Custo total eleg\u00edvel 124 974&#8230;<\/p>\n","protected":false},"author":2,"featured_media":0,"parent":0,"menu_order":0,"comment_status":"closed","ping_status":"closed","template":"","meta":{"_acf_changed":false,"footnotes":""},"class_list":["post-30045","page","type-page","status-publish","hentry"],"acf":[],"_links":{"self":[{"href":"https:\/\/cead.ualg.pt\/site\/wp-json\/wp\/v2\/pages\/30045","targetHints":{"allow":["GET"]}}],"collection":[{"href":"https:\/\/cead.ualg.pt\/site\/wp-json\/wp\/v2\/pages"}],"about":[{"href":"https:\/\/cead.ualg.pt\/site\/wp-json\/wp\/v2\/types\/page"}],"author":[{"embeddable":true,"href":"https:\/\/cead.ualg.pt\/site\/wp-json\/wp\/v2\/users\/2"}],"replies":[{"embeddable":true,"href":"https:\/\/cead.ualg.pt\/site\/wp-json\/wp\/v2\/comments?post=30045"}],"version-history":[{"count":2,"href":"https:\/\/cead.ualg.pt\/site\/wp-json\/wp\/v2\/pages\/30045\/revisions"}],"predecessor-version":[{"id":30047,"href":"https:\/\/cead.ualg.pt\/site\/wp-json\/wp\/v2\/pages\/30045\/revisions\/30047"}],"wp:attachment":[{"href":"https:\/\/cead.ualg.pt\/site\/wp-json\/wp\/v2\/media?parent=30045"}],"curies":[{"name":"wp","href":"https:\/\/api.w.org\/{rel}","templated":true}]}}