{"id":29699,"date":"2020-08-13T09:46:30","date_gmt":"2020-08-13T09:46:30","guid":{"rendered":"https:\/\/cead.ualg.pt\/site\/?page_id=29699"},"modified":"2021-05-25T15:37:15","modified_gmt":"2021-05-25T15:37:15","slug":"projeto-disp-sem","status":"publish","type":"page","link":"https:\/\/cead.ualg.pt\/site\/projeto-disp-sem\/","title":{"rendered":"Projeto DisP-SEM"},"content":{"rendered":"\t\t<div data-elementor-type=\"wp-page\" data-elementor-id=\"29699\" class=\"elementor elementor-29699\" data-elementor-post-type=\"page\">\n\t\t\t\t\t\t<section class=\"elementor-section elementor-top-section elementor-element elementor-element-02f4cfb elementor-section-content-top elementor-reverse-mobile elementor-section-boxed elementor-section-height-default elementor-section-height-default neuron-fixed-no\" data-id=\"02f4cfb\" data-element_type=\"section\" data-e-type=\"section\">\n\t\t\t\t\t\t<div class=\"elementor-container elementor-column-gap-no\">\n\t\t\t\t\t<div class=\"elementor-column elementor-col-100 elementor-top-column elementor-element elementor-element-d2330de\" data-id=\"d2330de\" data-element_type=\"column\" data-e-type=\"column\">\n\t\t\t<div class=\"elementor-widget-wrap elementor-element-populated\">\n\t\t\t\t\t\t<div class=\"elementor-element elementor-element-54e7f77 elementor-widget elementor-widget-text-editor\" data-id=\"54e7f77\" data-element_type=\"widget\" data-e-type=\"widget\" data-widget_type=\"text-editor.default\">\n\t\t\t\t<div class=\"elementor-widget-container\">\n\t\t\t\t\t\t\t\t\t<p><strong><span style=\"color: #800080;\">Acr\u00f3nimo <\/span><\/strong><span style=\"color: #000000;\">DigP-SEM<br><\/span><strong><span style=\"color: #800080;\">Designa\u00e7\u00e3o do projeto<\/span> <\/strong><span style=\"color: #000000;\">Plataformas Digitais na gest\u00e3o educacional dos agrupamentos de escolas<br><\/span><strong><span style=\"color: #800080;\">Refer\u00eancia<\/span> <\/strong><span style=\"color: #000000;\">PTDC\/CED-EDG\/29069\/2017<br><\/span><span style=\"color: #800080;\"><strong>Financiador<\/strong> <\/span><span style=\"color: #000000;\">Funda\u00e7\u00e3o para a Ci\u00eancia e a Tecnologia (FCT)<br><\/span><strong><span style=\"color: #800080;\">Data de in\u00edcio<\/span><\/strong> <span style=\"color: #000000;\">01-10-2018<br><\/span><strong><span style=\"color: #800080;\">Data de conclus\u00e3o<\/span> <\/strong><font color=\"#000000\">31-07-2022<\/font><br><span style=\"color: #800080;\"><strong>Custo total eleg\u00edvel<\/strong> <\/span><span style=\"color: #000000;\">231 333 \u20ac<br><\/span><strong><span style=\"color: #800080;\">Investigador Respons\u00e1vel (IR)<\/span> <\/strong><span style=\"color: #000000;\">Preciosa Fernandes<br><\/span><span style=\"color: #800080;\"><strong>Co-IR<\/strong> <\/span><span style=\"color: #000000;\">Carlinda Leite<br><\/span><span style=\"color: #800080;\"><strong>Entidade Proponente<\/strong><\/span><span style=\"color: #000000;\">&nbsp;Universidade do Porto (UP)<br><\/span><strong><span style=\"color: #800080;\">Entidades Parceiras<\/span> <\/strong><span style=\"color: #000000;\">Universidade do Algarve (UAlg), Universidade de Coimbra (UC), Universidade de \u00c9vora (UE), Universidade de Tr\u00e1s-os-Montes e Alto Douro (UTAD), Instituto de Educa\u00e7\u00e3o da Universidade de Lisboa (IE\/ULisboa).<\/span><\/p>\n<p><span style=\"color: #000000;\"><br><\/span><strong><span style=\"color: #800080;\">Resumo<\/span> <\/strong><\/p>\n<p><span style=\"color: #000000;\"><strong>O projeto DigP-SEM tem como meta produzir recomenda\u00e7\u00f5es sobre o modo como as Plataformas e Tecnologias Digitais (PTD) podem contribuir para uma gest\u00e3o educacional dos Agrupamentos de escola (AE), com efeitos numa sequencialidade curricular e num Projeto Educativo coletivamente participado, que corporize princ\u00edpios de uma &#8220;cidade educadora&#8221; (Declara\u00e7\u00e3o de Barcelona, 1990) e inclusiva. S\u00e3o objetivos do projeto: 1) Identificar e caracterizar modos e finalidades com que s\u00e3o utilizadas as PTD nos AE; 2) Mapear efeitos das PTD que t\u00eam sido gerados na din\u00e2mica de funcionamento do AE; 3) Produzir e validar um gui\u00e3o de procedimentos para o uso das PTD nos AE.<\/strong> <br><\/span><\/p>\t\t\t\t\t\t\t\t<\/div>\n\t\t\t\t<\/div>\n\t\t\t\t\t<\/div>\n\t\t<\/div>\n\t\t\t\t\t<\/div>\n\t\t<\/section>\n\t\t\t\t<\/div>\n\t\t","protected":false},"excerpt":{"rendered":"<p>Acr\u00f3nimo DigP-SEMDesigna\u00e7\u00e3o do projeto Plataformas Digitais na gest\u00e3o educacional dos agrupamentos de escolasRefer\u00eancia PTDC\/CED-EDG\/29069\/2017Financiador Funda\u00e7\u00e3o para a Ci\u00eancia&#8230;<\/p>\n","protected":false},"author":2,"featured_media":0,"parent":0,"menu_order":0,"comment_status":"closed","ping_status":"closed","template":"","meta":{"_acf_changed":false,"footnotes":""},"class_list":["post-29699","page","type-page","status-publish","hentry"],"acf":[],"_links":{"self":[{"href":"https:\/\/cead.ualg.pt\/site\/wp-json\/wp\/v2\/pages\/29699","targetHints":{"allow":["GET"]}}],"collection":[{"href":"https:\/\/cead.ualg.pt\/site\/wp-json\/wp\/v2\/pages"}],"about":[{"href":"https:\/\/cead.ualg.pt\/site\/wp-json\/wp\/v2\/types\/page"}],"author":[{"embeddable":true,"href":"https:\/\/cead.ualg.pt\/site\/wp-json\/wp\/v2\/users\/2"}],"replies":[{"embeddable":true,"href":"https:\/\/cead.ualg.pt\/site\/wp-json\/wp\/v2\/comments?post=29699"}],"version-history":[{"count":12,"href":"https:\/\/cead.ualg.pt\/site\/wp-json\/wp\/v2\/pages\/29699\/revisions"}],"predecessor-version":[{"id":30840,"href":"https:\/\/cead.ualg.pt\/site\/wp-json\/wp\/v2\/pages\/29699\/revisions\/30840"}],"wp:attachment":[{"href":"https:\/\/cead.ualg.pt\/site\/wp-json\/wp\/v2\/media?parent=29699"}],"curies":[{"name":"wp","href":"https:\/\/api.w.org\/{rel}","templated":true}]}}