{"id":29643,"date":"2020-08-11T15:53:55","date_gmt":"2020-08-11T15:53:55","guid":{"rendered":"https:\/\/cead.ualg.pt\/site\/?page_id=29643"},"modified":"2020-09-18T17:47:04","modified_gmt":"2020-09-18T17:47:04","slug":"contactos","status":"publish","type":"page","link":"https:\/\/cead.ualg.pt\/site\/contactos\/","title":{"rendered":"Contactos"},"content":{"rendered":"\t\t<div data-elementor-type=\"wp-page\" data-elementor-id=\"29643\" class=\"elementor elementor-29643\" data-elementor-post-type=\"page\">\n\t\t\t\t\t\t<section class=\"elementor-section elementor-top-section elementor-element elementor-element-da38bac elementor-section-content-top elementor-reverse-mobile elementor-section-boxed elementor-section-height-default elementor-section-height-default neuron-fixed-no\" data-id=\"da38bac\" data-element_type=\"section\" data-e-type=\"section\">\n\t\t\t\t\t\t<div class=\"elementor-container elementor-column-gap-no\">\n\t\t\t\t\t<div class=\"elementor-column elementor-col-100 elementor-top-column elementor-element elementor-element-608a58b\" data-id=\"608a58b\" data-element_type=\"column\" data-e-type=\"column\">\n\t\t\t<div class=\"elementor-widget-wrap elementor-element-populated\">\n\t\t\t\t\t\t<div class=\"elementor-element elementor-element-dd35899 elementor-widget elementor-widget-text-editor\" data-id=\"dd35899\" data-element_type=\"widget\" data-e-type=\"widget\" data-widget_type=\"text-editor.default\">\n\t\t\t\t<div class=\"elementor-widget-container\">\n\t\t\t\t\t\t\t\t\t<p><span style=\"color: #000000;\"><strong>CEAD \u2013 Centro de Investiga\u00e7\u00e3o em Educa\u00e7\u00e3o de Adultos e Interven\u00e7\u00e3o Comunit\u00e1ria<\/strong><\/span><\/p>\n<p><span style=\"color: #000000;\">Faculdade de Ci\u00eancias Humanas e Sociais<\/span><\/p>\n<p><span style=\"color: #000000;\">Universidade do Algarve<\/span><\/p>\n<p><span style=\"color: #000000;\"><i>Campus<\/i> de Gambelas,&nbsp;<\/span><\/p>\n<p><span style=\"color: #000000;\">Gabinete 2.41<\/span><\/p>\n<p><span style=\"color: #000000;\">8005-139 Faro, Portugal<\/span><\/p>\n<p><span style=\"color: #000000;\">Telf: +351 289 800 900<\/span><\/p>\n<p><a href=\"mailto:cead@ualg.pt\"><span style=\"color: #000000;\">cead@ualg.pt<\/span><\/a><\/p>\t\t\t\t\t\t\t\t<\/div>\n\t\t\t\t<\/div>\n\t\t\t\t\t<\/div>\n\t\t<\/div>\n\t\t\t\t\t<\/div>\n\t\t<\/section>\n\t\t\t\t<\/div>\n\t\t","protected":false},"excerpt":{"rendered":"<p>CEAD ? Centro de Investiga\u00e7\u00e3o em Educa\u00e7\u00e3o de Adultos e Interven\u00e7\u00e3o Comunit\u00e1ria Faculdade de Ci\u00eancias Humanas e Sociais&#8230;<\/p>\n","protected":false},"author":2,"featured_media":0,"parent":0,"menu_order":0,"comment_status":"closed","ping_status":"closed","template":"","meta":{"_acf_changed":false,"footnotes":""},"class_list":["post-29643","page","type-page","status-publish","hentry"],"acf":[],"_links":{"self":[{"href":"https:\/\/cead.ualg.pt\/site\/wp-json\/wp\/v2\/pages\/29643","targetHints":{"allow":["GET"]}}],"collection":[{"href":"https:\/\/cead.ualg.pt\/site\/wp-json\/wp\/v2\/pages"}],"about":[{"href":"https:\/\/cead.ualg.pt\/site\/wp-json\/wp\/v2\/types\/page"}],"author":[{"embeddable":true,"href":"https:\/\/cead.ualg.pt\/site\/wp-json\/wp\/v2\/users\/2"}],"replies":[{"embeddable":true,"href":"https:\/\/cead.ualg.pt\/site\/wp-json\/wp\/v2\/comments?post=29643"}],"version-history":[{"count":5,"href":"https:\/\/cead.ualg.pt\/site\/wp-json\/wp\/v2\/pages\/29643\/revisions"}],"predecessor-version":[{"id":30329,"href":"https:\/\/cead.ualg.pt\/site\/wp-json\/wp\/v2\/pages\/29643\/revisions\/30329"}],"wp:attachment":[{"href":"https:\/\/cead.ualg.pt\/site\/wp-json\/wp\/v2\/media?parent=29643"}],"curies":[{"name":"wp","href":"https:\/\/api.w.org\/{rel}","templated":true}]}}