{"id":29619,"date":"2020-08-11T15:09:12","date_gmt":"2020-08-11T15:09:12","guid":{"rendered":"https:\/\/cead.ualg.pt\/site\/?page_id=29619"},"modified":"2020-08-13T12:15:52","modified_gmt":"2020-08-13T12:15:52","slug":"localizacao","status":"publish","type":"page","link":"https:\/\/cead.ualg.pt\/site\/localizacao\/","title":{"rendered":"Localiza\u00e7\u00e3o"},"content":{"rendered":"\t\t<div data-elementor-type=\"wp-page\" data-elementor-id=\"29619\" class=\"elementor elementor-29619\" data-elementor-post-type=\"page\">\n\t\t\t\t\t\t<section class=\"elementor-section elementor-top-section elementor-element elementor-element-da38bac elementor-section-content-top elementor-reverse-mobile elementor-section-boxed elementor-section-height-default elementor-section-height-default neuron-fixed-no\" data-id=\"da38bac\" data-element_type=\"section\" data-e-type=\"section\">\n\t\t\t\t\t\t<div class=\"elementor-container elementor-column-gap-no\">\n\t\t\t\t\t<div class=\"elementor-column elementor-col-100 elementor-top-column elementor-element elementor-element-608a58b\" data-id=\"608a58b\" data-element_type=\"column\" data-e-type=\"column\">\n\t\t\t<div class=\"elementor-widget-wrap elementor-element-populated\">\n\t\t\t\t\t\t<div class=\"elementor-element elementor-element-dd35899 elementor-widget elementor-widget-text-editor\" data-id=\"dd35899\" data-element_type=\"widget\" data-e-type=\"widget\" data-widget_type=\"text-editor.default\">\n\t\t\t\t<div class=\"elementor-widget-container\">\n\t\t\t\t\t\t\t\t\t<p><span style=\"color: #000000;\">A Universidade do Algarve possui dois <em>campi<\/em> na cidade de Faro \u2013 Campus da Penha e Campus de Gambelas. Conta atualmente com espa\u00e7os amplos, infraestruturas e equipamentos que proporcionam excelentes condi\u00e7\u00f5es de estudo, trabalho, investiga\u00e7\u00e3o e socializa\u00e7\u00e3o, a uma popula\u00e7\u00e3o de cerca de 8 mil estudantes. O CEAD localiza-se na sala 2.41 do edif\u00edcio 1 do Campus de Gambelas.<\/span><\/p>\t\t\t\t\t\t\t\t<\/div>\n\t\t\t\t<\/div>\n\t\t\t\t\t<\/div>\n\t\t<\/div>\n\t\t\t\t\t<\/div>\n\t\t<\/section>\n\t\t\t\t<section class=\"elementor-section elementor-top-section elementor-element elementor-element-a101aa1 elementor-section-content-top elementor-reverse-mobile elementor-section-boxed elementor-section-height-default elementor-section-height-default neuron-fixed-no\" data-id=\"a101aa1\" data-element_type=\"section\" data-e-type=\"section\">\n\t\t\t\t\t\t<div class=\"elementor-container elementor-column-gap-no\">\n\t\t\t\t\t<div class=\"elementor-column elementor-col-50 elementor-top-column elementor-element elementor-element-b06d89b\" data-id=\"b06d89b\" data-element_type=\"column\" data-e-type=\"column\" data-settings=\"{&quot;animation&quot;:&quot;none&quot;}\">\n\t\t\t<div class=\"elementor-widget-wrap elementor-element-populated\">\n\t\t\t\t\t\t<div class=\"elementor-element elementor-element-9444c5f elementor-widget elementor-widget-text-editor\" data-id=\"9444c5f\" data-element_type=\"widget\" data-e-type=\"widget\" data-widget_type=\"text-editor.default\">\n\t\t\t\t<div class=\"elementor-widget-container\">\n\t\t\t\t\t\t\t\t\t<p><strong>Mapa de acesso ao Campus de Gambelas<\/strong><br \/><br \/><\/p>\t\t\t\t\t\t\t\t<\/div>\n\t\t\t\t<\/div>\n\t\t\t\t<div class=\"elementor-element elementor-element-ebd5030 elementor-widget elementor-widget-google_maps\" data-id=\"ebd5030\" data-element_type=\"widget\" data-e-type=\"widget\" data-settings=\"{&quot;_animation&quot;:&quot;none&quot;}\" data-widget_type=\"google_maps.default\">\n\t\t\t\t<div class=\"elementor-widget-container\">\n\t\t\t\t\t\t\t<div class=\"elementor-custom-embed\">\n\t\t\t<iframe loading=\"lazy\"\n\t\t\t\t\tsrc=\"https:\/\/maps.google.com\/maps?q=Campus%20de%20Gambelas%2C%208005%20Gambelas%2C%20Faro%2C%20Portugal&#038;t=m&#038;z=11&#038;output=embed&#038;iwloc=near\"\n\t\t\t\t\ttitle=\"Campus de Gambelas, 8005 Gambelas, Faro, Portugal\"\n\t\t\t\t\taria-label=\"Campus de Gambelas, 8005 Gambelas, Faro, Portugal\"\n\t\t\t><\/iframe>\n\t\t<\/div>\n\t\t\t\t\t\t<\/div>\n\t\t\t\t<\/div>\n\t\t\t\t\t<\/div>\n\t\t<\/div>\n\t\t\t\t<div class=\"elementor-column elementor-col-50 elementor-top-column elementor-element elementor-element-f973b06\" data-id=\"f973b06\" data-element_type=\"column\" data-e-type=\"column\">\n\t\t\t<div class=\"elementor-widget-wrap elementor-element-populated\">\n\t\t\t\t\t\t<div class=\"elementor-element elementor-element-11b0253 elementor-widget elementor-widget-text-editor\" data-id=\"11b0253\" data-element_type=\"widget\" data-e-type=\"widget\" data-widget_type=\"text-editor.default\">\n\t\t\t\t<div class=\"elementor-widget-container\">\n\t\t\t\t\t\t\t\t\t<p><span style=\"color: #808080;\"><strong>Campus de Gambelas<\/strong><\/span><br \/><span style=\"color: #808080;\">Coordenadas GPS: 37\u00b002&#8217;34.9&#8243;N 7\u00b058&#8217;15.6&#8243;W<\/span><\/p>\t\t\t\t\t\t\t\t<\/div>\n\t\t\t\t<\/div>\n\t\t\t\t<div class=\"elementor-element elementor-element-14f747c elementor-widget elementor-widget-image\" data-id=\"14f747c\" data-element_type=\"widget\" data-e-type=\"widget\" data-widget_type=\"image.default\">\n\t\t\t\t<div class=\"elementor-widget-container\">\n\t\t\t\t\t\t\t\t\t\t\t\t\t\t\t<img fetchpriority=\"high\" decoding=\"async\" width=\"1024\" height=\"811\" src=\"https:\/\/cead.ualg.pt\/site\/wp-content\/uploads\/sites\/4\/2020\/08\/mapa_gambelas_CEAD-1024x811.jpg\" class=\"attachment-large size-large wp-image-29640\" alt=\"\" srcset=\"https:\/\/cead.ualg.pt\/site\/wp-content\/uploads\/sites\/4\/2020\/08\/mapa_gambelas_CEAD-1024x811.jpg 1024w, https:\/\/cead.ualg.pt\/site\/wp-content\/uploads\/sites\/4\/2020\/08\/mapa_gambelas_CEAD-300x238.jpg 300w, https:\/\/cead.ualg.pt\/site\/wp-content\/uploads\/sites\/4\/2020\/08\/mapa_gambelas_CEAD-768x608.jpg 768w, https:\/\/cead.ualg.pt\/site\/wp-content\/uploads\/sites\/4\/2020\/08\/mapa_gambelas_CEAD.jpg 1200w\" sizes=\"(max-width: 1024px) 100vw, 1024px\" \/>\t\t\t\t\t\t\t\t\t\t\t\t\t\t\t<\/div>\n\t\t\t\t<\/div>\n\t\t\t\t\t<\/div>\n\t\t<\/div>\n\t\t\t\t\t<\/div>\n\t\t<\/section>\n\t\t\t\t<\/div>\n\t\t","protected":false},"excerpt":{"rendered":"<p>A Universidade do Algarve possui dois campi na cidade de Faro ? Campus da Penha e Campus de&#8230;<\/p>\n","protected":false},"author":2,"featured_media":0,"parent":0,"menu_order":0,"comment_status":"closed","ping_status":"closed","template":"","meta":{"_acf_changed":false,"footnotes":""},"class_list":["post-29619","page","type-page","status-publish","hentry"],"acf":[],"_links":{"self":[{"href":"https:\/\/cead.ualg.pt\/site\/wp-json\/wp\/v2\/pages\/29619","targetHints":{"allow":["GET"]}}],"collection":[{"href":"https:\/\/cead.ualg.pt\/site\/wp-json\/wp\/v2\/pages"}],"about":[{"href":"https:\/\/cead.ualg.pt\/site\/wp-json\/wp\/v2\/types\/page"}],"author":[{"embeddable":true,"href":"https:\/\/cead.ualg.pt\/site\/wp-json\/wp\/v2\/users\/2"}],"replies":[{"embeddable":true,"href":"https:\/\/cead.ualg.pt\/site\/wp-json\/wp\/v2\/comments?post=29619"}],"version-history":[{"count":24,"href":"https:\/\/cead.ualg.pt\/site\/wp-json\/wp\/v2\/pages\/29619\/revisions"}],"predecessor-version":[{"id":29734,"href":"https:\/\/cead.ualg.pt\/site\/wp-json\/wp\/v2\/pages\/29619\/revisions\/29734"}],"wp:attachment":[{"href":"https:\/\/cead.ualg.pt\/site\/wp-json\/wp\/v2\/media?parent=29619"}],"curies":[{"name":"wp","href":"https:\/\/api.w.org\/{rel}","templated":true}]}}