{"id":29593,"date":"2020-08-11T14:34:26","date_gmt":"2020-08-11T14:34:26","guid":{"rendered":"https:\/\/cead.ualg.pt\/site\/?page_id=29593"},"modified":"2020-11-15T21:09:01","modified_gmt":"2020-11-15T21:09:01","slug":"missao-e-valores","status":"publish","type":"page","link":"https:\/\/cead.ualg.pt\/site\/missao-e-valores\/","title":{"rendered":"Miss\u00e3o e valores"},"content":{"rendered":"\t\t<div data-elementor-type=\"wp-page\" data-elementor-id=\"29593\" class=\"elementor elementor-29593\" data-elementor-post-type=\"page\">\n\t\t\t\t\t\t<section class=\"elementor-section elementor-top-section elementor-element elementor-element-02f4cfb elementor-section-content-top elementor-reverse-mobile elementor-section-boxed elementor-section-height-default elementor-section-height-default neuron-fixed-no\" data-id=\"02f4cfb\" data-element_type=\"section\" data-e-type=\"section\">\n\t\t\t\t\t\t<div class=\"elementor-container elementor-column-gap-no\">\n\t\t\t\t\t<div class=\"elementor-column elementor-col-100 elementor-top-column elementor-element elementor-element-d2330de\" data-id=\"d2330de\" data-element_type=\"column\" data-e-type=\"column\">\n\t\t\t<div class=\"elementor-widget-wrap elementor-element-populated\">\n\t\t\t\t\t\t<div class=\"elementor-element elementor-element-54e7f77 elementor-widget elementor-widget-text-editor\" data-id=\"54e7f77\" data-element_type=\"widget\" data-e-type=\"widget\" data-widget_type=\"text-editor.default\">\n\t\t\t\t<div class=\"elementor-widget-container\">\n\t\t\t\t\t\t\t\t\t<p><span style=\"color: #000000;\">O CEAD tem como miss\u00e3o promover e executar atividade de investiga\u00e7\u00e3o em Educa\u00e7\u00e3o de Adultos e Interven\u00e7\u00e3o Comunit\u00e1ria, de forma a construir e disseminar conhecimento cient\u00edfico com utilidade educativa e social, bem como apoiar processos de planeamento e decis\u00e3o abrangidos por tais tem\u00e1ticas.<\/span><\/p><p><span style=\"color: #000000;\">\u00a0<\/span><\/p><p><span style=\"color: #000000;\">Tendo em vista o reduzido volume de investiga\u00e7\u00e3o em Educa\u00e7\u00e3o de Adultos em Portugal, e a falta de sistematiza\u00e7\u00e3o de informa\u00e7\u00e3o dispon\u00edvel, queremos construir um centro flex\u00edvel, aberto a investigadores de todo o territ\u00f3rio nacional, interessados em cooperar em prol desta miss\u00e3o.<br \/><\/span><\/p><p><span style=\"color: #000000;\">\u00a0<\/span><\/p><p><span style=\"color: #000000;\">Os valores que orientam a nossa atividade s\u00e3o os seguintes:<br \/><\/span><\/p><p><span style=\"color: #000000;\">\u00a0<\/span><\/p><p><strong><span style=\"color: #ec008b;\">Liberdade Intelectual: <\/span><span style=\"color: #000000;\">a investiga\u00e7\u00e3o deve ser pautada pela liberdade de pensamento, que abre portas \u00e0 colabora\u00e7\u00e3o, participa\u00e7\u00e3o e criatividade, proporcionando um ambiente prop\u00edcio para a inova\u00e7\u00e3o e mudan\u00e7a social.<\/span><\/strong><\/p><p>\u00a0<\/p><p><strong><span style=\"color: #000000;\"><span style=\"color: #864486;\"><span style=\"color: #ec008b;\">Responsabilidade Social:<\/span> <\/span>como investigadores e int\u00e9rpretes da realidade social e dos problemas que atingem os adultos de todas as idades nas nossas comunidades, queremos contribuir para investigar temas significativos e, consequentemente, contribuir para a resolu\u00e7\u00e3o de problemas societais e para fazer advocacia junto das pol\u00edticas p\u00fablicas.<\/span><\/strong><\/p><p>\u00a0<\/p><p><strong><span style=\"color: #000000;\"><span style=\"color: #ec008b;\">Integridade acad\u00e9mica:<\/span> queremos assumir uma postura de comprometimento \u00e9tico a diferentes n\u00edveis: em primeiro lugar, em rela\u00e7\u00e3o aos procedimentos e metodologias empregues na nossa investiga\u00e7\u00e3o; em segundo lugar, contribuindo para a inicia\u00e7\u00e3o cient\u00edfica de investigadores mais jovens, mas recusando liminarmente quaisquer atitudes de coa\u00e7\u00e3o acad\u00e9mica, em todas as suas formas. Este compromisso estende-se n\u00e3o s\u00f3 \u00e0 rela\u00e7\u00e3o com investigadores mais jovens, mas tamb\u00e9m \u00e0s diferentes formas de comunica\u00e7\u00e3o com colegas das diversas \u00e1reas da comunidade cient\u00edfica. <\/span><\/strong><\/p><p>\u00a0<\/p><p><strong><span style=\"color: #000000;\"><span style=\"color: #ec008b;\">Educar ao Longo da Vida: <\/span>como investigadores em Educa\u00e7\u00e3o de Adultos, acreditamos que a educa\u00e7\u00e3o se faz em todos os espa\u00e7os e momentos. Acreditamos ainda que a educa\u00e7\u00e3o de adultos pode dar uma contribui\u00e7\u00e3o significativa para din\u00e2micas de mudan\u00e7a social e para melhorar a qualidade de vida dos adultos, entendendo-se por adulto qualquer indiv\u00edduo desde o final da adolesc\u00eancia at\u00e9 \u00e0s \u00faltimas etapas da vida.<\/span><\/strong><\/p><p>\u00a0<\/p><p><span style=\"color: #000000;\"><strong><span style=\"color: #ec008b;\">Comunicar: <\/span>as nossas investiga\u00e7\u00f5es devem ser partilhadas com a comunidade cient\u00edfica nacional e internacional, mas tamb\u00e9m com as comunidades que integramos. Nesse sentido, o nosso plano de comunica\u00e7\u00e3o incluir\u00e1 a partilha de resultados em espa\u00e7os comunit\u00e1rios, p\u00fablicos, fora dos contextos acad\u00e9micos, de modo a abranger a maior audi\u00eancia poss\u00edvel.<\/strong><br \/><\/span><\/p>\t\t\t\t\t\t\t\t<\/div>\n\t\t\t\t<\/div>\n\t\t\t\t\t<\/div>\n\t\t<\/div>\n\t\t\t\t\t<\/div>\n\t\t<\/section>\n\t\t\t\t<\/div>\n\t\t","protected":false},"excerpt":{"rendered":"<p>O CEAD tem como miss\u00e3o promover e executar atividade de investiga\u00e7\u00e3o em Educa\u00e7\u00e3o de Adultos e Interven\u00e7\u00e3o Comunit\u00e1ria,&#8230;<\/p>\n","protected":false},"author":2,"featured_media":0,"parent":0,"menu_order":0,"comment_status":"closed","ping_status":"closed","template":"","meta":{"_acf_changed":false,"footnotes":""},"class_list":["post-29593","page","type-page","status-publish","hentry"],"acf":[],"_links":{"self":[{"href":"https:\/\/cead.ualg.pt\/site\/wp-json\/wp\/v2\/pages\/29593","targetHints":{"allow":["GET"]}}],"collection":[{"href":"https:\/\/cead.ualg.pt\/site\/wp-json\/wp\/v2\/pages"}],"about":[{"href":"https:\/\/cead.ualg.pt\/site\/wp-json\/wp\/v2\/types\/page"}],"author":[{"embeddable":true,"href":"https:\/\/cead.ualg.pt\/site\/wp-json\/wp\/v2\/users\/2"}],"replies":[{"embeddable":true,"href":"https:\/\/cead.ualg.pt\/site\/wp-json\/wp\/v2\/comments?post=29593"}],"version-history":[{"count":12,"href":"https:\/\/cead.ualg.pt\/site\/wp-json\/wp\/v2\/pages\/29593\/revisions"}],"predecessor-version":[{"id":30578,"href":"https:\/\/cead.ualg.pt\/site\/wp-json\/wp\/v2\/pages\/29593\/revisions\/30578"}],"wp:attachment":[{"href":"https:\/\/cead.ualg.pt\/site\/wp-json\/wp\/v2\/media?parent=29593"}],"curies":[{"name":"wp","href":"https:\/\/api.w.org\/{rel}","templated":true}]}}