{"id":29297,"date":"2020-07-29T11:31:31","date_gmt":"2020-07-29T11:31:31","guid":{"rendered":"https:\/\/cead.ualg.pt\/site\/?page_id=29297"},"modified":"2026-04-02T09:55:49","modified_gmt":"2026-04-02T09:55:49","slug":"direcao","status":"publish","type":"page","link":"https:\/\/cead.ualg.pt\/site\/direcao\/","title":{"rendered":"Dire\u00e7\u00e3o"},"content":{"rendered":"\t\t<div data-elementor-type=\"wp-page\" data-elementor-id=\"29297\" class=\"elementor elementor-29297\" data-elementor-post-type=\"page\">\n\t\t\t\t\t\t<section class=\"elementor-section elementor-top-section elementor-element elementor-element-8c42250 elementor-section-content-bottom elementor-section-boxed elementor-section-height-default elementor-section-height-default neuron-fixed-no\" data-id=\"8c42250\" data-element_type=\"section\" data-e-type=\"section\">\n\t\t\t\t\t\t<div class=\"elementor-container elementor-column-gap-default\">\n\t\t\t\t\t<div class=\"elementor-column elementor-col-33 elementor-top-column elementor-element elementor-element-a88b3ff\" data-id=\"a88b3ff\" data-element_type=\"column\" data-e-type=\"column\">\n\t\t\t<div class=\"elementor-widget-wrap elementor-element-populated\">\n\t\t\t\t\t\t<div class=\"elementor-element elementor-element-9220dc8 elementor-widget elementor-widget-image\" data-id=\"9220dc8\" data-element_type=\"widget\" data-e-type=\"widget\" data-widget_type=\"image.default\">\n\t\t\t\t<div class=\"elementor-widget-container\">\n\t\t\t\t\t\t\t\t\t\t\t\t\t\t\t<img decoding=\"async\" width=\"150\" height=\"150\" src=\"https:\/\/cead.ualg.pt\/site\/wp-content\/uploads\/sites\/4\/2026\/04\/PB_SandraValadas2026-150x150.jpg\" class=\"attachment-thumbnail size-thumbnail wp-image-32123\" alt=\"\" srcset=\"https:\/\/cead.ualg.pt\/site\/wp-content\/uploads\/sites\/4\/2026\/04\/PB_SandraValadas2026-150x150.jpg 150w, https:\/\/cead.ualg.pt\/site\/wp-content\/uploads\/sites\/4\/2026\/04\/PB_SandraValadas2026-300x300.jpg 300w, https:\/\/cead.ualg.pt\/site\/wp-content\/uploads\/sites\/4\/2026\/04\/PB_SandraValadas2026-12x12.jpg 12w, https:\/\/cead.ualg.pt\/site\/wp-content\/uploads\/sites\/4\/2026\/04\/PB_SandraValadas2026-500x500.jpg 500w, https:\/\/cead.ualg.pt\/site\/wp-content\/uploads\/sites\/4\/2026\/04\/PB_SandraValadas2026.jpg 525w\" sizes=\"(max-width: 150px) 100vw, 150px\" \/>\t\t\t\t\t\t\t\t\t\t\t\t\t\t\t<\/div>\n\t\t\t\t<\/div>\n\t\t\t\t<section class=\"elementor-section elementor-inner-section elementor-element elementor-element-ff2bb58 elementor-section-content-bottom elementor-section-boxed elementor-section-height-default elementor-section-height-default neuron-fixed-no\" data-id=\"ff2bb58\" data-element_type=\"section\" data-e-type=\"section\">\n\t\t\t\t\t\t<div class=\"elementor-container elementor-column-gap-no\">\n\t\t\t\t\t<div class=\"elementor-column elementor-col-100 elementor-inner-column elementor-element elementor-element-affeb58\" data-id=\"affeb58\" data-element_type=\"column\" data-e-type=\"column\">\n\t\t\t<div class=\"elementor-widget-wrap elementor-element-populated\">\n\t\t\t\t\t\t<div class=\"elementor-element elementor-element-053dcca elementor-widget elementor-widget-text-editor\" data-id=\"053dcca\" data-element_type=\"widget\" data-e-type=\"widget\" data-widget_type=\"text-editor.default\">\n\t\t\t\t<div class=\"elementor-widget-container\">\n\t\t\t\t\t\t\t\t\t<p><strong><span style=\"color: #000000;\">Sandra Valadas<\/span><\/strong> <span style=\"color: #000000;\">(Coordenadora)<\/span><\/p><p><span style=\"color: #808080;\">Professora Associada, Faculdade\u00a0de Ci\u00eancias Humanas e Sociais, Universidade do Algarve<\/span><\/p><hr \/><p><a href=\"https:\/\/www.cienciavitae.pt\/portal\/B110-DAAC-D3B9\" target=\"_blank\" rel=\"noopener\">Ci\u00eancia Vitae<\/a><\/p><p><a href=\"https:\/\/orcid.org\/0000-0002-0531-8064\" target=\"_blank\" rel=\"noopener\">ORCID<\/a><\/p><p><a href=\"https:\/\/www.researchgate.net\/profile\/Sandra_Valadas\" target=\"_blank\" rel=\"noopener\">ResearchGate<\/a><\/p><hr \/><p><span style=\"color: #ad3fad;\"><strong><a style=\"color: #ad3fad;\" href=\"mailto:svaladas@ualg.pt\">svaladas@ualg.pt<\/a><\/strong><\/span><\/p>\t\t\t\t\t\t\t\t<\/div>\n\t\t\t\t<\/div>\n\t\t\t\t\t<\/div>\n\t\t<\/div>\n\t\t\t\t\t<\/div>\n\t\t<\/section>\n\t\t\t\t\t<\/div>\n\t\t<\/div>\n\t\t\t\t<div class=\"elementor-column elementor-col-33 elementor-top-column elementor-element elementor-element-b01ffe3\" data-id=\"b01ffe3\" data-element_type=\"column\" data-e-type=\"column\">\n\t\t\t<div class=\"elementor-widget-wrap elementor-element-populated\">\n\t\t\t\t\t\t<div class=\"elementor-element elementor-element-a14d3bd elementor-widget elementor-widget-image\" data-id=\"a14d3bd\" data-element_type=\"widget\" data-e-type=\"widget\" data-widget_type=\"image.default\">\n\t\t\t\t<div class=\"elementor-widget-container\">\n\t\t\t\t\t\t\t\t\t\t\t\t\t\t\t<img decoding=\"async\" width=\"150\" height=\"150\" src=\"https:\/\/cead.ualg.pt\/site\/wp-content\/uploads\/sites\/4\/2020\/08\/PB_CristinaVieira-150x150.jpg\" class=\"attachment-thumbnail size-thumbnail wp-image-29520\" alt=\"\" srcset=\"https:\/\/cead.ualg.pt\/site\/wp-content\/uploads\/sites\/4\/2020\/08\/PB_CristinaVieira-150x150.jpg 150w, https:\/\/cead.ualg.pt\/site\/wp-content\/uploads\/sites\/4\/2020\/08\/PB_CristinaVieira-500x500.jpg 500w\" sizes=\"(max-width: 150px) 100vw, 150px\" \/>\t\t\t\t\t\t\t\t\t\t\t\t\t\t\t<\/div>\n\t\t\t\t<\/div>\n\t\t\t\t<section class=\"elementor-section elementor-inner-section elementor-element elementor-element-1100ed7 elementor-section-content-bottom elementor-section-boxed elementor-section-height-default elementor-section-height-default neuron-fixed-no\" data-id=\"1100ed7\" data-element_type=\"section\" data-e-type=\"section\">\n\t\t\t\t\t\t<div class=\"elementor-container elementor-column-gap-no\">\n\t\t\t\t\t<div class=\"elementor-column elementor-col-100 elementor-inner-column elementor-element elementor-element-d31fc10\" data-id=\"d31fc10\" data-element_type=\"column\" data-e-type=\"column\">\n\t\t\t<div class=\"elementor-widget-wrap elementor-element-populated\">\n\t\t\t\t\t\t<div class=\"elementor-element elementor-element-08beee2 elementor-widget elementor-widget-text-editor\" data-id=\"08beee2\" data-element_type=\"widget\" data-e-type=\"widget\" data-widget_type=\"text-editor.default\">\n\t\t\t\t<div class=\"elementor-widget-container\">\n\t\t\t\t\t\t\t\t\t<p><span style=\"color: #000000;\"><strong>Cristina C. Vieira<\/strong><\/span><\/p><p><span style=\"color: #808080;\">Professora Associada, Faculdade de Psicologia e Ci\u00eancias da Educa\u00e7\u00e3o, Universidade de Coimbra<\/span><\/p><hr \/><p><a href=\"https:\/\/www.cienciavitae.pt\/C415-B0B9-5315\" target=\"_blank\" rel=\"noopener\">Ci\u00eancia Vitae<\/a><\/p><p><a href=\"https:\/\/orcid.org\/0000-0002-9814-1076\" target=\"_blank\" rel=\"noopener\">ORCID<\/a><\/p><p><a href=\"https:\/\/www.researchgate.net\/profile\/Cristina_Vieira5\" target=\"_blank\" rel=\"noopener\">ResearchGate<\/a><\/p><hr \/><p><span style=\"font-weight: normal; color: #ad3fad;\"><a style=\"color: #ad3fad;\" href=\"mailto:vieira@fpce.uc.pt\"><strong>vieira@fpce.uc.pt<\/strong><\/a><\/span><\/p>\t\t\t\t\t\t\t\t<\/div>\n\t\t\t\t<\/div>\n\t\t\t\t\t<\/div>\n\t\t<\/div>\n\t\t\t\t\t<\/div>\n\t\t<\/section>\n\t\t\t\t\t<\/div>\n\t\t<\/div>\n\t\t\t\t<div class=\"elementor-column elementor-col-33 elementor-top-column elementor-element elementor-element-afc3dba\" data-id=\"afc3dba\" data-element_type=\"column\" data-e-type=\"column\">\n\t\t\t<div class=\"elementor-widget-wrap elementor-element-populated\">\n\t\t\t\t\t\t<div class=\"elementor-element elementor-element-08a58f5 elementor-widget elementor-widget-image\" data-id=\"08a58f5\" data-element_type=\"widget\" data-e-type=\"widget\" data-widget_type=\"image.default\">\n\t\t\t\t<div class=\"elementor-widget-container\">\n\t\t\t\t\t\t\t\t\t\t\t\t\t\t\t<img decoding=\"async\" width=\"150\" height=\"150\" src=\"https:\/\/cead.ualg.pt\/site\/wp-content\/uploads\/sites\/4\/2026\/04\/PB_LilianaPaulos2026-150x150.jpg\" class=\"attachment-thumbnail size-thumbnail wp-image-32125\" alt=\"\" srcset=\"https:\/\/cead.ualg.pt\/site\/wp-content\/uploads\/sites\/4\/2026\/04\/PB_LilianaPaulos2026-150x150.jpg 150w, https:\/\/cead.ualg.pt\/site\/wp-content\/uploads\/sites\/4\/2026\/04\/PB_LilianaPaulos2026-300x300.jpg 300w, https:\/\/cead.ualg.pt\/site\/wp-content\/uploads\/sites\/4\/2026\/04\/PB_LilianaPaulos2026-12x12.jpg 12w, https:\/\/cead.ualg.pt\/site\/wp-content\/uploads\/sites\/4\/2026\/04\/PB_LilianaPaulos2026-500x500.jpg 500w, https:\/\/cead.ualg.pt\/site\/wp-content\/uploads\/sites\/4\/2026\/04\/PB_LilianaPaulos2026.jpg 525w\" sizes=\"(max-width: 150px) 100vw, 150px\" \/>\t\t\t\t\t\t\t\t\t\t\t\t\t\t\t<\/div>\n\t\t\t\t<\/div>\n\t\t\t\t<section class=\"elementor-section elementor-inner-section elementor-element elementor-element-1aebe57 elementor-section-content-bottom elementor-section-boxed elementor-section-height-default elementor-section-height-default neuron-fixed-no\" data-id=\"1aebe57\" data-element_type=\"section\" data-e-type=\"section\">\n\t\t\t\t\t\t<div class=\"elementor-container elementor-column-gap-no\">\n\t\t\t\t\t<div class=\"elementor-column elementor-col-100 elementor-inner-column elementor-element elementor-element-a8e9257\" data-id=\"a8e9257\" data-element_type=\"column\" data-e-type=\"column\">\n\t\t\t<div class=\"elementor-widget-wrap elementor-element-populated\">\n\t\t\t\t\t\t<div class=\"elementor-element elementor-element-f4dfd08 elementor-widget elementor-widget-text-editor\" data-id=\"f4dfd08\" data-element_type=\"widget\" data-e-type=\"widget\" data-widget_type=\"text-editor.default\">\n\t\t\t\t<div class=\"elementor-widget-container\">\n\t\t\t\t\t\t\t\t\t<p><span style=\"color: #000000;\"><b>Liliana Paulos<\/b><\/span><\/p><p><span style=\"color: #808080;\">Professora Auxiliar, Faculdade de Ci\u00eancias Humanas e Sociais, Universidade do Algarve<\/span><\/p><hr \/><p><a href=\"https:\/\/www.cienciavitae.pt\/821E-3485-7110\" target=\"_blank\" rel=\"noopener\">Ci\u00eancia Vitae<\/a><\/p><p><a href=\"https:\/\/orcid.org\/0000-0002-9743-9719\" target=\"_blank\" rel=\"noopener\">ORCID<\/a><\/p><hr \/><p><span style=\"color: #ad3fad;\"><a style=\"color: #ad3fad;\" href=\"mailto:lspaulos@ualg.pt\" target=\"_blank\" rel=\"noopener\"><b>lspaulos@ualg.pt<\/b><\/a><\/span><\/p>\t\t\t\t\t\t\t\t<\/div>\n\t\t\t\t<\/div>\n\t\t\t\t\t<\/div>\n\t\t<\/div>\n\t\t\t\t\t<\/div>\n\t\t<\/section>\n\t\t\t\t\t<\/div>\n\t\t<\/div>\n\t\t\t\t\t<\/div>\n\t\t<\/section>\n\t\t\t\t<\/div>\n\t\t","protected":false},"excerpt":{"rendered":"<p>Sandra Valadas (Coordenadora) Professora Associada, Faculdade\u00a0de Ci\u00eancias Humanas e Sociais, Universidade do Algarve Ci\u00eancia Vitae ORCID ResearchGate svaladas@ualg.pt&#8230;<\/p>\n","protected":false},"author":2,"featured_media":0,"parent":0,"menu_order":0,"comment_status":"closed","ping_status":"closed","template":"","meta":{"_acf_changed":false,"footnotes":""},"class_list":["post-29297","page","type-page","status-publish","hentry"],"acf":[],"_links":{"self":[{"href":"https:\/\/cead.ualg.pt\/site\/wp-json\/wp\/v2\/pages\/29297","targetHints":{"allow":["GET"]}}],"collection":[{"href":"https:\/\/cead.ualg.pt\/site\/wp-json\/wp\/v2\/pages"}],"about":[{"href":"https:\/\/cead.ualg.pt\/site\/wp-json\/wp\/v2\/types\/page"}],"author":[{"embeddable":true,"href":"https:\/\/cead.ualg.pt\/site\/wp-json\/wp\/v2\/users\/2"}],"replies":[{"embeddable":true,"href":"https:\/\/cead.ualg.pt\/site\/wp-json\/wp\/v2\/comments?post=29297"}],"version-history":[{"count":93,"href":"https:\/\/cead.ualg.pt\/site\/wp-json\/wp\/v2\/pages\/29297\/revisions"}],"predecessor-version":[{"id":32128,"href":"https:\/\/cead.ualg.pt\/site\/wp-json\/wp\/v2\/pages\/29297\/revisions\/32128"}],"wp:attachment":[{"href":"https:\/\/cead.ualg.pt\/site\/wp-json\/wp\/v2\/media?parent=29297"}],"curies":[{"name":"wp","href":"https:\/\/api.w.org\/{rel}","templated":true}]}}