{"id":32055,"date":"2026-02-05T17:28:18","date_gmt":"2026-02-05T17:28:18","guid":{"rendered":"https:\/\/cead.ualg.pt\/site\/?page_id=32055"},"modified":"2026-02-05T17:32:32","modified_gmt":"2026-02-05T17:32:32","slug":"projeto-wecareualg","status":"publish","type":"page","link":"https:\/\/cead.ualg.pt\/site\/en\/projeto-wecareualg\/","title":{"rendered":"Projeto WeCARE@UAlg"},"content":{"rendered":"<div data-elementor-type=\"wp-page\" data-elementor-id=\"32055\" class=\"elementor elementor-32055\" data-elementor-post-type=\"page\">\n\t\t\t\t\t\t<section class=\"elementor-section elementor-top-section elementor-element elementor-element-02f4cfb elementor-section-content-top elementor-reverse-mobile elementor-section-boxed elementor-section-height-default elementor-section-height-default neuron-fixed-no\" data-id=\"02f4cfb\" data-element_type=\"section\" data-e-type=\"section\">\n\t\t\t\t\t\t<div class=\"elementor-container elementor-column-gap-no\">\n\t\t\t\t\t<div class=\"elementor-column elementor-col-100 elementor-top-column elementor-element elementor-element-d2330de\" data-id=\"d2330de\" data-element_type=\"column\" data-e-type=\"column\">\n\t\t\t<div class=\"elementor-widget-wrap elementor-element-populated\">\n\t\t\t\t\t\t<div class=\"elementor-element elementor-element-54e7f77 elementor-widget elementor-widget-text-editor\" data-id=\"54e7f77\" data-element_type=\"widget\" data-e-type=\"widget\" data-widget_type=\"text-editor.default\">\n\t\t\t\t<div class=\"elementor-widget-container\">\n\t\t\t\t\t\t\t\t\t<p><span style=\"color: #000000;\"><strong><span style=\"color: #800080;\">Acronym <\/span><\/strong><\/span><span style=\"color: #000000;\">WeCARE@UAlg<\/span><br \/><span style=\"color: #000000;\"><strong><span style=\"color: #800080;\">Project title<\/span><\/strong> Programa de Promo\u00e7\u00e3o da Sa\u00fade Mental e Bem Estar -compet\u00eancias de autocuidado e autoajuda e respostas aos estudantes da UAlg<\/span><br \/><span style=\"color: #000000;\"><strong><span style=\"color: #800080;\">Comiss\u00e3o organizadora do Projeto<\/span>\u00a0<\/strong>Ana de Freitas, Vice-Reitora para a Qualidade, Planeamento e Forma\u00e7\u00e3o; Eduardo Esteves, Pr\u00f3-Reitor para a Inova\u00e7\u00e3o Pedag\u00f3gica e Apoio ao Estudante; Jorge Malveiro, Coordenador dos Servi\u00e7os de Sa\u00fade e Supervisor do Gabinete de Psicologia e Apoio Psicopedag\u00f3gico (GPAP) dos Servi\u00e7os de Sa\u00fade dos Servi\u00e7os de A\u00e7\u00e3o Social da UAlg<\/span><\/p><p><span style=\"color: #000000;\"><strong><span style=\"color: #800080;\">Start date<\/span><\/strong> 01\/04\/2024<\/span><br \/><span style=\"color: #000000;\"><strong><span style=\"color: #800080;\">End date<\/span><\/strong> 30\/09\/2026<\/span><br \/><span style=\"color: #000000;\"><span style=\"color: #800080;\"><strong>Financiamento global\u00a0<\/strong><\/span> \u20ac 390 917,26<\/span><\/p><p><span style=\"color: #000000;\"><span style=\"color: #800080;\"><strong>Website\u00a0<\/strong><\/span> <a href=\"https:\/\/www.ualg.pt\/wecareualg\" target=\"_blank\" rel=\"noopener\">https:\/\/www.ualg.pt\/wecareualg<\/a><\/span><\/p><p>\u00a0<\/p><p><strong><span style=\"color: #000000;\"><span style=\"color: #800080;\">Abstract:<\/span><\/span><\/strong><\/p><p><strong><span style=\"color: #000000;\">Institucionalmente, a UAlg pretende, com este projeto, adotar uma abordagem sist\u00e9mica de promo\u00e7\u00e3o de sa\u00fade mental e assumir o compromisso de desenvolver um servi\u00e7o de Sa\u00fade Mental e Bem-Estar que corresponda adequadamente \u00e0s caracter\u00edsticas e necessidades dos nossos estudantes, com um cariz formal, estruturado e organizado, assente em dota\u00e7\u00e3o financeira espec\u00edfica e recursos humanos suficientes e adequados \u00e0 nossa dimens\u00e3o enquanto academia. Este Plano de A\u00e7\u00e3o Anual reflete o desenvolvimento de um protocolo de interven\u00e7\u00e3o rigoroso, transparente do ponto de vista da colabora\u00e7\u00e3o e coopera\u00e7\u00e3o multiprofissional, que evidencia as compet\u00eancias-chave dos profissionais que comp\u00f5em as atividades. Cremos que o trabalho em rede, a partilha de boas pr\u00e1ticas e a forma\u00e7\u00e3o e intervis\u00e3o dos profissionais de sa\u00fade inseridos em servi\u00e7os de qualidade (i.e., adequados \u00e0s caracter\u00edsticas e necessidades da comunidade acad\u00e9mica, reconhecidos institucionalmente, assentes numa estrutura org\u00e2nica devidamente formalizada e organizada nas suas respostas \u00e0 popula\u00e7\u00e3o acad\u00e9mica) na UAlg se assume como uma estrat\u00e9gia basilar para a preven\u00e7\u00e3o de mal-estar geral e na promo\u00e7\u00e3o da sa\u00fade mental e bem-estar dos estudantes. O modelo adotado pela UAlg assenta criteriosamente no modelo Stepped Care e, como tal, todas as atividades est\u00e3o integradas de acordo com a intensidade, n\u00edveis e passos das interven\u00e7\u00f5es estipuladas.<br \/><\/span><\/strong><\/p>\t\t\t\t\t\t\t\t<\/div>\n\t\t\t\t<\/div>\n\t\t\t\t\t<\/div>\n\t\t<\/div>\n\t\t\t\t\t<\/div>\n\t\t<\/section>\n\t\t\t\t<section class=\"elementor-section elementor-top-section elementor-element elementor-element-9e91fc8 elementor-section-boxed elementor-section-height-default elementor-section-height-default neuron-fixed-no\" data-id=\"9e91fc8\" data-element_type=\"section\" data-e-type=\"section\">\n\t\t\t\t\t\t<div class=\"elementor-container elementor-column-gap-default\">\n\t\t\t\t\t<div class=\"elementor-column elementor-col-100 elementor-top-column elementor-element elementor-element-8770278\" data-id=\"8770278\" data-element_type=\"column\" data-e-type=\"column\">\n\t\t\t<div class=\"elementor-widget-wrap\">\n\t\t\t\t\t\t\t<\/div>\n\t\t<\/div>\n\t\t\t\t\t<\/div>\n\t\t<\/section>\n\t\t\t\t<\/div>","protected":false},"excerpt":{"rendered":"<p>Acr\u00f3nimo WeCARE@UAlgDesigna\u00e7\u00e3o do projeto Programa de Promo\u00e7\u00e3o da Sa\u00fade Mental e Bem Estar -compet\u00eancias de autocuidado e autoajuda&#8230;<\/p>","protected":false},"author":2,"featured_media":0,"parent":0,"menu_order":0,"comment_status":"closed","ping_status":"closed","template":"","meta":{"_acf_changed":false,"footnotes":""},"class_list":["post-32055","page","type-page","status-publish","hentry"],"acf":[],"_links":{"self":[{"href":"https:\/\/cead.ualg.pt\/site\/en\/wp-json\/wp\/v2\/pages\/32055","targetHints":{"allow":["GET"]}}],"collection":[{"href":"https:\/\/cead.ualg.pt\/site\/en\/wp-json\/wp\/v2\/pages"}],"about":[{"href":"https:\/\/cead.ualg.pt\/site\/en\/wp-json\/wp\/v2\/types\/page"}],"author":[{"embeddable":true,"href":"https:\/\/cead.ualg.pt\/site\/en\/wp-json\/wp\/v2\/users\/2"}],"replies":[{"embeddable":true,"href":"https:\/\/cead.ualg.pt\/site\/en\/wp-json\/wp\/v2\/comments?post=32055"}],"version-history":[{"count":4,"href":"https:\/\/cead.ualg.pt\/site\/en\/wp-json\/wp\/v2\/pages\/32055\/revisions"}],"predecessor-version":[{"id":32059,"href":"https:\/\/cead.ualg.pt\/site\/en\/wp-json\/wp\/v2\/pages\/32055\/revisions\/32059"}],"wp:attachment":[{"href":"https:\/\/cead.ualg.pt\/site\/en\/wp-json\/wp\/v2\/media?parent=32055"}],"curies":[{"name":"wp","href":"https:\/\/api.w.org\/{rel}","templated":true}]}}