{"id":30673,"date":"2021-01-28T19:59:18","date_gmt":"2021-01-28T19:59:18","guid":{"rendered":"https:\/\/cead.ualg.pt\/site\/?page_id=30673"},"modified":"2026-04-16T15:18:24","modified_gmt":"2026-04-16T15:18:24","slug":"cursos-curtos","status":"publish","type":"page","link":"https:\/\/cead.ualg.pt\/site\/en\/cursos-curtos\/","title":{"rendered":"Short courses"},"content":{"rendered":"<div data-elementor-type=\"wp-page\" data-elementor-id=\"30673\" class=\"elementor elementor-30673\" data-elementor-post-type=\"page\">\n\t\t\t\t\t\t<section class=\"elementor-section elementor-top-section elementor-element elementor-element-76ed8a8 elementor-section-boxed elementor-section-height-default elementor-section-height-default neuron-fixed-no\" data-id=\"76ed8a8\" data-element_type=\"section\" data-e-type=\"section\">\n\t\t\t\t\t\t<div class=\"elementor-container elementor-column-gap-default\">\n\t\t\t\t\t<div class=\"elementor-column elementor-col-100 elementor-top-column elementor-element elementor-element-b6e6f71\" data-id=\"b6e6f71\" data-element_type=\"column\" data-e-type=\"column\">\n\t\t\t<div class=\"elementor-widget-wrap elementor-element-populated\">\n\t\t\t\t\t\t<div class=\"elementor-element elementor-element-e407ade elementor-widget elementor-widget-text-editor\" data-id=\"e407ade\" data-element_type=\"widget\" data-e-type=\"widget\" data-widget_type=\"text-editor.default\">\n\t\t\t\t<div class=\"elementor-widget-container\">\n\t\t\t\t\t\t\t\t\t<div class=\"_idGenObjectStyleOverride-1\">\u00a0<\/div><div class=\"_idGenObjectStyleOverride-1\"><table id=\"table001\" class=\"Basic-Table\" width=\"949\"><colgroup> <col class=\"_idGenTableRowColumn-1\" \/> <col class=\"_idGenTableRowColumn-2\" \/> <col class=\"_idGenTableRowColumn-3\" \/> <col class=\"_idGenTableRowColumn-4\" \/> <col class=\"_idGenTableRowColumn-5\" \/> <\/colgroup><tbody><tr class=\"Basic-Table _idGenTableRowColumn-6\"><td class=\"Basic-Table CellOverride-1\" width=\"116\"><p class=\"Basic-Paragraph ParaOverride-1\"><span style=\"color: #ffffff;\"><strong>Date<\/strong><\/span><\/p><\/td><td class=\"Basic-Table CellOverride-1\" width=\"300\"><p class=\"Basic-Paragraph ParaOverride-1\"><span style=\"color: #ffffff;\"><strong>Course Title<\/strong><\/span><\/p><\/td><td class=\"Basic-Table CellOverride-1\" width=\"200\"><p class=\"Basic-Paragraph ParaOverride-1\"><span style=\"color: #ffffff;\"><strong>Trainer<\/strong><\/span><\/p><\/td><td class=\"Basic-Table CellOverride-1\" width=\"300\"><p class=\"Basic-Paragraph ParaOverride-1\"><span style=\"color: #ffffff;\"><strong>Affiliation<\/strong><\/span><\/p><\/td><td class=\"Basic-Table CellOverride-1\" width=\"87\"><p class=\"Basic-Paragraph ParaOverride-1\"><span style=\"color: #ffffff;\"><strong>More Info<\/strong><\/span><\/p><\/td><\/tr><tr class=\"Basic-Table _idGenTableRowColumn-7\"><td class=\"Basic-Table CellOverride-2\"><p class=\"Basic-Paragraph ParaOverride-1\"><span style=\"color: #000000;\">04, 05 e 06 novembro 2026, 18h<\/span><span style=\"color: #000000;\">-19h30<br \/><\/span><\/p><\/td><td class=\"Basic-Table CellOverride-2\"><p class=\"Basic-Paragraph ParaOverride-1\"><span style=\"color: #000000;\">Curso &#8211; Inclus\u00e3o, interculturalidade e inova\u00e7\u00e3o pedag\u00f3gica em contexto universit\u00e1rio<\/span><\/p><\/td><td class=\"Basic-Table CellOverride-2\"><p class=\"Basic-Paragraph ParaOverride-1\"><span style=\"color: #000000;\">Cl\u00e1udia Lu\u00edsa<\/span><\/p><\/td><td class=\"Basic-Table CellOverride-2\"><p class=\"Basic-Paragraph ParaOverride-1\"><span style=\"color: #000000;\">CEAD-UAlg<\/span><\/p><\/td><td class=\"Basic-Table CellOverride-2\">\u00a0<\/td><\/tr><tr class=\"Basic-Table _idGenTableRowColumn-7\"><td class=\"Basic-Table CellOverride-2\"><p class=\"Basic-Paragraph ParaOverride-1\"><span style=\"color: #000000;\">Outubro 2026 (data a confirmar)<br \/><\/span><\/p><\/td><td class=\"Basic-Table CellOverride-2\"><p class=\"Basic-Paragraph ParaOverride-1\"><span style=\"color: #000000;\">Workshop &#8211; Publicar eticamente em Ci\u00eancias Sociais e Educa\u00e7\u00e3o<\/span><\/p><\/td><td class=\"Basic-Table CellOverride-2\"><p class=\"Basic-Paragraph ParaOverride-1\"><span style=\"color: #000000;\">Ant\u00f3nio Fragoso<br \/><\/span><\/p><\/td><td class=\"Basic-Table CellOverride-2\"><p class=\"Basic-Paragraph ParaOverride-1\"><span style=\"color: #000000;\">CEAD-UAlg<\/span><\/p><\/td><td class=\"Basic-Table CellOverride-2\">\u00a0<\/td><\/tr><tr class=\"Basic-Table _idGenTableRowColumn-7\"><td class=\"Basic-Table CellOverride-2\"><p class=\"Basic-Paragraph ParaOverride-1\"><span style=\"color: #000000;\">29 junho, 1, 6 e 8 julho 2026, 17h30-19h<br \/><\/span><\/p><\/td><td class=\"Basic-Table CellOverride-2\"><p class=\"Basic-Paragraph ParaOverride-1\"><span style=\"color: #000000;\">Curso &#8211; Envelhecimento digno e saud\u00e1vel: uma reflex\u00e3o interseccional a partir da investiga\u00e7\u00e3o<\/span><\/p><\/td><td class=\"Basic-Table CellOverride-2\"><p class=\"Basic-Paragraph ParaOverride-1\"><span style=\"color: #000000;\">Albertina Oliveira, Cl\u00e1udia Lu\u00edsa, Cristina Vieira e Ant\u00f3nio Fragoso<\/span><\/p><\/td><td class=\"Basic-Table CellOverride-2\"><p class=\"Basic-Paragraph ParaOverride-1\"><span style=\"color: #000000;\">CEAD-UAlg<\/span><\/p><\/td><td class=\"Basic-Table CellOverride-2\">\u00a0<\/td><\/tr><tr class=\"Basic-Table _idGenTableRowColumn-7\"><td class=\"Basic-Table CellOverride-2\"><p class=\"Basic-Paragraph ParaOverride-1\"><span style=\"color: #000000;\">11 maio 2026, 17-19h<\/span><\/p><p>\u00a0<\/p><\/td><td class=\"Basic-Table CellOverride-2\"><p class=\"Basic-Paragraph ParaOverride-1\"><span style=\"color: #000000;\">Workshop &#8211; Introdu\u00e7\u00e3o \u00e0 utiliza\u00e7\u00e3o de livros de c\u00f3digos (codebooks) para an\u00e1lise de dados qualitativos<\/span><\/p><\/td><td class=\"Basic-Table CellOverride-2\"><p class=\"Basic-Paragraph ParaOverride-1\"><span style=\"color: #000000;\">Gisela Oliveira<\/span><\/p><\/td><td class=\"Basic-Table CellOverride-2\"><p class=\"Basic-Paragraph ParaOverride-1\"><span style=\"color: #000000;\">CEAD-UAlg<\/span><\/p><\/td><td class=\"Basic-Table CellOverride-2\"><u><a href=\"https:\/\/cead.ualg.pt\/site\/wp-content\/uploads\/sites\/4\/2026\/04\/Cartaz_Curso-Gisela-Oliveira-1.pdf\" target=\"_blank\" rel=\"noopener\">Poster<\/a><\/u><\/td><\/tr><tr class=\"Basic-Table _idGenTableRowColumn-7\"><td class=\"Basic-Table CellOverride-2\"><p class=\"Basic-Paragraph ParaOverride-1\"><span style=\"color: #000000;\">06 e 07 abril 2026, 16h-17h30<br \/><\/span><\/p><\/td><td class=\"Basic-Table CellOverride-2\"><p class=\"Basic-Paragraph ParaOverride-1\"><span style=\"color: #000000;\">Curso &#8211; IA Aplicada \u00e0 Pesquisa Acad\u00e9mica: Estrat\u00e9gias Inteligentes para Investigar, Analisar e Criar Assistentes<\/span><\/p><\/td><td class=\"Basic-Table CellOverride-2\"><p class=\"Basic-Paragraph ParaOverride-1\"><span style=\"color: #000000;\">Adriana Lage da Costa <br \/>e<br \/>Rog\u00e9rio Pais da Costa<br \/><\/span><\/p><\/td><td class=\"Basic-Table CellOverride-2\"><p class=\"Basic-Paragraph ParaOverride-1\"><span style=\"color: #000000;\">CEAD-UAlg<\/span><\/p><\/td><td class=\"Basic-Table CellOverride-2\"><u><a href=\"https:\/\/cead.ualg.pt\/site\/wp-content\/uploads\/sites\/4\/2026\/04\/Cartaz_Curso_Adriana.jpg\" target=\"_blank\" rel=\"noopener\">Poster<\/a><\/u><\/td><\/tr><tr class=\"Basic-Table _idGenTableRowColumn-7\"><td class=\"Basic-Table CellOverride-2\"><p class=\"Basic-Paragraph ParaOverride-1\"><span style=\"color: #000000;\">25 e 26 mar\u00e7o 2026, 17-19h<br \/><\/span><\/p><\/td><td class=\"Basic-Table CellOverride-2\"><p class=\"Basic-Paragraph ParaOverride-1\"><span style=\"color: #000000;\">Curso &#8211; Transi\u00e7\u00e3o do Ensino Superior para o Mercado de Trabalho<\/span><\/p><\/td><td class=\"Basic-Table CellOverride-2\"><p class=\"Basic-Paragraph ParaOverride-1\"><span style=\"color: #000000;\">Liliana Paulos<\/span><\/p><\/td><td class=\"Basic-Table CellOverride-2\"><p class=\"Basic-Paragraph ParaOverride-1\"><span style=\"color: #000000;\">CEAD-UAlg<\/span><\/p><\/td><td class=\"Basic-Table CellOverride-2\"><u><a href=\"https:\/\/cead.ualg.pt\/site\/wp-content\/uploads\/sites\/4\/2026\/04\/Cartaz_Curso_Liliana-Paulos.jpg\" target=\"_blank\" rel=\"noopener\">Poster<\/a><\/u><\/td><\/tr><tr class=\"Basic-Table _idGenTableRowColumn-7\"><td class=\"Basic-Table CellOverride-2\"><p class=\"Basic-Paragraph ParaOverride-1\"><span style=\"color: #000000;\">06 junho 2022, 10h-11h30<br \/><\/span><\/p><\/td><td class=\"Basic-Table CellOverride-2\"><p class=\"Basic-Paragraph ParaOverride-1\"><span style=\"color: #000000;\">O que se passa na Inf\u00e2ncia (particularmente vulner\u00e1vel), n\u00e3o fica na inf\u00e2ncia<\/span><\/p><\/td><td class=\"Basic-Table CellOverride-2\"><p class=\"Basic-Paragraph ParaOverride-1\"><span style=\"color: #000000;\">Jo\u00e3o Pedro Gaspar<\/span><\/p><\/td><td class=\"Basic-Table CellOverride-2\"><p class=\"Basic-Paragraph ParaOverride-1\"><span style=\"color: #000000;\">PAJE e colaborador no CEAD-UAlg<\/span><\/p><\/td><td class=\"Basic-Table CellOverride-2\"><u><a href=\"https:\/\/cead.ualg.pt\/site\/wp-content\/uploads\/sites\/4\/2022\/06\/OqueSePassaNaInfancia.pdf\" target=\"_blank\" rel=\"noopener\">Poster<\/a><\/u><\/td><\/tr><tr class=\"Basic-Table _idGenTableRowColumn-7\"><td class=\"Basic-Table CellOverride-2\"><p class=\"Basic-Paragraph ParaOverride-1\"><span style=\"color: #000000;\">21, 23 e 25 fevereiro 2022, 18h-20h<br \/><\/span><\/p><\/td><td class=\"Basic-Table CellOverride-2\"><p class=\"Basic-Paragraph ParaOverride-1\"><span style=\"color: #000000;\">Uma introdu\u00e7\u00e3o \u00e0 an\u00e1lise de dados em SPSS<\/span><\/p><\/td><td class=\"Basic-Table CellOverride-2\"><p class=\"Basic-Paragraph ParaOverride-1\"><span style=\"color: #000000;\">Lu\u00eds Fa\u00edsca<\/span><\/p><\/td><td class=\"Basic-Table CellOverride-2\"><p class=\"Basic-Paragraph ParaOverride-1\"><span style=\"color: #000000;\">Universidade do Algarve<\/span><\/p><\/td><td class=\"Basic-Table CellOverride-2\"><u><a href=\"https:\/\/cead.ualg.pt\/site\/wp-content\/uploads\/sites\/4\/2022\/06\/Curso.jpg\" target=\"_blank\" rel=\"noopener\">Poster<\/a><\/u><\/td><\/tr><tr class=\"Basic-Table _idGenTableRowColumn-7\"><td class=\"Basic-Table CellOverride-2\"><p class=\"Basic-Paragraph ParaOverride-1\"><span style=\"color: #000000;\">08, 15 e 22\u00a0 abril 2021, (sempre 18h-20h)<\/span><\/p><\/td><td class=\"Basic-Table CellOverride-2\"><p class=\"Basic-Paragraph ParaOverride-1\"><span style=\"color: #000000;\">Curso Curto Metodologias de Investiga\u00e7\u00e3o em Educa\u00e7\u00e3o<\/span><\/p><\/td><td class=\"Basic-Table CellOverride-2\"><p class=\"Basic-Paragraph ParaOverride-1\"><span style=\"color: #000000;\">Cristina Vieira<\/span><\/p><\/td><td class=\"Basic-Table CellOverride-2\"><p class=\"Basic-Paragraph ParaOverride-1\"><span style=\"color: #000000;\">Universidade de Coimbra e CEAD-UAlg<\/span><\/p><\/td><td class=\"Basic-Table CellOverride-2\"><p class=\"Basic-Paragraph ParaOverride-1\"><strong><span style=\"color: #000000;\"> <u><a href=\"https:\/\/cead.ualg.pt\/site\/wp-content\/uploads\/sites\/4\/2026\/02\/Curso-curto_-8_15_22_ABR_Metodologias_Cristina-Vieira.jpg\" target=\"_blank\" rel=\"noopener\">Poster<\/a><\/u><\/span><\/strong><\/p><\/td><\/tr><\/tbody><\/table><\/div>\t\t\t\t\t\t\t\t<\/div>\n\t\t\t\t<\/div>\n\t\t\t\t\t<\/div>\n\t\t<\/div>\n\t\t\t\t\t<\/div>\n\t\t<\/section>\n\t\t\t\t<\/div>","protected":false},"excerpt":{"rendered":"<p>\u00a0 Data T\u00edtulo Curso Formador Afilia\u00e7\u00e3o Mais info 04, 05 e 06 novembro 2026, 18h-19h30 Curso &#8211; Inclus\u00e3o,&#8230;<\/p>","protected":false},"author":2,"featured_media":0,"parent":0,"menu_order":0,"comment_status":"closed","ping_status":"closed","template":"","meta":{"_acf_changed":false,"footnotes":""},"class_list":["post-30673","page","type-page","status-publish","hentry"],"acf":[],"_links":{"self":[{"href":"https:\/\/cead.ualg.pt\/site\/en\/wp-json\/wp\/v2\/pages\/30673","targetHints":{"allow":["GET"]}}],"collection":[{"href":"https:\/\/cead.ualg.pt\/site\/en\/wp-json\/wp\/v2\/pages"}],"about":[{"href":"https:\/\/cead.ualg.pt\/site\/en\/wp-json\/wp\/v2\/types\/page"}],"author":[{"embeddable":true,"href":"https:\/\/cead.ualg.pt\/site\/en\/wp-json\/wp\/v2\/users\/2"}],"replies":[{"embeddable":true,"href":"https:\/\/cead.ualg.pt\/site\/en\/wp-json\/wp\/v2\/comments?post=30673"}],"version-history":[{"count":27,"href":"https:\/\/cead.ualg.pt\/site\/en\/wp-json\/wp\/v2\/pages\/30673\/revisions"}],"predecessor-version":[{"id":32190,"href":"https:\/\/cead.ualg.pt\/site\/en\/wp-json\/wp\/v2\/pages\/30673\/revisions\/32190"}],"wp:attachment":[{"href":"https:\/\/cead.ualg.pt\/site\/en\/wp-json\/wp\/v2\/media?parent=30673"}],"curies":[{"name":"wp","href":"https:\/\/api.w.org\/{rel}","templated":true}]}}