{"id":30666,"date":"2021-01-28T19:23:02","date_gmt":"2021-01-28T19:23:02","guid":{"rendered":"https:\/\/cead.ualg.pt\/site\/?page_id=30666"},"modified":"2026-04-02T11:23:10","modified_gmt":"2026-04-02T11:23:10","slug":"seminarios-curtos","status":"publish","type":"page","link":"https:\/\/cead.ualg.pt\/site\/en\/seminarios-curtos\/","title":{"rendered":"Short seminars"},"content":{"rendered":"<div data-elementor-type=\"wp-page\" data-elementor-id=\"30666\" class=\"elementor elementor-30666\" data-elementor-post-type=\"page\">\n\t\t\t\t\t\t<section class=\"elementor-section elementor-top-section elementor-element elementor-element-76ed8a8 elementor-section-boxed elementor-section-height-default elementor-section-height-default neuron-fixed-no\" data-id=\"76ed8a8\" data-element_type=\"section\" data-e-type=\"section\">\n\t\t\t\t\t\t<div class=\"elementor-container elementor-column-gap-default\">\n\t\t\t\t\t<div class=\"elementor-column elementor-col-100 elementor-top-column elementor-element elementor-element-b6e6f71\" data-id=\"b6e6f71\" data-element_type=\"column\" data-e-type=\"column\">\n\t\t\t<div class=\"elementor-widget-wrap elementor-element-populated\">\n\t\t\t\t\t\t<div class=\"elementor-element elementor-element-e407ade elementor-widget elementor-widget-text-editor\" data-id=\"e407ade\" data-element_type=\"widget\" data-e-type=\"widget\" data-widget_type=\"text-editor.default\">\n\t\t\t\t<div class=\"elementor-widget-container\">\n\t\t\t\t\t\t\t\t\t<div class=\"_idGenObjectStyleOverride-1\">\u00a0<\/div><div class=\"_idGenObjectStyleOverride-1\"><table id=\"table001\" class=\"Basic-Table\" width=\"949\"><colgroup> <col class=\"_idGenTableRowColumn-1\" \/> <col class=\"_idGenTableRowColumn-2\" \/> <col class=\"_idGenTableRowColumn-3\" \/> <col class=\"_idGenTableRowColumn-4\" \/> <col class=\"_idGenTableRowColumn-5\" \/> <\/colgroup><tbody><tr class=\"Basic-Table _idGenTableRowColumn-6\"><td class=\"Basic-Table CellOverride-1\" width=\"116\"><p class=\"Basic-Paragraph ParaOverride-1\"><span style=\"color: #ffffff;\"><strong>Date<\/strong><\/span><\/p><\/td><td class=\"Basic-Table CellOverride-1\" width=\"300\"><p class=\"Basic-Paragraph ParaOverride-1\"><span style=\"color: #ffffff;\"><strong>Seminar Title<\/strong><\/span><\/p><\/td><td class=\"Basic-Table CellOverride-1\" width=\"200\"><p class=\"Basic-Paragraph ParaOverride-1\"><span style=\"color: #ffffff;\"><strong>Guest Speakers<\/strong><\/span><\/p><\/td><td class=\"Basic-Table CellOverride-1\" width=\"300\"><p class=\"Basic-Paragraph ParaOverride-1\"><span style=\"color: #ffffff;\"><strong>Affiliation<\/strong><\/span><\/p><\/td><td class=\"Basic-Table CellOverride-1\" width=\"87\"><p class=\"Basic-Paragraph ParaOverride-1\"><span style=\"color: #ffffff;\"><strong>More Info<\/strong><\/span><\/p><\/td><\/tr><tr class=\"Basic-Table _idGenTableRowColumn-7\"><td class=\"Basic-Table CellOverride-2\"><p class=\"Basic-Paragraph ParaOverride-1\"><span style=\"color: #000000;\">19 janeiro 2026,<br \/>16h30<\/span><\/p><\/td><td class=\"Basic-Table CellOverride-2\"><p class=\"Basic-Paragraph ParaOverride-1\"><span style=\"color: #000000;\">Webinar &#8211; Entre a escola e a comunidade: desafios da interven\u00e7\u00e3o das ONG na educa\u00e7\u00e3o para a igualdade de g\u00e9nero<\/span><\/p><\/td><td class=\"Basic-Table CellOverride-2\"><p class=\"Basic-Paragraph ParaOverride-1\"><span style=\"color: #000000;\">Ana Teixeira<\/span><\/p><p class=\"Basic-Paragraph ParaOverride-1\"><span style=\"color: #000000;\">Moderador: Pedro Ferreira<\/span><\/p><\/td><td class=\"Basic-Table CellOverride-2\"><p class=\"Basic-Paragraph ParaOverride-1\"><span style=\"color: #000000;\">EAPN \u2013 Portugal e CIIE<\/span><\/p><\/td><td class=\"Basic-Table CellOverride-2\"><p class=\"Basic-Paragraph ParaOverride-1\"><a href=\"https:\/\/cead.ualg.pt\/site\/wp-content\/uploads\/sites\/4\/2026\/04\/Webinar_19-de-janeiro.jpg\" target=\"_blank\" rel=\"noopener\"><span style=\"text-decoration: underline;\"><span style=\"color: #000000; text-decoration: underline;\">Poster<\/span><\/span><\/a><\/p><\/td><\/tr><tr class=\"Basic-Table _idGenTableRowColumn-7\"><td class=\"Basic-Table CellOverride-2\"><p class=\"Basic-Paragraph ParaOverride-1\"><span style=\"color: #000000;\">14 dezembro 2022, 17h<\/span><\/p><\/td><td class=\"Basic-Table CellOverride-2\"><p class=\"Basic-Paragraph ParaOverride-1\"><span style=\"color: #000000;\">Projeto VIW: Trajetos de mulheres migrantes<\/span><\/p><\/td><td class=\"Basic-Table CellOverride-2\"><p class=\"Basic-Paragraph ParaOverride-1\"><span style=\"color: #000000;\">Sofia Bergano<\/span><\/p><p class=\"Basic-Paragraph ParaOverride-1\"><span style=\"color: #000000;\">Cristina Martins<\/span><\/p><p class=\"Basic-Paragraph ParaOverride-1\"><span style=\"color: #000000;\">Benilde Moreira<\/span><\/p><p class=\"Basic-Paragraph ParaOverride-1\"><span style=\"color: #000000;\">M\u00aa Jos\u00e9 Rodrigues<\/span><\/p><\/td><td class=\"Basic-Table CellOverride-2\"><p class=\"Basic-Paragraph ParaOverride-1\"><span style=\"color: #000000;\">Instituto Polit\u00e9cnico de Bragan\u00e7a<\/span><\/p><\/td><td class=\"Basic-Table CellOverride-2\"><p class=\"Basic-Paragraph ParaOverride-1\"><a href=\"https:\/\/cead.ualg.pt\/site\/wp-content\/uploads\/sites\/4\/2024\/08\/Sofia_Bergano-et-al-1.jpg\" target=\"_blank\" rel=\"noopener\"><span style=\"text-decoration: underline;\"><span style=\"color: #000000; text-decoration: underline;\">Poster<\/span><\/span><\/a><\/p><\/td><\/tr><tr class=\"Basic-Table _idGenTableRowColumn-7\"><td class=\"Basic-Table CellOverride-2\"><p class=\"Basic-Paragraph ParaOverride-1\"><span style=\"color: #000000;\">18 mar\u00e7o 2021, 18h \u00e0s 19h30m<\/span><\/p><\/td><td class=\"Basic-Table CellOverride-2\"><p class=\"Basic-Paragraph ParaOverride-1\"><span style=\"color: #000000;\">Semin\u00e1rio Jovens Investigadores<\/span><\/p><\/td><td class=\"Basic-Table CellOverride-2\"><p class=\"Basic-Paragraph ParaOverride-1\"><span style=\"color: #000000;\">Liliana Paulos<\/span><\/p><p class=\"Basic-Paragraph ParaOverride-1\"><span style=\"color: #000000;\">Sofia Gon\u00e7alves<\/span><\/p><p class=\"Basic-Paragraph ParaOverride-1\"><span style=\"color: #000000;\">Veronica Sevillano-Monje<\/span><\/p><\/td><td class=\"Basic-Table CellOverride-2\"><p class=\"Basic-Paragraph ParaOverride-1\"><span style=\"color: #000000;\">CiEd-UM e CEAD-UAlg<\/span><\/p><p class=\"Basic-Paragraph ParaOverride-1\"><span style=\"color: #000000;\">ESEC-IPC e CEAD-UAlg <\/span><\/p><p class=\"Basic-Paragraph ParaOverride-1\"><span style=\"color: #000000;\">Universidad de Sevilla<\/span><\/p><\/td><td class=\"Basic-Table CellOverride-2\"><p class=\"Basic-Paragraph ParaOverride-1\"><a href=\"https:\/\/cead.ualg.pt\/site\/wp-content\/uploads\/sites\/4\/2021\/03\/18_MAR-sem-jovens-inv.jpg\" target=\"_blank\" rel=\"noopener\"><span style=\"text-decoration: underline;\"><span style=\"color: #000000; text-decoration: underline;\">Poster<\/span><\/span><\/a><\/p><\/td><\/tr><tr class=\"Basic-Table _idGenTableRowColumn-7\"><td class=\"Basic-Table CellOverride-2\"><p class=\"Basic-Paragraph ParaOverride-1\"><span style=\"color: #000000;\">23 junho 2021, 16h \u00e0s 18h<br \/><\/span><\/p><\/td><td class=\"Basic-Table CellOverride-2\"><p class=\"Basic-Paragraph ParaOverride-1\"><span style=\"color: #000000;\">Education and Learning of Older Adults<\/span><\/p><\/td><td class=\"Basic-Table CellOverride-2\"><p class=\"Basic-Paragraph ParaOverride-1\"><span style=\"color: #000000;\">Bernhard Schmidt-Hertha<\/span><\/p><p class=\"Basic-Paragraph ParaOverride-1\"><span style=\"color: #000000;\">Marvin Formosa<\/span><\/p><p class=\"Basic-Paragraph ParaOverride-1\"><span style=\"color: #000000;\">Cecilia Bjursell<\/span><\/p><\/td><td class=\"Basic-Table CellOverride-2\"><p class=\"Basic-Paragraph ParaOverride-1\"><span style=\"color: #000000;\">Ludwig-Maximilians-University in Munich (Germany)<\/span><\/p><p class=\"Basic-Paragraph ParaOverride-1\"><span style=\"color: #000000;\">University of Malta<\/span><\/p><p class=\"Basic-Paragraph ParaOverride-1\"><span style=\"color: #000000;\">J\u00f6nk\u00f6ping University (Sweden)<\/span><\/p><\/td><td class=\"Basic-Table CellOverride-2\"><p class=\"Basic-Paragraph ParaOverride-1\"><span style=\"text-decoration: underline;\"><a href=\"https:\/\/cead.ualg.pt\/site\/wp-content\/uploads\/sites\/4\/2021\/11\/23_JUN_OlderAdults.jpg\" target=\"_blank\" rel=\"noopener\"><span style=\"color: #000000; text-decoration: underline;\">Poster<\/span><\/a><\/span><\/p><\/td><\/tr><tr class=\"Basic-Table _idGenTableRowColumn-8\"><td class=\"Basic-Table CellOverride-2\"><p class=\"Basic-Paragraph ParaOverride-1\"><span style=\"color: #000000;\">03 novembro 2021, 16h \u00e0s 18h<br \/><\/span><\/p><\/td><td class=\"Basic-Table CellOverride-2\"><p class=\"Basic-Paragraph ParaOverride-1\"><span style=\"color: #000000;\">Impacto da pandemia no trabalho docente, numa perspetiva de g\u00e9nero: perce\u00e7\u00f5es de docentes e de estudantes do ensino superior<\/span><\/p><\/td><td class=\"Basic-Table CellOverride-2\"><p class=\"Basic-Paragraph ParaOverride-1\"><span style=\"color: #000000;\">Virg\u00ednia Ferreira, M\u00f3nica Lopes, Caynn\u00e3 Santos<\/span><\/p><p class=\"Basic-Paragraph ParaOverride-1\"><span style=\"color: #000000;\">Cristina Vieira<\/span><\/p><\/td><td class=\"Basic-Table CellOverride-2\"><p class=\"Basic-Paragraph ParaOverride-1\"><span style=\"color: #000000;\">CES da Universidade de Coimbra<\/span><\/p><p class=\"Basic-Paragraph ParaOverride-1\"><span style=\"color: #000000;\">Universidade de Coimbra e CEAD-UAlg<\/span><\/p><\/td><td class=\"Basic-Table CellOverride-2\"><p class=\"Basic-Paragraph ParaOverride-1\"><span style=\"text-decoration: underline;\"><a href=\"https:\/\/cead.ualg.pt\/site\/wp-content\/uploads\/sites\/4\/2021\/11\/03_NOV_CEAD.jpg\" target=\"_blank\" rel=\"noopener\"><span style=\"color: #000000; text-decoration: underline;\">Poster<\/span><\/a><\/span><\/p><\/td><\/tr><tr class=\"Basic-Table _idGenTableRowColumn-8\"><td class=\"Basic-Table CellOverride-2\"><p class=\"Basic-Paragraph ParaOverride-1\"><span style=\"color: #000000;\">25 novembro 2021, 16h \u00e0s 17h30m<br \/><\/span><\/p><\/td><td class=\"Basic-Table CellOverride-2\"><p class=\"Basic-Paragraph ParaOverride-1\"><span style=\"color: #000000;\">As Pol\u00edticas Nacionais de Educa\u00e7\u00e3o e Forma\u00e7\u00e3o de Adultos no s\u00e9culo XXI &#8211; aspetos da agenda, governa\u00e7\u00e3o e implementa\u00e7\u00e3o<\/span><\/p><\/td><td class=\"Basic-Table CellOverride-2\"><p class=\"Basic-Paragraph ParaOverride-1\"><span style=\"color: #000000;\">Rosanna Barros <\/span><\/p><p class=\"Basic-Paragraph ParaOverride-1\"><span style=\"color: #000000;\">Carmen Cavaco, Paula Guimar\u00e3es<\/span><\/p><\/td><td class=\"Basic-Table CellOverride-2\"><p class=\"Basic-Paragraph ParaOverride-1\"><span style=\"color: #000000;\">CEAD, Universidade do Algarve <\/span><\/p><p class=\"Basic-Paragraph ParaOverride-1\"><span style=\"color: #000000;\">UIDEF, Universidade de Lisboa<\/span><\/p><\/td><td class=\"Basic-Table CellOverride-2\"><p class=\"Basic-Paragraph ParaOverride-1\"><span style=\"text-decoration: underline;\"><a href=\"https:\/\/cead.ualg.pt\/site\/wp-content\/uploads\/sites\/4\/2021\/11\/25_NOV.jpg\" target=\"_blank\" rel=\"noopener\"><span style=\"color: #000000; text-decoration: underline;\">Poster<\/span><\/a><\/span><\/p><\/td><\/tr><\/tbody><\/table><\/div>\t\t\t\t\t\t\t\t<\/div>\n\t\t\t\t<\/div>\n\t\t\t\t\t<\/div>\n\t\t<\/div>\n\t\t\t\t\t<\/div>\n\t\t<\/section>\n\t\t\t\t<\/div>","protected":false},"excerpt":{"rendered":"<p>\u00a0 Data T\u00edtulo do Semin\u00e1rio Convidados Afilia\u00e7\u00e3o Mais info 19 janeiro 2026,16h30 Webinar &#8211; Entre a escola e&#8230;<\/p>","protected":false},"author":2,"featured_media":0,"parent":0,"menu_order":0,"comment_status":"closed","ping_status":"closed","template":"","meta":{"_acf_changed":false,"footnotes":""},"class_list":["post-30666","page","type-page","status-publish","hentry"],"acf":[],"_links":{"self":[{"href":"https:\/\/cead.ualg.pt\/site\/en\/wp-json\/wp\/v2\/pages\/30666","targetHints":{"allow":["GET"]}}],"collection":[{"href":"https:\/\/cead.ualg.pt\/site\/en\/wp-json\/wp\/v2\/pages"}],"about":[{"href":"https:\/\/cead.ualg.pt\/site\/en\/wp-json\/wp\/v2\/types\/page"}],"author":[{"embeddable":true,"href":"https:\/\/cead.ualg.pt\/site\/en\/wp-json\/wp\/v2\/users\/2"}],"replies":[{"embeddable":true,"href":"https:\/\/cead.ualg.pt\/site\/en\/wp-json\/wp\/v2\/comments?post=30666"}],"version-history":[{"count":33,"href":"https:\/\/cead.ualg.pt\/site\/en\/wp-json\/wp\/v2\/pages\/30666\/revisions"}],"predecessor-version":[{"id":32155,"href":"https:\/\/cead.ualg.pt\/site\/en\/wp-json\/wp\/v2\/pages\/30666\/revisions\/32155"}],"wp:attachment":[{"href":"https:\/\/cead.ualg.pt\/site\/en\/wp-json\/wp\/v2\/media?parent=30666"}],"curies":[{"name":"wp","href":"https:\/\/api.w.org\/{rel}","templated":true}]}}