{"id":30650,"date":"2021-01-28T18:06:53","date_gmt":"2021-01-28T18:06:53","guid":{"rendered":"https:\/\/cead.ualg.pt\/site\/?page_id=30650"},"modified":"2021-01-28T18:12:27","modified_gmt":"2021-01-28T18:12:27","slug":"projeto-viw","status":"publish","type":"page","link":"https:\/\/cead.ualg.pt\/site\/en\/projeto-viw\/","title":{"rendered":"Projeto VIW"},"content":{"rendered":"<div data-elementor-type=\"wp-page\" data-elementor-id=\"30650\" class=\"elementor elementor-30650\" data-elementor-post-type=\"page\">\n\t\t\t\t\t\t<section class=\"elementor-section elementor-top-section elementor-element elementor-element-02f4cfb elementor-section-content-top elementor-reverse-mobile elementor-section-boxed elementor-section-height-default elementor-section-height-default neuron-fixed-no\" data-id=\"02f4cfb\" data-element_type=\"section\" data-e-type=\"section\">\n\t\t\t\t\t\t<div class=\"elementor-container elementor-column-gap-no\">\n\t\t\t\t\t<div class=\"elementor-column elementor-col-100 elementor-top-column elementor-element elementor-element-d2330de\" data-id=\"d2330de\" data-element_type=\"column\" data-e-type=\"column\">\n\t\t\t<div class=\"elementor-widget-wrap elementor-element-populated\">\n\t\t\t\t\t\t<div class=\"elementor-element elementor-element-54e7f77 elementor-widget elementor-widget-text-editor\" data-id=\"54e7f77\" data-element_type=\"widget\" data-e-type=\"widget\" data-widget_type=\"text-editor.default\">\n\t\t\t\t<div class=\"elementor-widget-container\">\n\t\t\t\t\t\t\t\t\t<p><strong><span style=\"color: #800080;\">Acronym <\/span><\/strong><span style=\"color: #000000;\">VIW<br \/><\/span><strong><span style=\"color: #800080;\">Project title<\/span> <\/strong><span style=\"color: #000000;\">Voices of Immigrant Women<br \/><\/span><strong><span style=\"color: #800080;\">Reference <\/span><\/strong><span style=\"color: #000000;\">2020-1-ES01-KA203-082364<\/span><span style=\"color: #000000;\"><br \/><\/span><span style=\"color: #800080;\"><strong>Funded by<\/strong> <\/span><span style=\"color: #000000;\">Comiss\u00e3o Europeia: Erasmus+ Programme &#8211; Strategic Partnerships for Higher Education<br \/><\/span><strong><span style=\"color: #800080;\">Start date<\/span><\/strong> <span style=\"color: #000000;\">01\/10\/2020<\/span><br \/><strong><span style=\"color: #800080;\">End date<\/span> <\/strong><span style=\"color: #000000;\">30\/09\/2022<\/span><br \/><span style=\"color: #800080;\"><strong>Total cost<\/strong> <\/span><span style=\"color: #000000;\">284.839\u20ac<\/span><br \/><strong><span style=\"color: #800080;\">Principal Researcher <\/span><\/strong><span style=\"color: #000000;\">Mar\u00eda Teresa Terr\u00f3n Caro<\/span><\/p><p><strong><span style=\"color: #800080;\">Investigador Respons\u00e1vel no IPB <\/span><\/strong><span style=\"color: #000000;\">Sofia Marisa Alves Bergano, Escola Superior de Educa\u00e7\u00e3o, Instituto Polit\u00e9cnico de Bragan\u00e7a<\/span><span style=\"color: #000000;\"><br \/><\/span><span style=\"color: #800080;\"><strong>Applicant<\/strong><\/span><span style=\"color: #000000;\"> Universidad Pablo de Olavide (Spain)<br \/><\/span><strong><span style=\"color: #800080;\">Partners<\/span> <\/strong><span style=\"color: #000000;\">Institute of Research for Development (France), Universit\u00e0 degli Studi di Firenze (Italy), Mirovni Institut (Slovenia), European Public Law Organisation (Greece), Pixel \u2013 Associazione Culturale (Italy), Fundaci\u00f3n EMET Arco Iris (Spain), Instituto Polit\u00e9cnico de Bragan\u00e7a (Portugal)<\/span><\/p><p><span style=\"color: #000000;\"><br \/><\/span><strong><span style=\"color: #800080;\">Abstract:<\/span> <\/strong><\/p><p><span style=\"color: #000000;\"><strong>The VIW project aims to answer to the need of students of developing better knowledge and awareness toward the theme of female migrations considering the interrelation of factors such as: gender, status, ethnicity, age, religion, origin, political opinion. The project also aims to make the Higher Education Institutes (HEIs) more inclusive by promoting a holistic comprehension of the gender issues in migration flows. The project will produce three main outputs: (i) mapping of Case studies of Successful Integration of Women; (ii) an e-learning course preparing students of social sciences to deal with women migrants\u2019 integration; and (iii) a set of policy recommendations providing practically oriented intervention proposal to policy-makers involved at all level in Higher Education and integration of migrants\u2019 policies.<\/strong><br \/><\/span><\/p><p>\u00a0<\/p><p><span style=\"color: #000000;\"><strong>More information available at:<\/strong><\/span> <a href=\"https:\/\/viw.pixel-online.org\/\" target=\"_blank\" rel=\"noopener\">https:\/\/viw.pixel-online.org\/<\/a><\/p>\t\t\t\t\t\t\t\t<\/div>\n\t\t\t\t<\/div>\n\t\t\t\t\t<\/div>\n\t\t<\/div>\n\t\t\t\t\t<\/div>\n\t\t<\/section>\n\t\t\t\t<\/div>","protected":false},"excerpt":{"rendered":"<p>Acr\u00f3nimo VIWDesigna\u00e7\u00e3o do projeto Voices of Immigrant WomenRefer\u00eancia 2020-1-ES01-KA203-082364Financiador Comiss\u00e3o Europeia: Erasmus+ Programme &#8211; Strategic Partnerships for Higher&#8230;<\/p>","protected":false},"author":2,"featured_media":0,"parent":0,"menu_order":0,"comment_status":"closed","ping_status":"closed","template":"","meta":{"_acf_changed":false,"footnotes":""},"class_list":["post-30650","page","type-page","status-publish","hentry"],"acf":[],"_links":{"self":[{"href":"https:\/\/cead.ualg.pt\/site\/en\/wp-json\/wp\/v2\/pages\/30650","targetHints":{"allow":["GET"]}}],"collection":[{"href":"https:\/\/cead.ualg.pt\/site\/en\/wp-json\/wp\/v2\/pages"}],"about":[{"href":"https:\/\/cead.ualg.pt\/site\/en\/wp-json\/wp\/v2\/types\/page"}],"author":[{"embeddable":true,"href":"https:\/\/cead.ualg.pt\/site\/en\/wp-json\/wp\/v2\/users\/2"}],"replies":[{"embeddable":true,"href":"https:\/\/cead.ualg.pt\/site\/en\/wp-json\/wp\/v2\/comments?post=30650"}],"version-history":[{"count":4,"href":"https:\/\/cead.ualg.pt\/site\/en\/wp-json\/wp\/v2\/pages\/30650\/revisions"}],"predecessor-version":[{"id":30654,"href":"https:\/\/cead.ualg.pt\/site\/en\/wp-json\/wp\/v2\/pages\/30650\/revisions\/30654"}],"wp:attachment":[{"href":"https:\/\/cead.ualg.pt\/site\/en\/wp-json\/wp\/v2\/media?parent=30650"}],"curies":[{"name":"wp","href":"https:\/\/api.w.org\/{rel}","templated":true}]}}