{"id":30511,"date":"2020-11-13T18:10:44","date_gmt":"2020-11-13T18:10:44","guid":{"rendered":"https:\/\/cead.ualg.pt\/site\/?page_id=30511"},"modified":"2024-08-26T16:50:29","modified_gmt":"2024-08-26T16:50:29","slug":"investigadores-convidados-comunidade","status":"publish","type":"page","link":"https:\/\/cead.ualg.pt\/site\/en\/investigadores-convidados-comunidade\/","title":{"rendered":"Investigadores convidados (comunidade)"},"content":{"rendered":"<div data-elementor-type=\"wp-page\" data-elementor-id=\"30511\" class=\"elementor elementor-30511\" data-elementor-post-type=\"page\">\n\t\t\t\t\t\t<section class=\"elementor-section elementor-top-section elementor-element elementor-element-76ed8a8 elementor-section-boxed elementor-section-height-default elementor-section-height-default neuron-fixed-no\" data-id=\"76ed8a8\" data-element_type=\"section\" data-e-type=\"section\">\n\t\t\t\t\t\t<div class=\"elementor-container elementor-column-gap-default\">\n\t\t\t\t\t<div class=\"elementor-column elementor-col-100 elementor-top-column elementor-element elementor-element-b6e6f71\" data-id=\"b6e6f71\" data-element_type=\"column\" data-e-type=\"column\">\n\t\t\t<div class=\"elementor-widget-wrap elementor-element-populated\">\n\t\t\t\t\t\t<div class=\"elementor-element elementor-element-e407ade elementor-widget elementor-widget-text-editor\" data-id=\"e407ade\" data-element_type=\"widget\" data-e-type=\"widget\" data-widget_type=\"text-editor.default\">\n\t\t\t\t<div class=\"elementor-widget-container\">\n\t\t\t\t\t\t\t\t\t<div id=\"_idContainer000\" class=\"_idGenObjectStyleOverride-1\"><table id=\"table001\" class=\"Basic-Table TableOverride-1\"><tbody><tr class=\"Basic-Table _idGenTableRowColumn-6\"><td class=\"Basic-Table CellOverride-1\"><span class=\"CharOverride-1\">Name<\/span><\/td><td class=\"Basic-Table CellOverride-1\"><span class=\"CharOverride-1\">Institution<\/span><\/td><td class=\"Basic-Table CellOverride-1\"><span class=\"CharOverride-1\">Country<\/span><\/td><td class=\"Basic-Table CellOverride-1\"><span class=\"CharOverride-1\">Posi\u00e7\u00e3o\/ Categoria<\/span><\/td><td class=\"Basic-Table CellOverride-1\"><span class=\"CharOverride-1\">Date\/ period<\/span><\/td><\/tr><tr class=\"Basic-Table _idGenTableRowColumn-7\"><td class=\"Basic-Table CellOverride-2\"><span class=\"CharOverride-2\" lang=\"en-US\">Markku M. Sippola<\/span><\/td><td class=\"Basic-Table CellOverride-2\"><span class=\"CharOverride-2\" lang=\"en-US\">Faculty of Social Sciences at the University of Helsinki<\/span><\/td><td class=\"Basic-Table CellOverride-2\"><span class=\"CharOverride-2\">Finland<\/span><\/td><td class=\"Basic-Table CellOverride-2\"><span class=\"CharOverride-2\" lang=\"en-US\">Senior Lecturer<\/span><\/td><td class=\"Basic-Table CellOverride-2\"><span class=\"CharOverride-2\" lang=\"en-US\">Janeiro a Mar\u00e7o de 2023<\/span><\/td><\/tr><tr class=\"Basic-Table _idGenTableRowColumn-7\"><td class=\"Basic-Table CellOverride-2\"><span class=\"CharOverride-2\" lang=\"en-US\">Joanna Ostrouch-Kami\u0144ska<\/span><\/td><td class=\"Basic-Table CellOverride-2\"><span class=\"CharOverride-2\" lang=\"en-US\">University of Warmia and Mazury in Olsztyn<\/span><\/td><td class=\"Basic-Table CellOverride-2\"><span class=\"CharOverride-2\" lang=\"en-US\">Poland<\/span><\/td><td class=\"Basic-Table CellOverride-2\"><span class=\"CharOverride-2\" lang=\"en-US\">Associate Professor<\/span><\/td><td class=\"Basic-Table CellOverride-2\"><span class=\"CharOverride-2\" lang=\"en-US\">4 julho a 3 de agosto de 2022<\/span><\/td><\/tr><tr class=\"Basic-Table _idGenTableRowColumn-7\"><td class=\"Basic-Table CellOverride-2\"><span class=\"CharOverride-2\" lang=\"en-US\">Ver\u00f3nica Sevillano-Monje<\/span><\/td><td class=\"Basic-Table CellOverride-2\"><span class=\"CharOverride-2\" lang=\"en-US\">Universidad de Sevilla<\/span><\/td><td class=\"Basic-Table CellOverride-2\"><span class=\"CharOverride-2\" lang=\"en-US\">Espa\u00f1a<\/span><\/td><td class=\"Basic-Table CellOverride-2\"><span class=\"CharOverride-2\" lang=\"en-US\">Estudante de Doutoramento<\/span><\/td><td class=\"Basic-Table CellOverride-2\"><span class=\"CharOverride-2\" lang=\"en-US\">Fevereiro a Maio de 2021<\/span><\/td><\/tr><tr class=\"Basic-Table _idGenTableRowColumn-7\"><td class=\"Basic-Table-Style CellOverride-2\"><span class=\"CharOverride-2\" lang=\"en-US\">Marcos Alexandre de Melo Barros<\/span><\/td><td class=\"Basic-Table CellOverride-2\"><span class=\"CharOverride-2\" lang=\"en-US\">Universidade Federal de Pernambuco<\/span><\/td><td class=\"Basic-Table CellOverride-2\"><span class=\"CharOverride-2\" lang=\"en-US\">Brasil<\/span><\/td><td class=\"Basic-Table CellOverride-2\"><span class=\"CharOverride-2\" lang=\"en-US\">Investigador de P\u00f3s-Doutoramento<\/span><\/td><td class=\"Basic-Table CellOverride-2\"><span class=\"CharOverride-2\" lang=\"en-US\">Janeiro a Dezembro de 2021<\/span><\/td><\/tr><tr class=\"Basic-Table _idGenTableRowColumn-7\"><td class=\"Basic-Table CellOverride-2\"><span class=\"CharOverride-2\" lang=\"en-US\">Eduardo Jorge Lopes da Silva<\/span><\/td><td class=\"Basic-Table CellOverride-2\"><span class=\"CharOverride-2\" lang=\"en-US\">Universidade Federal da Para\u00edba<\/span><\/td><td class=\"Basic-Table CellOverride-2\"><span class=\"CharOverride-2\" lang=\"en-US\">Brasil<\/span><\/td><td class=\"Basic-Table CellOverride-2\"><span class=\"CharOverride-2\" lang=\"en-US\">Investigador de P\u00f3s-Doutoramento<\/span><\/td><td class=\"Basic-Table CellOverride-2\"><span class=\"CharOverride-2\" lang=\"en-US\">Janeiro a Agosto de 2021<\/span><\/td><\/tr><tr class=\"Basic-Table _idGenTableRowColumn-8\"><td class=\"Basic-Table CellOverride-2\"><span class=\"CharOverride-2\" lang=\"en-US\">Charliton Jos\u00e9 dos Santos Machado<\/span><\/td><td class=\"Basic-Table CellOverride-2\"><span class=\"CharOverride-2\" lang=\"en-US\">Universidade Federal da Para\u00edba<\/span><\/td><td class=\"Basic-Table CellOverride-2\"><span class=\"CharOverride-2\" lang=\"en-US\">Brasil<\/span><\/td><td class=\"Basic-Table CellOverride-2\"><span class=\"CharOverride-2\" lang=\"en-US\">Investigador de P\u00f3s-Doutoramento<\/span><\/td><td class=\"Basic-Table CellOverride-2\"><span class=\"CharOverride-2\" lang=\"en-US\">Janeiro a Agosto de 2021<\/span><\/td><\/tr><\/tbody><\/table><\/div>\t\t\t\t\t\t\t\t<\/div>\n\t\t\t\t<\/div>\n\t\t\t\t\t<\/div>\n\t\t<\/div>\n\t\t\t\t\t<\/div>\n\t\t<\/section>\n\t\t\t\t<\/div>","protected":false},"excerpt":{"rendered":"<p>Nome Institui\u00e7\u00e3o Pa\u00eds Posi\u00e7\u00e3o\/ Categoria Data\/ Per\u00edodo Markku M. Sippola Faculty of Social Sciences at the University of&#8230;<\/p>","protected":false},"author":2,"featured_media":0,"parent":0,"menu_order":0,"comment_status":"closed","ping_status":"closed","template":"","meta":{"_acf_changed":false,"footnotes":""},"class_list":["post-30511","page","type-page","status-publish","hentry"],"acf":[],"_links":{"self":[{"href":"https:\/\/cead.ualg.pt\/site\/en\/wp-json\/wp\/v2\/pages\/30511","targetHints":{"allow":["GET"]}}],"collection":[{"href":"https:\/\/cead.ualg.pt\/site\/en\/wp-json\/wp\/v2\/pages"}],"about":[{"href":"https:\/\/cead.ualg.pt\/site\/en\/wp-json\/wp\/v2\/types\/page"}],"author":[{"embeddable":true,"href":"https:\/\/cead.ualg.pt\/site\/en\/wp-json\/wp\/v2\/users\/2"}],"replies":[{"embeddable":true,"href":"https:\/\/cead.ualg.pt\/site\/en\/wp-json\/wp\/v2\/comments?post=30511"}],"version-history":[{"count":27,"href":"https:\/\/cead.ualg.pt\/site\/en\/wp-json\/wp\/v2\/pages\/30511\/revisions"}],"predecessor-version":[{"id":31505,"href":"https:\/\/cead.ualg.pt\/site\/en\/wp-json\/wp\/v2\/pages\/30511\/revisions\/31505"}],"wp:attachment":[{"href":"https:\/\/cead.ualg.pt\/site\/en\/wp-json\/wp\/v2\/media?parent=30511"}],"curies":[{"name":"wp","href":"https:\/\/api.w.org\/{rel}","templated":true}]}}