{"id":30505,"date":"2020-11-13T16:59:39","date_gmt":"2020-11-13T16:59:39","guid":{"rendered":"https:\/\/cead.ualg.pt\/site\/?page_id=30505"},"modified":"2020-11-15T21:11:28","modified_gmt":"2020-11-15T21:11:28","slug":"redes-e-instituicoes","status":"publish","type":"page","link":"https:\/\/cead.ualg.pt\/site\/en\/redes-e-instituicoes\/","title":{"rendered":"Networks and institutions"},"content":{"rendered":"<div data-elementor-type=\"wp-page\" data-elementor-id=\"30505\" class=\"elementor elementor-30505\" data-elementor-post-type=\"page\">\n\t\t\t\t\t\t<section class=\"elementor-section elementor-top-section elementor-element elementor-element-02f4cfb elementor-section-content-top elementor-reverse-mobile elementor-section-boxed elementor-section-height-default elementor-section-height-default neuron-fixed-no\" data-id=\"02f4cfb\" data-element_type=\"section\" data-e-type=\"section\">\n\t\t\t\t\t\t<div class=\"elementor-container elementor-column-gap-no\">\n\t\t\t\t\t<div class=\"elementor-column elementor-col-100 elementor-top-column elementor-element elementor-element-d2330de\" data-id=\"d2330de\" data-element_type=\"column\" data-e-type=\"column\">\n\t\t\t<div class=\"elementor-widget-wrap elementor-element-populated\">\n\t\t\t\t\t\t<div class=\"elementor-element elementor-element-54e7f77 elementor-widget elementor-widget-text-editor\" data-id=\"54e7f77\" data-element_type=\"widget\" data-e-type=\"widget\" data-widget_type=\"text-editor.default\">\n\t\t\t\t<div class=\"elementor-widget-container\">\n\t\t\t\t\t\t\t\t\t<h5><span style=\"color: #000000;\">National\u00a0<\/span><\/h5><p><span style=\"color: #000000;\">CEAD researchers have collaborated or collaborate with national institutions and networks of a diverse nature:<\/span><\/p><p><span style=\"color: #000000;\">\u00a0<\/span><\/p><p><a href=\"http:\/\/www.spce.org.pt\/\" target=\"_blank\" rel=\"noopener\"><span style=\"color: #000000;\">SPCE (Sociedade Portuguesa de Ci\u00eancias da Educa\u00e7\u00e3o)<\/span><\/a><\/p><p><a href=\"https:\/\/www.anqep.gov.pt\/np4\/home.html\" target=\"_blank\" rel=\"noopener\"><span style=\"color: #000000;\">ANQEP (Ag\u00eancia Nacional para a Qualifica\u00e7\u00e3o e o Ensino Profissional)<\/span><\/a><\/p><p><a href=\"http:\/\/www.apcep.pt\/\" target=\"_blank\" rel=\"noopener\"><span style=\"color: #000000;\">APCEP (Associa\u00e7\u00e3o Portuguesa para a Cultura e Educa\u00e7\u00e3o Permanente)<\/span><\/a><\/p><p><a href=\"https:\/\/ipfp.pt\/\" target=\"_blank\" rel=\"noopener\"><span style=\"color: #000000;\">IPF Portugal (Instituto Paulo Freire de Portugal)<\/span><\/a><\/p><p><a href=\"https:\/\/www.igec.mec.pt\/\" target=\"_blank\" rel=\"noopener\"><span style=\"color: #000000;\">IGEC (Inspe\u00e7\u00e3o-Geral da Educa\u00e7\u00e3o e Ci\u00eancia)<\/span><\/a><\/p><p><a href=\"http:\/\/www.in-loco.pt\/\" target=\"_blank\" rel=\"noopener\"><span style=\"color: #000000;\">Associa\u00e7\u00e3o In Loco<\/span><\/a><\/p><p><a href=\"https:\/\/www.iefp.pt\/\" target=\"_blank\" rel=\"noopener\"><span style=\"color: #000000;\">Instituto de Emprego e Forma\u00e7\u00e3o Profissional<\/span><\/a><\/p><p><a href=\"https:\/\/apem-estudos.org\/pt\/\" target=\"_blank\" rel=\"noopener\"><span style=\"color: #000000;\">Associa\u00e7\u00e3o Portuguesa de Estudos sobre as Mulheres (APEM)<\/span><\/a><\/p><p><a href=\"https:\/\/www.cig.gov.pt\/\" target=\"_blank\" rel=\"noopener\"><span style=\"color: #000000;\">Comiss\u00e3o para a Cidadania e Igualdade de G\u00e9nero (CIG)<\/span><\/a><\/p><p><a href=\"https:\/\/www.cim-ttm.pt\/\" target=\"_blank\" rel=\"noopener\"><span style=\"color: #000000;\">Comunidade Intermunicipal Terras de Tr\u00e1s-os-Montes (CIM-TT)<\/span><\/a><\/p><p><a href=\"http:\/\/www.graal.org.pt\/\" target=\"_blank\" rel=\"noopener\"><span style=\"color: #000000;\">GRAAL<\/span><\/a><\/p><p><span style=\"color: #000000;\"><a href=\"https:\/\/www.cig.gov.pt\/acoes-no-terreno\/projetos\/guioes-educacao-genero-cidadania-estrategia-mainstreaming-genero-na-educacao-sistema-educativo\/\" target=\"_blank\" rel=\"noopener\">Rede Coeduca\u00e7\u00e3o \u2013 (CIG)<\/a> <\/span><\/p><p><span style=\"color: #000000;\"><a href=\"http:\/\/associacaopromotoradaeducacaosocial.blogspot.com\/\" target=\"_blank\" rel=\"noopener\">APES (Associa\u00e7\u00e3o Promotora da Educa\u00e7\u00e3o Social)<\/a>\u00a0<\/span><\/p><p><span style=\"color: #000000;\"><a href=\"http:\/\/www.aptses.pt\/\" target=\"_blank\" rel=\"noopener\">APTSES (Associa\u00e7\u00e3o dos Profissionais T\u00e9cnicos Superiores de Educa\u00e7\u00e3o Social)<\/a>\u00a0<\/span><\/p><p><a href=\"https:\/\/www.facebook.com\/pg\/ANPEFA\/about\/\" target=\"_blank\" rel=\"noopener\"><span style=\"color: #000000;\">ANPEFA (Associa\u00e7\u00e3o Nacional de Profissionais de Educa\u00e7\u00e3o e Forma\u00e7\u00e3o de Adultos)<\/span><\/a><\/p><p><a href=\"https:\/\/www.facebook.com\/direitodeaprender\/\" target=\"_blank\" rel=\"noopener\"><span style=\"color: #000000;\">ADA (Associa\u00e7\u00e3o \u2018O Direito de Aprender\u2019)<\/span><\/a><\/p><p><span style=\"color: #000000;\">\u00a0<\/span><\/p><h5><span style=\"color: #000000;\">International<\/span><\/h5><p><a href=\"http:\/\/esrea.org\/\" target=\"_blank\" rel=\"noopener\"><span style=\"color: #000000;\">ESREA (European Society for Research on the Education of Adults)<\/span><\/a><\/p><p><a href=\"https:\/\/asemlllhub.org\/researchnetworks\/lifelonglearningtransitions\/\" target=\"_blank\" rel=\"noopener\"><span style=\"color: #000000;\">ASEM (Asia-Europe Meeting) Education and Research Hub for Lifelong Learning<\/span><\/a><\/p><p><a href=\"https:\/\/www.socialpedagogy.org\/\" target=\"_blank\" rel=\"noopener\"><span style=\"color: #000000;\">SPA &#8211; Social Pedagogy Association<\/span><\/a><\/p><p>\u00a0<\/p><p>\u00a0<\/p><p>\u00a0<\/p>\t\t\t\t\t\t\t\t<\/div>\n\t\t\t\t<\/div>\n\t\t\t\t\t<\/div>\n\t\t<\/div>\n\t\t\t\t\t<\/div>\n\t\t<\/section>\n\t\t\t\t<\/div>","protected":false},"excerpt":{"rendered":"<p>Nacionais&nbsp; Os investigadores do CEAD t\u00eam colaborado\/ colaboram com institui\u00e7\u00f5es e redes nacionais de naturezas diversas: SPCE (Sociedade&#8230;<\/p>","protected":false},"author":2,"featured_media":0,"parent":0,"menu_order":0,"comment_status":"closed","ping_status":"closed","template":"","meta":{"_acf_changed":false,"footnotes":""},"class_list":["post-30505","page","type-page","status-publish","hentry"],"acf":[],"_links":{"self":[{"href":"https:\/\/cead.ualg.pt\/site\/en\/wp-json\/wp\/v2\/pages\/30505","targetHints":{"allow":["GET"]}}],"collection":[{"href":"https:\/\/cead.ualg.pt\/site\/en\/wp-json\/wp\/v2\/pages"}],"about":[{"href":"https:\/\/cead.ualg.pt\/site\/en\/wp-json\/wp\/v2\/types\/page"}],"author":[{"embeddable":true,"href":"https:\/\/cead.ualg.pt\/site\/en\/wp-json\/wp\/v2\/users\/2"}],"replies":[{"embeddable":true,"href":"https:\/\/cead.ualg.pt\/site\/en\/wp-json\/wp\/v2\/comments?post=30505"}],"version-history":[{"count":6,"href":"https:\/\/cead.ualg.pt\/site\/en\/wp-json\/wp\/v2\/pages\/30505\/revisions"}],"predecessor-version":[{"id":30581,"href":"https:\/\/cead.ualg.pt\/site\/en\/wp-json\/wp\/v2\/pages\/30505\/revisions\/30581"}],"wp:attachment":[{"href":"https:\/\/cead.ualg.pt\/site\/en\/wp-json\/wp\/v2\/media?parent=30505"}],"curies":[{"name":"wp","href":"https:\/\/api.w.org\/{rel}","templated":true}]}}