{"id":30488,"date":"2020-11-13T12:38:41","date_gmt":"2020-11-13T12:38:41","guid":{"rendered":"https:\/\/cead.ualg.pt\/site\/?page_id=30488"},"modified":"2020-11-15T21:10:59","modified_gmt":"2020-11-15T21:10:59","slug":"projetos-comunitarios-e-prestacao-de-servicos","status":"publish","type":"page","link":"https:\/\/cead.ualg.pt\/site\/en\/projetos-comunitarios-e-prestacao-de-servicos\/","title":{"rendered":"Community projects and services"},"content":{"rendered":"\t\t<div data-elementor-type=\"wp-page\" data-elementor-id=\"30488\" class=\"elementor elementor-30488\" data-elementor-post-type=\"page\">\n\t\t\t\t\t\t<section class=\"elementor-section elementor-top-section elementor-element elementor-element-76ed8a8 elementor-section-boxed elementor-section-height-default elementor-section-height-default neuron-fixed-no\" data-id=\"76ed8a8\" data-element_type=\"section\" data-e-type=\"section\">\n\t\t\t\t\t\t<div class=\"elementor-container elementor-column-gap-default\">\n\t\t\t\t\t<div class=\"elementor-column elementor-col-100 elementor-top-column elementor-element elementor-element-b6e6f71\" data-id=\"b6e6f71\" data-element_type=\"column\" data-e-type=\"column\">\n\t\t\t<div class=\"elementor-widget-wrap elementor-element-populated\">\n\t\t\t\t\t\t<div class=\"elementor-element elementor-element-e407ade elementor-widget elementor-widget-text-editor\" data-id=\"e407ade\" data-element_type=\"widget\" data-e-type=\"widget\" data-widget_type=\"text-editor.default\">\n\t\t\t\t<div class=\"elementor-widget-container\">\n\t\t\t\t\t\t\t\t\t<div><p><strong><span style=\"color: #000000;\">Os investigadores do CEAD colaboram ativamente com institui\u00e7\u00f5es e grupos comunit\u00e1rios, seja atrav\u00e9s de projetos de interven\u00e7\u00e3o comunit\u00e1ria, seja prestando servi\u00e7os de natureza variada. Para mais informa\u00e7\u00f5es sobre estas colabora\u00e7\u00f5es, contacte diretamente os investigadores do CEAD indicados na tabela abaixo.<\/span><\/strong><\/p><p><strong><span style=\"color: #000000;\">\u00a0<\/span><\/strong><\/p><div id=\"_idContainer000\" class=\"_idGenObjectStyleOverride-1\"><table id=\"table001\" class=\"Basic-Table\"><colgroup> <col class=\"_idGenTableRowColumn-1\" \/> <col class=\"_idGenTableRowColumn-2\" \/> <col class=\"_idGenTableRowColumn-3\" \/> <col class=\"_idGenTableRowColumn-4\" \/> <\/colgroup><tbody><tr class=\"Basic-Table _idGenTableRowColumn-5\"><td class=\"Basic-Table CellOverride-1\"><p class=\"Basic-Paragraph\"><span class=\"CharOverride-1\">Membros do CEAD envolvidos<\/span><\/p><\/td><td class=\"Basic-Table CellOverride-1\"><p class=\"Basic-Paragraph\"><span class=\"CharOverride-1\">Iniciativa<\/span><\/p><\/td><td class=\"Basic-Table CellOverride-1\"><p class=\"Basic-Paragraph\"><span class=\"CharOverride-1\">Parcerias<\/span><\/p><\/td><td class=\"Basic-Table CellOverride-1\"><p class=\"Basic-Paragraph\"><span class=\"CharOverride-1\">Data<\/span><\/p><\/td><\/tr><tr class=\"Basic-Table _idGenTableRowColumn-6\"><td class=\"Basic-Table CellOverride-2\"><p class=\"Basic-Paragraph\">Helena Quintas<\/p><\/td><td class=\"Basic-Table CellOverride-2\"><p class=\"Basic-Paragraph\">Projeto de Avalia\u00e7\u00e3o Externa de Escolas<\/p><\/td><td class=\"Basic-Table CellOverride-2\"><p class=\"Basic-Paragraph\">IGEC (Inspe\u00e7\u00e3o-Geral da Educa\u00e7\u00e3o e Ci\u00eancia)<\/p><p class=\"Basic-Paragraph\">Un. do Algarve<\/p><\/td><td class=\"Basic-Table CellOverride-2\"><p class=\"Basic-Paragraph\">Desde 2006<\/p><\/td><\/tr><tr class=\"Basic-Table _idGenTableRowColumn-7\"><td class=\"Basic-Table CellOverride-2\"><p class=\"Basic-Paragraph\">Cristina Vieira<\/p><\/td><td class=\"Basic-Table CellOverride-2\"><p class=\"Basic-Paragraph\">Ju\u00edza Social &#8211; 1\u00aa Sec\u00e7\u00e3o de Fam\u00edlia e Menores de Coimbra | Tribunal Judicial da Comarca de Coimbra.<\/p><\/td><td class=\"Basic-Table CellOverride-2\">\u00a0<\/td><td class=\"Basic-Table CellOverride-2\"><p class=\"Basic-Paragraph\">Desde 2017<\/p><\/td><\/tr><tr class=\"Basic-Table _idGenTableRowColumn-6\"><td class=\"Basic-Table CellOverride-2\"><p class=\"Basic-Paragraph\">Sofia Bergano<\/p><\/td><td class=\"Basic-Table CellOverride-2\"><p class=\"Basic-Paragraph\">Monitoriza\u00e7\u00e3o dos projetos desenvolvidos no \u00e2mbito do Plano Integrado e Inovador de Combate ao Insucesso Escolar (PIICIE)<\/p><\/td><td class=\"Basic-Table CellOverride-2\"><p class=\"Basic-Paragraph\">Comunidade Intermunicipal Terras de Tr\u00e1s-os-Montes (CIM TT)<\/p><p class=\"Basic-Paragraph\">IP de Bragan\u00e7a<\/p><\/td><td class=\"Basic-Table CellOverride-2\"><p class=\"Basic-Paragraph\">Desde 2019<\/p><\/td><\/tr><tr class=\"Basic-Table _idGenTableRowColumn-8\"><td class=\"Basic-Table CellOverride-2\"><p class=\"Basic-Paragraph\">Helena Quintas<\/p><\/td><td class=\"Basic-Table CellOverride-2\"><p class=\"Basic-Paragraph\">Projeto EQAVET (Quadro de Refer\u00eancia Europeu de Garantia da Qualidade para o Ensino e a Forma\u00e7\u00e3o Profissionais)<\/p><\/td><td class=\"Basic-Table CellOverride-2\"><p class=\"Basic-Paragraph\">ANQEP (Ag\u00eancia Nacional para a Qualifica\u00e7\u00e3o e o Ensino Profissional)<\/p><p class=\"Basic-Paragraph\">Un. do Algarve<\/p><\/td><td class=\"Basic-Table CellOverride-2\"><p class=\"Basic-Paragraph\">Desde 2019<\/p><\/td><\/tr><tr class=\"Basic-Table _idGenTableRowColumn-9\"><td class=\"Basic-Table CellOverride-2\"><p class=\"Basic-Paragraph\">Rosanna Barros<\/p><\/td><td class=\"Basic-Table CellOverride-2\"><p class=\"Links\"><a href=\"https:\/\/www.aectavira.pt\/index.php\/projetos\/projeto-dmas-rural\" target=\"_blank\" rel=\"noopener\">[Projeto ALG-06-4234-FSE-000022. Projetos para a sustentabilidade, inova\u00e7\u00e3o e experimenta\u00e7\u00e3o social &#8211; Programa de Parcerias para o Impacto. PORTUGAL INOVA\u00c7\u00c3O SOCIAL]\u00a0<\/a><\/p><p class=\"Links\"><a style=\"background-color: transparent; font-size: 1.16667rem; font-weight: 500;\" href=\"https:\/\/www.aectavira.pt\/index.php\/projetos\/projeto-dmas-rural\" target=\"_blank\" rel=\"noopener\">LADO A LADO &#8211; Dispositivo M\u00f3vel de Anima\u00e7\u00e3o Sociocultural Rural (DMAR).<\/a><\/p><\/td><td class=\"Basic-Table CellOverride-2\"><p class=\"Basic-Paragraph\">Associa\u00e7\u00e3o em Contato Tavira em parceria com a Un. do Algarve<\/p><\/td><td class=\"Basic-Table CellOverride-2\"><p class=\"Basic-Paragraph\">2019-2022<\/p><\/td><\/tr><tr class=\"Basic-Table _idGenTableRowColumn-10\"><td class=\"Basic-Table CellOverride-2\"><p class=\"Basic-Paragraph\">Sofia Bergano<\/p><\/td><td class=\"Basic-Table CellOverride-2\"><p class=\"Basic-Paragraph\">Equipa (externa) de Colabora\u00e7\u00e3o para a Sistematiza\u00e7\u00e3o de experi\u00eancias de aprendizagem do \u201cProjeto Escolas Transformadoras: contributos para uma mudan\u00e7a social a partir da Educa\u00e7\u00e3o para o Desenvolvimento e para a Cidadania Global na Escola\u201d<\/p><\/td><td class=\"Basic-Table CellOverride-2\"><p class=\"Basic-Paragraph\">Funda\u00e7\u00e3o Gon\u00e7alo da Silveira (FGS)<\/p><p class=\"Basic-Paragraph\">IP Beja<\/p><p class=\"Basic-Paragraph\">IP Viana do Castelo<\/p><p class=\"Basic-Paragraph\">IP Santar\u00e9m<\/p><p class=\"Basic-Paragraph\">IP de Bragan\u00e7a<\/p><\/td><td class=\"Basic-Table CellOverride-2\"><p class=\"Basic-Paragraph\">2019 a 2020<\/p><\/td><\/tr><tr class=\"Basic-Table _idGenTableRowColumn-11\"><td class=\"Basic-Table CellOverride-2\"><p class=\"Basic-Paragraph\">Cristina Vieira<\/p><\/td><td class=\"Basic-Table CellOverride-2\"><p class=\"Links\"><a href=\"https:\/\/coolabora.pt\/project\/3120\/\" target=\"_blank\" rel=\"noopener\">Perita externa do CUIDAdania &#8211; Cuidado e Cidadania na Promo\u00e7\u00e3o da Igualdade<br \/><\/a><\/p><p class=\"Links\"><a href=\"https:\/\/coolabora.pt\/project\/3120\/\" target=\"_blank\" rel=\"noopener\">Projeto POISE-03-4436-FSE-001014, financiado pelo POISE, gerido pela Comiss\u00e3o para a Cidadania e a Igualdade de G\u00e9nero.<\/a><\/p><\/td><td class=\"Basic-Table CellOverride-2\"><p class=\"Basic-Paragraph\">POISE<\/p><p class=\"Basic-Paragraph\">Comiss\u00e3o para a Cidadania e a Igualdade de G\u00e9nero<\/p><p class=\"Basic-Paragraph\">Coolabora, CRL-Covilh\u00e3<\/p><\/td><td class=\"Basic-Table CellOverride-2\"><p class=\"Basic-Paragraph\">De 2019 a 2021<\/p><\/td><\/tr><tr class=\"Basic-Table _idGenTableRowColumn-12\"><td class=\"Basic-Table CellOverride-2\"><p class=\"Basic-Paragraph\">Rosanna Barros<\/p><\/td><td class=\"Basic-Table CellOverride-2\"><p class=\"Links\"><a href=\"https:\/\/fgs.org.pt\/pt\/edxperimentar\/\" target=\"_blank\" rel=\"noopener\">Avaliadora Externa-Amiga Cr\u00edtica do Projeto:\u00a0<\/a><\/p><p class=\"Links\"><a href=\"https:\/\/fgs.org.pt\/pt\/edxperimentar\/\" target=\"_blank\" rel=\"noopener\">EDxperimentar: Laborat\u00f3rios de Cidadania Global &amp; Desenvolvimento em meio escolar.<\/a><\/p><\/td><td class=\"Basic-Table CellOverride-2\"><p class=\"Basic-Paragraph\">Funda\u00e7\u00e3o Gon\u00e7alo da Silveira (FGS)<\/p><\/td><td class=\"Basic-Table CellOverride-2\"><p class=\"Basic-Paragraph\">2019-2022<\/p><\/td><\/tr><tr class=\"Basic-Table _idGenTableRowColumn-11\"><td class=\"Basic-Table CellOverride-2\"><p class=\"Basic-Paragraph\">Cristina Vieira<\/p><\/td><td class=\"Basic-Table CellOverride-2\"><p class=\"Links\"><a href=\"https:\/\/fgs.org.pt\/pt\/educacao-para-a-cidadania\/\" target=\"_blank\" rel=\"noopener\">Membro do Painel Consultivo do Projeto \u201cEduca\u00e7\u00e3o para a Cidadania\u201d. Programa Cidad\u00e3os Ativ@s, financiado pelo EEA Grants e gerido em Portugal pela Funda\u00e7\u00e3o Calouste Gulbenkian, em cons\u00f3rcio com a Funda\u00e7\u00e3o Bissaya Barreto.<\/a><\/p><\/td><td class=\"Basic-Table CellOverride-2\"><p class=\"Basic-Paragraph\">Funda\u00e7\u00e3o Gon\u00e7alo da Silveira (FGS)<\/p><p class=\"Basic-Paragraph\">Centro de Investiga\u00e7\u00e3o para o Desenvolvimento Humano da Universidade Cat\u00f3lica Portuguesa \u2013 Centro Regional do Porto (CEDH-UCP)<\/p><\/td><td class=\"Basic-Table CellOverride-2\"><p class=\"Basic-Paragraph\">2019 a 2022<\/p><\/td><\/tr><tr class=\"Basic-Table _idGenTableRowColumn-6\"><td class=\"Basic-Table CellOverride-2\"><p class=\"Basic-Paragraph\">Gra\u00e7a Santos \/\u00a0<span style=\"background-color: transparent; font-size: 1.16667rem; font-weight: 500;\">Sofia Bergano<\/span><\/p><\/td><td class=\"Basic-Table CellOverride-2\"><p class=\"Basic-Paragraph\">Desenvolvimento do Projeto Estrat\u00e9gico Municipal e Atualiza\u00e7\u00e3o \/Reformula\u00e7\u00e3o da Carta Educativa do Concelho de Mirandela<\/p><\/td><td class=\"Basic-Table CellOverride-2\"><p class=\"Basic-Paragraph\">C\u00e2mara Municipal de Mirandela;<\/p><p class=\"Basic-Paragraph\">IP de Bragan\u00e7a<\/p><\/td><td class=\"Basic-Table CellOverride-2\"><p class=\"Basic-Paragraph\">2020<\/p><\/td><\/tr><tr class=\"Basic-Table _idGenTableRowColumn-8\"><td class=\"Basic-Table CellOverride-2\"><p class=\"Basic-Paragraph\">Gra\u00e7a Santos<\/p><\/td><td class=\"Basic-Table CellOverride-2\"><p class=\"Basic-Paragraph\">Projeto Estudo sobre as Cren\u00e7as, Saberes e Pr\u00e1ticas dos Professores, no \u00e2mbito do Plano Integrado e Inovador de Combate ao Insucesso Escolar<\/p><\/td><td class=\"Basic-Table CellOverride-2\"><p class=\"Basic-Paragraph\">Comunidade Intermunicipal das Terras de Tr\u00e1s-os-Montes (CIM-TTM);<\/p><p class=\"Basic-Paragraph\">IP de Bragan\u00e7a<\/p><\/td><td class=\"Basic-Table CellOverride-2\"><p class=\"Basic-Paragraph\">2020<\/p><\/td><\/tr><tr class=\"Basic-Table _idGenTableRowColumn-11\"><td class=\"Basic-Table CellOverride-2\"><p class=\"Basic-Paragraph\">Cristina Vieira<\/p><\/td><td class=\"Basic-Table CellOverride-2\"><p class=\"Links\"><a href=\"http:\/\/www.graal.org.pt\/pt\/actividade\/projecto-a-decorrer\/-n-amor-2\" target=\"_blank\" rel=\"noopener\">Avaliadora externa do \u201c(N)amor:2: rela\u00e7\u00f5es igualit\u00e1rias e sem viol\u00eancia\u201d. Projeto n\u00ba POISE-03-4436-FSE-001011, financiado pelo POISE, gerido pela Comiss\u00e3o para a Cidadania e a Igualdade de G\u00e9nero.<\/a><\/p><\/td><td class=\"Basic-Table CellOverride-2\"><p class=\"Basic-Paragraph\">GRAAL Coimbra<\/p><p class=\"Basic-Paragraph\">POISE<\/p><p class=\"Basic-Paragraph\">Comiss\u00e3o para a Cidadania e a Igualdade de G\u00e9nero<\/p><\/td><td class=\"Basic-Table CellOverride-2\">\u00a0<\/td><\/tr><tr class=\"Basic-Table _idGenTableRowColumn-12\"><td class=\"Basic-Table CellOverride-2\"><p class=\"Basic-Paragraph\">Cristina Vieira<\/p><\/td><td class=\"Basic-Table CellOverride-2\"><p class=\"Links\"><a href=\"https:\/\/caritascoimbra.pt\/project\/conselhos-reporteres-55\/\" target=\"_blank\" rel=\"noopener\">Cons\u00a9elhos Rep\u00f3rteres 55+. Financiado por Funda\u00e7\u00e3o Banc\u00e1ria \u2018la Caixa\u2019 RURAL 2019<\/a><\/p><\/td><td class=\"Basic-Table CellOverride-2\"><p class=\"Basic-Paragraph\">Entidade proponente: C\u00e1ritas Diocesana de Coimbra, em parceria com a Universidade de Coimbra<\/p><\/td><td class=\"Basic-Table CellOverride-2\"><p class=\"Basic-Paragraph\">2020 a 2022<\/p><div><strong><span style=\"color: #000000;\">\u00a0<\/span><\/strong><\/div><div id=\"_idContainer000\" class=\"_idGenObjectStyleOverride-1\"><table id=\"table001\" class=\"Tabela-Site-CEAD\"><colgroup> <col class=\"_idGenTableRowColumn-1\" \/> <col class=\"_idGenTableRowColumn-2\" \/> <col class=\"_idGenTableRowColumn-3\" \/> <col class=\"_idGenTableRowColumn-4\" \/> <\/colgroup><\/table><\/div><\/td><\/tr><\/tbody><\/table><\/div><\/div>\t\t\t\t\t\t\t\t<\/div>\n\t\t\t\t<\/div>\n\t\t\t\t\t<\/div>\n\t\t<\/div>\n\t\t\t\t\t<\/div>\n\t\t<\/section>\n\t\t\t\t<\/div>\n\t\t","protected":false},"excerpt":{"rendered":"<p>Os investigadores do CEAD colaboram ativamente com institui\u00e7\u00f5es e grupos comunit\u00e1rios, seja atrav\u00e9s de projetos de interven\u00e7\u00e3o comunit\u00e1ria,&#8230;<\/p>","protected":false},"author":2,"featured_media":0,"parent":0,"menu_order":0,"comment_status":"closed","ping_status":"closed","template":"","meta":{"_acf_changed":false,"footnotes":""},"class_list":["post-30488","page","type-page","status-publish","hentry"],"acf":[],"_links":{"self":[{"href":"https:\/\/cead.ualg.pt\/site\/en\/wp-json\/wp\/v2\/pages\/30488","targetHints":{"allow":["GET"]}}],"collection":[{"href":"https:\/\/cead.ualg.pt\/site\/en\/wp-json\/wp\/v2\/pages"}],"about":[{"href":"https:\/\/cead.ualg.pt\/site\/en\/wp-json\/wp\/v2\/types\/page"}],"author":[{"embeddable":true,"href":"https:\/\/cead.ualg.pt\/site\/en\/wp-json\/wp\/v2\/users\/2"}],"replies":[{"embeddable":true,"href":"https:\/\/cead.ualg.pt\/site\/en\/wp-json\/wp\/v2\/comments?post=30488"}],"version-history":[{"count":34,"href":"https:\/\/cead.ualg.pt\/site\/en\/wp-json\/wp\/v2\/pages\/30488\/revisions"}],"predecessor-version":[{"id":30580,"href":"https:\/\/cead.ualg.pt\/site\/en\/wp-json\/wp\/v2\/pages\/30488\/revisions\/30580"}],"wp:attachment":[{"href":"https:\/\/cead.ualg.pt\/site\/en\/wp-json\/wp\/v2\/media?parent=30488"}],"curies":[{"name":"wp","href":"https:\/\/api.w.org\/{rel}","templated":true}]}}