{"id":30243,"date":"2020-09-08T16:10:00","date_gmt":"2020-09-08T16:10:00","guid":{"rendered":"https:\/\/cead.ualg.pt\/site\/?page_id=30243"},"modified":"2021-02-12T16:19:29","modified_gmt":"2021-02-12T16:19:29","slug":"noticias","status":"publish","type":"page","link":"https:\/\/cead.ualg.pt\/site\/en\/noticias\/","title":{"rendered":"News"},"content":{"rendered":"<div data-elementor-type=\"wp-page\" data-elementor-id=\"30243\" class=\"elementor elementor-30243\" data-elementor-post-type=\"page\">\n\t\t\t\t\t\t<section class=\"elementor-section elementor-top-section elementor-element elementor-element-d62f0d6 elementor-section-boxed elementor-section-height-default elementor-section-height-default neuron-fixed-no\" data-id=\"d62f0d6\" data-element_type=\"section\" data-e-type=\"section\">\n\t\t\t\t\t\t<div class=\"elementor-container elementor-column-gap-default\">\n\t\t\t\t\t<div class=\"elementor-column elementor-col-100 elementor-top-column elementor-element elementor-element-6460b03\" data-id=\"6460b03\" data-element_type=\"column\" data-e-type=\"column\">\n\t\t\t<div class=\"elementor-widget-wrap elementor-element-populated\">\n\t\t\t\t\t\t<div class=\"elementor-element elementor-element-0f78597 animated-slow elementor-grid-3 elementor-grid-tablet-2 elementor-grid-mobile-1 elementor-posts--thumbnail-top elementor-invisible elementor-widget elementor-widget-posts\" data-id=\"0f78597\" data-element_type=\"widget\" data-e-type=\"widget\" data-settings=\"{&quot;pagination_type&quot;:&quot;prev_next&quot;,&quot;classic_row_gap&quot;:{&quot;unit&quot;:&quot;px&quot;,&quot;size&quot;:50,&quot;sizes&quot;:[]},&quot;_animation&quot;:&quot;fadeInDown&quot;,&quot;classic_columns&quot;:&quot;3&quot;,&quot;classic_columns_tablet&quot;:&quot;2&quot;,&quot;classic_columns_mobile&quot;:&quot;1&quot;,&quot;classic_row_gap_tablet&quot;:{&quot;unit&quot;:&quot;px&quot;,&quot;size&quot;:&quot;&quot;,&quot;sizes&quot;:[]},&quot;classic_row_gap_mobile&quot;:{&quot;unit&quot;:&quot;px&quot;,&quot;size&quot;:&quot;&quot;,&quot;sizes&quot;:[]}}\" data-widget_type=\"posts.classic\">\n\t\t\t\t<div class=\"elementor-widget-container\">\n\t\t\t\t\t\t\t<div class=\"elementor-posts-container elementor-posts elementor-posts--skin-classic elementor-grid\">\n\t\t\t\t<article class=\"elementor-post elementor-grid-item post-30736 post type-post status-publish format-standard has-post-thumbnail hentry category-noticias\">\n\t\t\t\t<a class=\"elementor-post__thumbnail__link\" href=\"https:\/\/cead.ualg.pt\/site\/en\/2021\/10\/25\/quer-juntar-se-a-nos-2\/\" tabindex=\"-1\" target=\"&quot;_blank&quot;\">\n\t\t\t<div class=\"elementor-post__thumbnail\"><img fetchpriority=\"high\" decoding=\"async\" width=\"300\" height=\"200\" src=\"https:\/\/cead.ualg.pt\/site\/wp-content\/uploads\/sites\/4\/2020\/09\/Noticia_1-300x200.jpg\" class=\"attachment-medium size-medium wp-image-30324\" alt=\"\" srcset=\"https:\/\/cead.ualg.pt\/site\/wp-content\/uploads\/sites\/4\/2020\/09\/Noticia_1-300x200.jpg 300w, https:\/\/cead.ualg.pt\/site\/wp-content\/uploads\/sites\/4\/2020\/09\/Noticia_1.jpg 601w\" sizes=\"(max-width: 300px) 100vw, 300px\" \/><\/div>\n\t\t<\/a>\n\t\t\t\t<div class=\"elementor-post__text\">\n\t\t\t\t<h3 class=\"elementor-post__title\">\n\t\t\t<a href=\"https:\/\/cead.ualg.pt\/site\/en\/2021\/10\/25\/quer-juntar-se-a-nos-2\/\" target=\"&quot;_blank&quot;\">\n\t\t\t\tWant to join us?\t\t\t<\/a>\n\t\t<\/h3>\n\t\t\t\t<div class=\"elementor-post__excerpt\">\n\t\t\t<p>If you want to be a CEAD researcher the process is simple:\n1. Write an email to...<\/p>\n\t\t<\/div>\n\t\t\n\t\t<a class=\"elementor-post__read-more\" href=\"https:\/\/cead.ualg.pt\/site\/en\/2021\/10\/25\/quer-juntar-se-a-nos-2\/\" aria-label=\"Read more about Quer juntar-se a n\u00f3s?\" tabindex=\"-1\" target=\"_blank\">\n\t\t\tLer   &gt;&gt;\t\t<\/a>\n\n\t\t\t\t<\/div>\n\t\t\t\t<\/article>\n\t\t\t\t<article class=\"elementor-post elementor-grid-item post-30877 post type-post status-publish format-standard has-post-thumbnail hentry category-noticias\">\n\t\t\t\t<a class=\"elementor-post__thumbnail__link\" href=\"https:\/\/cead.ualg.pt\/site\/en\/2021\/10\/25\/livro\/\" tabindex=\"-1\" target=\"&quot;_blank&quot;\">\n\t\t\t<div class=\"elementor-post__thumbnail\"><img decoding=\"async\" width=\"300\" height=\"200\" src=\"https:\/\/cead.ualg.pt\/site\/wp-content\/uploads\/sites\/4\/2021\/10\/Noticia_2_Capa_livro-300x200.jpg\" class=\"attachment-medium size-medium wp-image-30876\" alt=\"\" srcset=\"https:\/\/cead.ualg.pt\/site\/wp-content\/uploads\/sites\/4\/2021\/10\/Noticia_2_Capa_livro-300x200.jpg 300w, https:\/\/cead.ualg.pt\/site\/wp-content\/uploads\/sites\/4\/2021\/10\/Noticia_2_Capa_livro-16x12.jpg 16w, https:\/\/cead.ualg.pt\/site\/wp-content\/uploads\/sites\/4\/2021\/10\/Noticia_2_Capa_livro.jpg 601w\" sizes=\"(max-width: 300px) 100vw, 300px\" \/><\/div>\n\t\t<\/a>\n\t\t\t\t<div class=\"elementor-post__text\">\n\t\t\t\t<h3 class=\"elementor-post__title\">\n\t\t\t<a href=\"https:\/\/cead.ualg.pt\/site\/en\/2021\/10\/25\/livro\/\" target=\"&quot;_blank&quot;\">\n\t\t\t\tBook\t\t\t<\/a>\n\t\t<\/h3>\n\t\t\t\t<div class=\"elementor-post__excerpt\">\n\t\t\t<p>Publicado no seguimento de um encontro da rede de investiga\u00e7\u00e3o da ESREA (European Society for Research on the<\/p>\n\t\t<\/div>\n\t\t\n\t\t<a class=\"elementor-post__read-more\" href=\"https:\/\/cead.ualg.pt\/site\/en\/2021\/10\/25\/livro\/\" aria-label=\"Read more about Livro\" tabindex=\"-1\" target=\"_blank\">\n\t\t\tLer   &gt;&gt;\t\t<\/a>\n\n\t\t\t\t<\/div>\n\t\t\t\t<\/article>\n\t\t\t\t<article class=\"elementor-post elementor-grid-item post-30941 post type-post status-publish format-standard has-post-thumbnail hentry category-noticias\">\n\t\t\t\t<a class=\"elementor-post__thumbnail__link\" href=\"https:\/\/cead.ualg.pt\/site\/en\/2021\/10\/24\/seminario-2\/\" tabindex=\"-1\" target=\"&quot;_blank&quot;\">\n\t\t\t<div class=\"elementor-post__thumbnail\"><img decoding=\"async\" width=\"300\" height=\"200\" src=\"https:\/\/cead.ualg.pt\/site\/wp-content\/uploads\/sites\/4\/2022\/03\/CartaEticaCEAD_1-300x200.jpg\" class=\"attachment-medium size-medium wp-image-31068\" alt=\"\" srcset=\"https:\/\/cead.ualg.pt\/site\/wp-content\/uploads\/sites\/4\/2022\/03\/CartaEticaCEAD_1-300x200.jpg 300w, https:\/\/cead.ualg.pt\/site\/wp-content\/uploads\/sites\/4\/2022\/03\/CartaEticaCEAD_1-16x12.jpg 16w, https:\/\/cead.ualg.pt\/site\/wp-content\/uploads\/sites\/4\/2022\/03\/CartaEticaCEAD_1.jpg 601w\" sizes=\"(max-width: 300px) 100vw, 300px\" \/><\/div>\n\t\t<\/a>\n\t\t\t\t<div class=\"elementor-post__text\">\n\t\t\t\t<h3 class=\"elementor-post__title\">\n\t\t\t<a href=\"https:\/\/cead.ualg.pt\/site\/en\/2021\/10\/24\/seminario-2\/\" target=\"&quot;_blank&quot;\">\n\t\t\t\tEthics Charter\t\t\t<\/a>\n\t\t<\/h3>\n\t\t\t\t<div class=\"elementor-post__excerpt\">\n\t\t\t<p>Qualquer trabalho de investiga\u00e7\u00e3o cient\u00edfica deve pautar-se por princ\u00edpios alinhados com o respeito absoluto pela vida humana, pela<\/p>\n\t\t<\/div>\n\t\t\n\t\t<a class=\"elementor-post__read-more\" href=\"https:\/\/cead.ualg.pt\/site\/en\/2021\/10\/24\/seminario-2\/\" aria-label=\"Read more about Carta \u00c9tica\" tabindex=\"-1\" target=\"_blank\">\n\t\t\tLer   &gt;&gt;\t\t<\/a>\n\n\t\t\t\t<\/div>\n\t\t\t\t<\/article>\n\t\t\t\t<\/div>\n\t\t\n\t\t\t\t\t\t<\/div>\n\t\t\t\t<\/div>\n\t\t\t\t\t<\/div>\n\t\t<\/div>\n\t\t\t\t\t<\/div>\n\t\t<\/section>\n\t\t\t\t<\/div>","protected":false},"excerpt":{"rendered":"","protected":false},"author":2,"featured_media":0,"parent":0,"menu_order":0,"comment_status":"closed","ping_status":"closed","template":"","meta":{"_acf_changed":false,"footnotes":""},"class_list":["post-30243","page","type-page","status-publish","hentry"],"acf":[],"_links":{"self":[{"href":"https:\/\/cead.ualg.pt\/site\/en\/wp-json\/wp\/v2\/pages\/30243","targetHints":{"allow":["GET"]}}],"collection":[{"href":"https:\/\/cead.ualg.pt\/site\/en\/wp-json\/wp\/v2\/pages"}],"about":[{"href":"https:\/\/cead.ualg.pt\/site\/en\/wp-json\/wp\/v2\/types\/page"}],"author":[{"embeddable":true,"href":"https:\/\/cead.ualg.pt\/site\/en\/wp-json\/wp\/v2\/users\/2"}],"replies":[{"embeddable":true,"href":"https:\/\/cead.ualg.pt\/site\/en\/wp-json\/wp\/v2\/comments?post=30243"}],"version-history":[{"count":15,"href":"https:\/\/cead.ualg.pt\/site\/en\/wp-json\/wp\/v2\/pages\/30243\/revisions"}],"predecessor-version":[{"id":30307,"href":"https:\/\/cead.ualg.pt\/site\/en\/wp-json\/wp\/v2\/pages\/30243\/revisions\/30307"}],"wp:attachment":[{"href":"https:\/\/cead.ualg.pt\/site\/en\/wp-json\/wp\/v2\/media?parent=30243"}],"curies":[{"name":"wp","href":"https:\/\/api.w.org\/{rel}","templated":true}]}}