{"id":30045,"date":"2020-08-26T10:53:23","date_gmt":"2020-08-26T10:53:23","guid":{"rendered":"https:\/\/cead.ualg.pt\/site\/?page_id=30045"},"modified":"2020-08-26T10:54:40","modified_gmt":"2020-08-26T10:54:40","slug":"projeto-equality-in-action","status":"publish","type":"page","link":"https:\/\/cead.ualg.pt\/site\/en\/projeto-equality-in-action\/","title":{"rendered":"Projeto Equality in Action"},"content":{"rendered":"<div data-elementor-type=\"wp-page\" data-elementor-id=\"30045\" class=\"elementor elementor-30045\" data-elementor-post-type=\"page\">\n\t\t\t\t\t\t<section class=\"elementor-section elementor-top-section elementor-element elementor-element-02f4cfb elementor-section-content-top elementor-reverse-mobile elementor-section-boxed elementor-section-height-default elementor-section-height-default neuron-fixed-no\" data-id=\"02f4cfb\" data-element_type=\"section\" data-e-type=\"section\">\n\t\t\t\t\t\t<div class=\"elementor-container elementor-column-gap-no\">\n\t\t\t\t\t<div class=\"elementor-column elementor-col-100 elementor-top-column elementor-element elementor-element-d2330de\" data-id=\"d2330de\" data-element_type=\"column\" data-e-type=\"column\">\n\t\t\t<div class=\"elementor-widget-wrap elementor-element-populated\">\n\t\t\t\t\t\t<div class=\"elementor-element elementor-element-54e7f77 elementor-widget elementor-widget-text-editor\" data-id=\"54e7f77\" data-element_type=\"widget\" data-e-type=\"widget\" data-widget_type=\"text-editor.default\">\n\t\t\t\t<div class=\"elementor-widget-container\">\n\t\t\t\t\t\t\t\t\t<p><span style=\"color: #000000;\"><strong><span style=\"color: #800080;\">Project title<\/span><\/strong> Equality in Action<\/span><br \/><span style=\"color: #000000;\"><span style=\"color: #800080;\"><strong>Reference<\/strong><\/span>\u00a0<\/span><br \/><span style=\"color: #000000;\"><strong><span style=\"color: #800080;\">Funded by<\/span><\/strong> Erasmus +, Comiss\u00e3o Europeia<\/span><br \/><span style=\"color: #000000;\"><span style=\"color: #800080;\"><strong>Start date<\/strong><\/span>\u00a0<\/span><br \/><span style=\"color: #000000;\"><strong><span style=\"color: #800080;\">End date<\/span><\/strong>\u00a0<\/span><br \/><span style=\"color: #800080;\"><strong>Total cost <\/strong><span style=\"color: #000000;\">124 974 \u20ac<\/span><\/span><br \/><span style=\"color: #000000;\"><strong><span style=\"color: #800080;\">Principal Researcher<\/span><\/strong> Lu\u00eds Gon\u00e7alves<\/span><br \/><span style=\"color: #000000;\"><span style=\"color: #800080;\"><strong>Applicant<\/strong><\/span> Agrupamento de Escolas de Miranda do Corvo, Coimbra <\/span><br \/><span style=\"color: #000000;\"><strong><span style=\"color: #800080;\">Partners<\/span><\/strong> Universidade de Coimbra<\/span><\/p><p><span style=\"color: #000000;\">\u00a0<\/span><\/p><p><strong><span style=\"color: #000000;\"><span style=\"color: #800080;\">Abstract:<\/span><\/span><\/strong><\/p><p><strong><span style=\"color: #000000;\">This project aims to address gender discrimination and inequalities that affect boys and girls, men and women in various areas of life and raise the awareness of teachers and other educational actors in general, to the importance of including gender issues and problems arising from stereotypes and discrimination in curricula. Through diverse activities involving teachers and students, with the support of specialists in gender equality, an attempt will be made to promote a positive change in schools and in the lives of the people involved.<\/span><\/strong><\/p>\t\t\t\t\t\t\t\t<\/div>\n\t\t\t\t<\/div>\n\t\t\t\t\t<\/div>\n\t\t<\/div>\n\t\t\t\t\t<\/div>\n\t\t<\/section>\n\t\t\t\t<section class=\"elementor-section elementor-top-section elementor-element elementor-element-9e91fc8 elementor-section-boxed elementor-section-height-default elementor-section-height-default neuron-fixed-no\" data-id=\"9e91fc8\" data-element_type=\"section\" data-e-type=\"section\">\n\t\t\t\t\t\t<div class=\"elementor-container elementor-column-gap-default\">\n\t\t\t\t\t<div class=\"elementor-column elementor-col-100 elementor-top-column elementor-element elementor-element-8770278\" data-id=\"8770278\" data-element_type=\"column\" data-e-type=\"column\">\n\t\t\t<div class=\"elementor-widget-wrap\">\n\t\t\t\t\t\t\t<\/div>\n\t\t<\/div>\n\t\t\t\t\t<\/div>\n\t\t<\/section>\n\t\t\t\t<\/div>","protected":false},"excerpt":{"rendered":"<p>Designa\u00e7\u00e3o do projeto Equality in ActionRefer\u00eancia\u00a0Financiador Erasmus +, Comiss\u00e3o EuropeiaData de in\u00edcio\u00a0Data de conclus\u00e3o\u00a0Custo total eleg\u00edvel 124 974&#8230;<\/p>","protected":false},"author":2,"featured_media":0,"parent":0,"menu_order":0,"comment_status":"closed","ping_status":"closed","template":"","meta":{"_acf_changed":false,"footnotes":""},"class_list":["post-30045","page","type-page","status-publish","hentry"],"acf":[],"_links":{"self":[{"href":"https:\/\/cead.ualg.pt\/site\/en\/wp-json\/wp\/v2\/pages\/30045","targetHints":{"allow":["GET"]}}],"collection":[{"href":"https:\/\/cead.ualg.pt\/site\/en\/wp-json\/wp\/v2\/pages"}],"about":[{"href":"https:\/\/cead.ualg.pt\/site\/en\/wp-json\/wp\/v2\/types\/page"}],"author":[{"embeddable":true,"href":"https:\/\/cead.ualg.pt\/site\/en\/wp-json\/wp\/v2\/users\/2"}],"replies":[{"embeddable":true,"href":"https:\/\/cead.ualg.pt\/site\/en\/wp-json\/wp\/v2\/comments?post=30045"}],"version-history":[{"count":2,"href":"https:\/\/cead.ualg.pt\/site\/en\/wp-json\/wp\/v2\/pages\/30045\/revisions"}],"predecessor-version":[{"id":30047,"href":"https:\/\/cead.ualg.pt\/site\/en\/wp-json\/wp\/v2\/pages\/30045\/revisions\/30047"}],"wp:attachment":[{"href":"https:\/\/cead.ualg.pt\/site\/en\/wp-json\/wp\/v2\/media?parent=30045"}],"curies":[{"name":"wp","href":"https:\/\/api.w.org\/{rel}","templated":true}]}}