{"id":29963,"date":"2020-08-18T16:59:39","date_gmt":"2020-08-18T16:59:39","guid":{"rendered":"https:\/\/cead.ualg.pt\/site\/?page_id=29963"},"modified":"2020-09-21T17:10:37","modified_gmt":"2020-09-21T17:10:37","slug":"comissao-externa","status":"publish","type":"page","link":"https:\/\/cead.ualg.pt\/site\/en\/comissao-externa\/","title":{"rendered":"External Advisory Board"},"content":{"rendered":"<div data-elementor-type=\"wp-page\" data-elementor-id=\"29963\" class=\"elementor elementor-29963\" data-elementor-post-type=\"page\">\n\t\t\t\t\t\t<section class=\"elementor-section elementor-top-section elementor-element elementor-element-8c42250 elementor-section-content-bottom elementor-section-boxed elementor-section-height-default elementor-section-height-default neuron-fixed-no\" data-id=\"8c42250\" data-element_type=\"section\" data-e-type=\"section\">\n\t\t\t\t\t\t<div class=\"elementor-container elementor-column-gap-default\">\n\t\t\t\t\t<div class=\"elementor-column elementor-col-33 elementor-top-column elementor-element elementor-element-804c6f2\" data-id=\"804c6f2\" data-element_type=\"column\" data-e-type=\"column\">\n\t\t\t<div class=\"elementor-widget-wrap elementor-element-populated\">\n\t\t\t\t\t\t<div class=\"elementor-element elementor-element-04cf3c1 elementor-widget elementor-widget-image\" data-id=\"04cf3c1\" data-element_type=\"widget\" data-e-type=\"widget\" data-widget_type=\"image.default\">\n\t\t\t\t<div class=\"elementor-widget-container\">\n\t\t\t\t\t\t\t\t\t\t\t\t\t\t\t<img decoding=\"async\" width=\"150\" height=\"150\" src=\"https:\/\/cead.ualg.pt\/site\/wp-content\/uploads\/sites\/4\/2020\/08\/PB_Danny-150x150.jpg\" class=\"attachment-thumbnail size-thumbnail wp-image-29968\" alt=\"\" srcset=\"https:\/\/cead.ualg.pt\/site\/wp-content\/uploads\/sites\/4\/2020\/08\/PB_Danny-150x150.jpg 150w, https:\/\/cead.ualg.pt\/site\/wp-content\/uploads\/sites\/4\/2020\/08\/PB_Danny-500x500.jpg 500w\" sizes=\"(max-width: 150px) 100vw, 150px\" \/>\t\t\t\t\t\t\t\t\t\t\t\t\t\t\t<\/div>\n\t\t\t\t<\/div>\n\t\t\t\t<section class=\"elementor-section elementor-inner-section elementor-element elementor-element-dacc27a elementor-section-content-bottom elementor-section-boxed elementor-section-height-default elementor-section-height-default neuron-fixed-no\" data-id=\"dacc27a\" data-element_type=\"section\" data-e-type=\"section\">\n\t\t\t\t\t\t<div class=\"elementor-container elementor-column-gap-no\">\n\t\t\t\t\t<div class=\"elementor-column elementor-col-100 elementor-inner-column elementor-element elementor-element-4944f75\" data-id=\"4944f75\" data-element_type=\"column\" data-e-type=\"column\">\n\t\t\t<div class=\"elementor-widget-wrap elementor-element-populated\">\n\t\t\t\t\t\t<div class=\"elementor-element elementor-element-be6f764 elementor-widget elementor-widget-text-editor\" data-id=\"be6f764\" data-element_type=\"widget\" data-e-type=\"widget\" data-widget_type=\"text-editor.default\">\n\t\t\t\t<div class=\"elementor-widget-container\">\n\t\t\t\t\t\t\t\t\t<p><span style=\"color: #000000;\"><b>Danny Wildemeersch<\/b><\/span><\/p><p><span style=\"color: #808080; font-size: 15px;\">Emeritus Professor, KU Leuven, Belgian<\/span><\/p><hr \/><p><a href=\"https:\/\/orcid.org\/0000-0001-8122-2892\" target=\"_blank\" rel=\"noopener\">ORCID<\/a><\/p><p><a style=\"font-size: 15px;\" href=\"https:\/\/www.kuleuven.be\/wieiswie\/en\/person\/00008855\" target=\"_blank\" rel=\"noopener\">Curriculum vitae via KU Leuven<\/a><\/p><hr \/><p><span style=\"font-weight: normal; color: #37742f;\"><a style=\"color: #37742f;\" href=\"mailto:danny.wildemeersch@kuleuven.be\" target=\"_blank\" rel=\"noopener\">danny.wildemeersch@kuleuven.be<\/a><\/span><\/p>\t\t\t\t\t\t\t\t<\/div>\n\t\t\t\t<\/div>\n\t\t\t\t\t<\/div>\n\t\t<\/div>\n\t\t\t\t\t<\/div>\n\t\t<\/section>\n\t\t\t\t\t<\/div>\n\t\t<\/div>\n\t\t\t\t<div class=\"elementor-column elementor-col-33 elementor-top-column elementor-element elementor-element-b01ffe3\" data-id=\"b01ffe3\" data-element_type=\"column\" data-e-type=\"column\">\n\t\t\t<div class=\"elementor-widget-wrap elementor-element-populated\">\n\t\t\t\t\t\t<div class=\"elementor-element elementor-element-a14d3bd elementor-widget elementor-widget-image\" data-id=\"a14d3bd\" data-element_type=\"widget\" data-e-type=\"widget\" data-widget_type=\"image.default\">\n\t\t\t\t<div class=\"elementor-widget-container\">\n\t\t\t\t\t\t\t\t\t\t\t\t\t\t\t<img decoding=\"async\" width=\"150\" height=\"150\" src=\"https:\/\/cead.ualg.pt\/site\/wp-content\/uploads\/sites\/4\/2020\/08\/PB_LicinioLima-150x150.jpg\" class=\"attachment-thumbnail size-thumbnail wp-image-29965\" alt=\"\" srcset=\"https:\/\/cead.ualg.pt\/site\/wp-content\/uploads\/sites\/4\/2020\/08\/PB_LicinioLima-150x150.jpg 150w, https:\/\/cead.ualg.pt\/site\/wp-content\/uploads\/sites\/4\/2020\/08\/PB_LicinioLima-500x500.jpg 500w\" sizes=\"(max-width: 150px) 100vw, 150px\" \/>\t\t\t\t\t\t\t\t\t\t\t\t\t\t\t<\/div>\n\t\t\t\t<\/div>\n\t\t\t\t<section class=\"elementor-section elementor-inner-section elementor-element elementor-element-1100ed7 elementor-section-content-bottom elementor-section-boxed elementor-section-height-default elementor-section-height-default neuron-fixed-no\" data-id=\"1100ed7\" data-element_type=\"section\" data-e-type=\"section\">\n\t\t\t\t\t\t<div class=\"elementor-container elementor-column-gap-no\">\n\t\t\t\t\t<div class=\"elementor-column elementor-col-100 elementor-inner-column elementor-element elementor-element-d31fc10\" data-id=\"d31fc10\" data-element_type=\"column\" data-e-type=\"column\">\n\t\t\t<div class=\"elementor-widget-wrap elementor-element-populated\">\n\t\t\t\t\t\t<div class=\"elementor-element elementor-element-08beee2 elementor-widget elementor-widget-text-editor\" data-id=\"08beee2\" data-element_type=\"widget\" data-e-type=\"widget\" data-widget_type=\"text-editor.default\">\n\t\t\t\t<div class=\"elementor-widget-container\">\n\t\t\t\t\t\t\t\t\t<p><span style=\"color: #000000;\"><strong>Lic\u00ednio C. Lima<\/strong><\/span><\/p><p><span style=\"color: #808080; font-size: 15px;\">Professor Catedr\u00e1tico, Instituto de Educa\u00e7\u00e3o, Universidade do Minho<\/span><\/p><hr \/><p><a href=\"https:\/\/www.cienciavitae.pt\/portal\/en\/7B13-EDB4-19FF\" target=\"_blank\" rel=\"noopener\">Ci\u00eancia Vitae<\/a><\/p><p><a style=\"font-size: 15px;\" href=\"https:\/\/www.researchgate.net\/profile\/Licinio_Lima\" target=\"_blank\" rel=\"noopener\">ResearchGate<\/a><\/p><hr \/><p><span style=\"font-weight: normal; color: #37742f;\"><a style=\"color: #37742f;\" href=\"mailto:llima@ie.uminho.pt\" target=\"_blank\" rel=\"noopener\">llima@ie.uminho.pt<\/a><\/span><\/p>\t\t\t\t\t\t\t\t<\/div>\n\t\t\t\t<\/div>\n\t\t\t\t\t<\/div>\n\t\t<\/div>\n\t\t\t\t\t<\/div>\n\t\t<\/section>\n\t\t\t\t\t<\/div>\n\t\t<\/div>\n\t\t\t\t<div class=\"elementor-column elementor-col-33 elementor-top-column elementor-element elementor-element-859ec05\" data-id=\"859ec05\" data-element_type=\"column\" data-e-type=\"column\">\n\t\t\t<div class=\"elementor-widget-wrap elementor-element-populated\">\n\t\t\t\t\t\t<div class=\"elementor-element elementor-element-cf94456 elementor-widget elementor-widget-image\" data-id=\"cf94456\" data-element_type=\"widget\" data-e-type=\"widget\" data-widget_type=\"image.default\">\n\t\t\t\t<div class=\"elementor-widget-container\">\n\t\t\t\t\t\t\t\t\t\t\t\t\t\t\t<img decoding=\"async\" src=\"https:\/\/cead.ualg.pt\/site\/wp-content\/uploads\/sites\/4\/elementor\/thumbs\/PB_PaulaGuimaraes-oxje42bp4p4qmn82oev0p8mzxnbfghnud268d0j5b0.jpg\" title=\"PB_PaulaGuimaraes\" alt=\"PB_PaulaGuimaraes\" loading=\"lazy\" \/>\t\t\t\t\t\t\t\t\t\t\t\t\t\t\t<\/div>\n\t\t\t\t<\/div>\n\t\t\t\t<section class=\"elementor-section elementor-inner-section elementor-element elementor-element-40ca3a0 elementor-section-content-bottom elementor-section-boxed elementor-section-height-default elementor-section-height-default neuron-fixed-no\" data-id=\"40ca3a0\" data-element_type=\"section\" data-e-type=\"section\">\n\t\t\t\t\t\t<div class=\"elementor-container elementor-column-gap-no\">\n\t\t\t\t\t<div class=\"elementor-column elementor-col-100 elementor-inner-column elementor-element elementor-element-f2f3bbd\" data-id=\"f2f3bbd\" data-element_type=\"column\" data-e-type=\"column\">\n\t\t\t<div class=\"elementor-widget-wrap elementor-element-populated\">\n\t\t\t\t\t\t<div class=\"elementor-element elementor-element-6cbc601 elementor-widget elementor-widget-text-editor\" data-id=\"6cbc601\" data-element_type=\"widget\" data-e-type=\"widget\" data-widget_type=\"text-editor.default\">\n\t\t\t\t<div class=\"elementor-widget-container\">\n\t\t\t\t\t\t\t\t\t<p><span style=\"color: #000000;\"><b>Paula Guimar\u00e3es<\/b><\/span><\/p><p><span style=\"color: #808080; font-size: 15px;\">Professora Auxiliar, Instituto de Educa\u00e7\u00e3o, Universidade de Lisboa<\/span><\/p><hr \/><p><a href=\"https:\/\/www.cienciavitae.pt\/861E-3B29-23AF\" target=\"_blank\" rel=\"noopener\">Ci\u00eancia Vitae<\/a><\/p><p><a href=\"http:\/\/orcid.org\/0000-0002-2197-1004\" target=\"_blank\" rel=\"noopener\">ORCID<\/a><\/p><p><a style=\"font-size: 15px;\" href=\"https:\/\/www.researchgate.net\/profile\/Paula_Guimaraes\" target=\"_blank\" rel=\"noopener\">ResearchGate<\/a><\/p><hr \/><p><span style=\"font-weight: normal; color: #37742f;\"><a style=\"color: #37742f;\" href=\"mailto:pguimaraes@ie.ulisboa.pt\" target=\"_blank\" rel=\"noopener\">pguimaraes@ie.ulisboa.pt<\/a><\/span><\/p>\t\t\t\t\t\t\t\t<\/div>\n\t\t\t\t<\/div>\n\t\t\t\t\t<\/div>\n\t\t<\/div>\n\t\t\t\t\t<\/div>\n\t\t<\/section>\n\t\t\t\t\t<\/div>\n\t\t<\/div>\n\t\t\t\t\t<\/div>\n\t\t<\/section>\n\t\t\t\t<\/div>","protected":false},"excerpt":{"rendered":"<p>Danny Wildemeersch Emeritus Professor, KU Leuven, Belgian ORCID Curriculum vitae via KU Leuven danny.wildemeersch@kuleuven.be Lic\u00ednio C. Lima Professor&#8230;<\/p>","protected":false},"author":2,"featured_media":0,"parent":0,"menu_order":0,"comment_status":"closed","ping_status":"closed","template":"","meta":{"_acf_changed":false,"footnotes":""},"class_list":["post-29963","page","type-page","status-publish","hentry"],"acf":[],"_links":{"self":[{"href":"https:\/\/cead.ualg.pt\/site\/en\/wp-json\/wp\/v2\/pages\/29963","targetHints":{"allow":["GET"]}}],"collection":[{"href":"https:\/\/cead.ualg.pt\/site\/en\/wp-json\/wp\/v2\/pages"}],"about":[{"href":"https:\/\/cead.ualg.pt\/site\/en\/wp-json\/wp\/v2\/types\/page"}],"author":[{"embeddable":true,"href":"https:\/\/cead.ualg.pt\/site\/en\/wp-json\/wp\/v2\/users\/2"}],"replies":[{"embeddable":true,"href":"https:\/\/cead.ualg.pt\/site\/en\/wp-json\/wp\/v2\/comments?post=29963"}],"version-history":[{"count":10,"href":"https:\/\/cead.ualg.pt\/site\/en\/wp-json\/wp\/v2\/pages\/29963\/revisions"}],"predecessor-version":[{"id":30397,"href":"https:\/\/cead.ualg.pt\/site\/en\/wp-json\/wp\/v2\/pages\/29963\/revisions\/30397"}],"wp:attachment":[{"href":"https:\/\/cead.ualg.pt\/site\/en\/wp-json\/wp\/v2\/media?parent=29963"}],"curies":[{"name":"wp","href":"https:\/\/api.w.org\/{rel}","templated":true}]}}