{"id":29613,"date":"2020-08-11T15:04:59","date_gmt":"2020-08-11T15:04:59","guid":{"rendered":"https:\/\/cead.ualg.pt\/site\/?page_id=29613"},"modified":"2022-03-21T16:32:22","modified_gmt":"2022-03-21T16:32:22","slug":"etica","status":"publish","type":"page","link":"https:\/\/cead.ualg.pt\/site\/en\/etica\/","title":{"rendered":"Ethics"},"content":{"rendered":"<div data-elementor-type=\"wp-page\" data-elementor-id=\"29613\" class=\"elementor elementor-29613\" data-elementor-post-type=\"page\">\n\t\t\t\t\t\t<section class=\"elementor-section elementor-top-section elementor-element elementor-element-02f4cfb elementor-section-content-top elementor-reverse-mobile elementor-section-boxed elementor-section-height-default elementor-section-height-default neuron-fixed-no\" data-id=\"02f4cfb\" data-element_type=\"section\" data-e-type=\"section\">\n\t\t\t\t\t\t<div class=\"elementor-container elementor-column-gap-no\">\n\t\t\t\t\t<div class=\"elementor-column elementor-col-100 elementor-top-column elementor-element elementor-element-d2330de\" data-id=\"d2330de\" data-element_type=\"column\" data-e-type=\"column\">\n\t\t\t<div class=\"elementor-widget-wrap elementor-element-populated\">\n\t\t\t\t\t\t<div class=\"elementor-element elementor-element-54e7f77 elementor-widget elementor-widget-text-editor\" data-id=\"54e7f77\" data-element_type=\"widget\" data-e-type=\"widget\" data-widget_type=\"text-editor.default\">\n\t\t\t\t<div class=\"elementor-widget-container\">\n\t\t\t\t\t\t\t\t\t<p><span style=\"color: #000000;\">CEAD will guarantee, within the scope of its activity, respect for a set of ethical and deontological principles and procedures, which are indispensable for the production of valid and ethically grounded knowledge. Research and knowledge dissemination activities will respect all ethical and deontological principles related to research with human beings, which are reflected in national and international reference documents, in the field of education or in related fields.<\/span><\/p><p>\u00a0<\/p><ul><li><p><a href=\"https:\/\/cead.ualg.pt\/site\/wp-content\/uploads\/sites\/4\/2022\/03\/Carta-Etica-CEAD-Final.pdf\" target=\"_blank\" rel=\"noopener\"><span style=\"color: #000000;\">Carta \u00c9tica do CEAD<\/span><\/a><\/p><\/li><\/ul>\t\t\t\t\t\t\t\t<\/div>\n\t\t\t\t<\/div>\n\t\t\t\t\t<\/div>\n\t\t<\/div>\n\t\t\t\t\t<\/div>\n\t\t<\/section>\n\t\t\t\t<\/div>","protected":false},"excerpt":{"rendered":"<p>O CEAD garantir\u00e1, no \u00e2mbito da sua atividade, o respeito por um conjunto de princ\u00edpios e procedimentos \u00e9ticos&#8230;<\/p>","protected":false},"author":2,"featured_media":0,"parent":0,"menu_order":0,"comment_status":"closed","ping_status":"closed","template":"","meta":{"_acf_changed":false,"footnotes":""},"class_list":["post-29613","page","type-page","status-publish","hentry"],"acf":[],"_links":{"self":[{"href":"https:\/\/cead.ualg.pt\/site\/en\/wp-json\/wp\/v2\/pages\/29613","targetHints":{"allow":["GET"]}}],"collection":[{"href":"https:\/\/cead.ualg.pt\/site\/en\/wp-json\/wp\/v2\/pages"}],"about":[{"href":"https:\/\/cead.ualg.pt\/site\/en\/wp-json\/wp\/v2\/types\/page"}],"author":[{"embeddable":true,"href":"https:\/\/cead.ualg.pt\/site\/en\/wp-json\/wp\/v2\/users\/2"}],"replies":[{"embeddable":true,"href":"https:\/\/cead.ualg.pt\/site\/en\/wp-json\/wp\/v2\/comments?post=29613"}],"version-history":[{"count":5,"href":"https:\/\/cead.ualg.pt\/site\/en\/wp-json\/wp\/v2\/pages\/29613\/revisions"}],"predecessor-version":[{"id":30959,"href":"https:\/\/cead.ualg.pt\/site\/en\/wp-json\/wp\/v2\/pages\/29613\/revisions\/30959"}],"wp:attachment":[{"href":"https:\/\/cead.ualg.pt\/site\/en\/wp-json\/wp\/v2\/media?parent=29613"}],"curies":[{"name":"wp","href":"https:\/\/api.w.org\/{rel}","templated":true}]}}