{"id":29593,"date":"2020-08-11T14:34:26","date_gmt":"2020-08-11T14:34:26","guid":{"rendered":"https:\/\/cead.ualg.pt\/site\/?page_id=29593"},"modified":"2020-11-15T21:09:01","modified_gmt":"2020-11-15T21:09:01","slug":"missao-e-valores","status":"publish","type":"page","link":"https:\/\/cead.ualg.pt\/site\/en\/missao-e-valores\/","title":{"rendered":"Mission and Values"},"content":{"rendered":"<div data-elementor-type=\"wp-page\" data-elementor-id=\"29593\" class=\"elementor elementor-29593\" data-elementor-post-type=\"page\">\n\t\t\t\t\t\t<section class=\"elementor-section elementor-top-section elementor-element elementor-element-02f4cfb elementor-section-content-top elementor-reverse-mobile elementor-section-boxed elementor-section-height-default elementor-section-height-default neuron-fixed-no\" data-id=\"02f4cfb\" data-element_type=\"section\" data-e-type=\"section\">\n\t\t\t\t\t\t<div class=\"elementor-container elementor-column-gap-no\">\n\t\t\t\t\t<div class=\"elementor-column elementor-col-100 elementor-top-column elementor-element elementor-element-d2330de\" data-id=\"d2330de\" data-element_type=\"column\" data-e-type=\"column\">\n\t\t\t<div class=\"elementor-widget-wrap elementor-element-populated\">\n\t\t\t\t\t\t<div class=\"elementor-element elementor-element-54e7f77 elementor-widget elementor-widget-text-editor\" data-id=\"54e7f77\" data-element_type=\"widget\" data-e-type=\"widget\" data-widget_type=\"text-editor.default\">\n\t\t\t\t<div class=\"elementor-widget-container\">\n\t\t\t\t\t\t\t\t\t<p><span style=\"color: #000000;\">CEAD's mission is to promote and carry out research activities on Adult Education and Community Intervention, in order to build and disseminate scientific knowledge with educational and social utility, as well as to support planning and decision-making processes in the field.<\/span><\/p><p><span style=\"color: #000000;\">\u00a0<\/span><\/p><p><span style=\"color: #000000;\">In view of the reduced volume of research in Adult Education in Portugal, and the lack of systematization of available information, we want to build a flexible centre, opened to researchers from all over the national territory, interested in cooperating in favour of this mission.<br \/><\/span><\/p><p><span style=\"color: #000000;\">\u00a0<\/span><\/p><p><span style=\"color: #000000;\">The values that guide our activity are as follows:<br \/><\/span><\/p><p><span style=\"color: #000000;\">\u00a0<\/span><\/p><p><strong><span style=\"color: #ec008b;\">Intellectual Freedom: <\/span><span style=\"color: #000000;\">Research must be guided by freedom of thought, which opens doors to collaboration, participation and creativity, providing an environment beneficial to innovation and social change.<\/span><\/strong><\/p><p>\u00a0<\/p><p><strong><span style=\"color: #000000;\"><span style=\"color: #864486;\"><span style=\"color: #ec008b;\">Social Responsibility:<\/span> <\/span>as researchers and interpreters of social reality and the problems that affect adults of all ages in our communities, we want to contribute to investigate significant issues and, consequently, contribute to the resolution of societal problems and to advocate with public policies.<\/span><\/strong><\/p><p>\u00a0<\/p><p><strong><span style=\"color: #000000;\"><span style=\"color: #ec008b;\">Academic integrity:<\/span> we want to assume an attitude of ethical commitment at different levels: first, in relation to the procedures and methodologies used in our research; second, contributing to the scientific initiation of younger researchers, but outright refusing any academic coercive attitudes, in all their forms. This commitment extends not only to the relationship with younger researchers, but also to different forms of communication with colleagues from different fields of the scientific community. <\/span><\/strong><\/p><p>\u00a0<\/p><p><strong><span style=\"color: #000000;\"><span style=\"color: #ec008b;\">Lifelong Education: <\/span>as researchers in Adult Education, we believe that education takes place in all spaces and throughout the life cycle. We also believe that adult education can make a significant contribution to the dynamics of social change and to improve the quality of life of adults, an adult being any individual from the end of adolescence to the last stages of life.<\/span><\/strong><\/p><p>\u00a0<\/p><p><span style=\"color: #000000;\"><strong><span style=\"color: #ec008b;\">Communicate: <\/span>our research must be shared with the national and international scientific community, but also with the communities we integrate. In this sense, our communication plan includes sharing results in community, public spaces, outside academic contexts, in order to reach the largest possible audience.<\/strong><br \/><\/span><\/p>\t\t\t\t\t\t\t\t<\/div>\n\t\t\t\t<\/div>\n\t\t\t\t\t<\/div>\n\t\t<\/div>\n\t\t\t\t\t<\/div>\n\t\t<\/section>\n\t\t\t\t<\/div>","protected":false},"excerpt":{"rendered":"<p>O CEAD tem como miss\u00e3o promover e executar atividade de investiga\u00e7\u00e3o em Educa\u00e7\u00e3o de Adultos e Interven\u00e7\u00e3o Comunit\u00e1ria,&#8230;<\/p>","protected":false},"author":2,"featured_media":0,"parent":0,"menu_order":0,"comment_status":"closed","ping_status":"closed","template":"","meta":{"_acf_changed":false,"footnotes":""},"class_list":["post-29593","page","type-page","status-publish","hentry"],"acf":[],"_links":{"self":[{"href":"https:\/\/cead.ualg.pt\/site\/en\/wp-json\/wp\/v2\/pages\/29593","targetHints":{"allow":["GET"]}}],"collection":[{"href":"https:\/\/cead.ualg.pt\/site\/en\/wp-json\/wp\/v2\/pages"}],"about":[{"href":"https:\/\/cead.ualg.pt\/site\/en\/wp-json\/wp\/v2\/types\/page"}],"author":[{"embeddable":true,"href":"https:\/\/cead.ualg.pt\/site\/en\/wp-json\/wp\/v2\/users\/2"}],"replies":[{"embeddable":true,"href":"https:\/\/cead.ualg.pt\/site\/en\/wp-json\/wp\/v2\/comments?post=29593"}],"version-history":[{"count":12,"href":"https:\/\/cead.ualg.pt\/site\/en\/wp-json\/wp\/v2\/pages\/29593\/revisions"}],"predecessor-version":[{"id":30578,"href":"https:\/\/cead.ualg.pt\/site\/en\/wp-json\/wp\/v2\/pages\/29593\/revisions\/30578"}],"wp:attachment":[{"href":"https:\/\/cead.ualg.pt\/site\/en\/wp-json\/wp\/v2\/media?parent=29593"}],"curies":[{"name":"wp","href":"https:\/\/api.w.org\/{rel}","templated":true}]}}