{"id":29493,"date":"2020-08-05T10:59:08","date_gmt":"2020-08-05T10:59:08","guid":{"rendered":"https:\/\/cead.ualg.pt\/site\/?page_id=29493"},"modified":"2020-08-11T14:51:50","modified_gmt":"2020-08-11T14:51:50","slug":"objetivos","status":"publish","type":"page","link":"https:\/\/cead.ualg.pt\/site\/en\/objetivos\/","title":{"rendered":"Objectives"},"content":{"rendered":"<div data-elementor-type=\"wp-page\" data-elementor-id=\"29493\" class=\"elementor elementor-29493\" data-elementor-post-type=\"page\">\n\t\t\t\t\t\t<section class=\"elementor-section elementor-top-section elementor-element elementor-element-02f4cfb elementor-section-content-top elementor-reverse-mobile elementor-section-boxed elementor-section-height-default elementor-section-height-default neuron-fixed-no\" data-id=\"02f4cfb\" data-element_type=\"section\" data-e-type=\"section\">\n\t\t\t\t\t\t<div class=\"elementor-container elementor-column-gap-no\">\n\t\t\t\t\t<div class=\"elementor-column elementor-col-100 elementor-top-column elementor-element elementor-element-d2330de\" data-id=\"d2330de\" data-element_type=\"column\" data-e-type=\"column\">\n\t\t\t<div class=\"elementor-widget-wrap elementor-element-populated\">\n\t\t\t\t\t\t<div class=\"elementor-element elementor-element-54e7f77 elementor-widget elementor-widget-text-editor\" data-id=\"54e7f77\" data-element_type=\"widget\" data-e-type=\"widget\" data-widget_type=\"text-editor.default\">\n\t\t\t\t<div class=\"elementor-widget-container\">\n\t\t\t\t\t\t\t\t\t<p><span style=\"color: #000000;\">The fundamental objectives of CEAD are: <br \/><\/span><\/p><p><span style=\"color: #000000;\">\u00a0<\/span><\/p><ol><li><span style=\"color: #000000;\">Produce scientific knowledge in the field of adult education and community intervention, nationally and internationally.<\/span><\/li><li><span style=\"color: #000000;\">Contribute to innovation and cooperation through research and intervention in the field of adult education and community intervention.<\/span><\/li><li><span style=\"color: #000000;\">Promote a scientific culture of initiation and integration of younger researchers.<\/span><\/li><li><span style=\"color: #000000;\">Build partnerships with civil society organizations and other entities with concerns related to research in the field of adult education and community intervention; <\/span><\/li><li><span style=\"color: #000000;\">Support civil society institutions with intervention at the educational and social level and foster a culture of participation, cooperation and networking.<\/span><\/li><\/ol>\t\t\t\t\t\t\t\t<\/div>\n\t\t\t\t<\/div>\n\t\t\t\t\t<\/div>\n\t\t<\/div>\n\t\t\t\t\t<\/div>\n\t\t<\/section>\n\t\t\t\t<\/div>","protected":false},"excerpt":{"rendered":"<p>O CEAD tem como objetivos fundamentais: \u00a0 Produzir conhecimento cient\u00edfico no dom\u00ednio da educa\u00e7\u00e3o de adultos e interven\u00e7\u00e3o&#8230;<\/p>","protected":false},"author":2,"featured_media":0,"parent":0,"menu_order":0,"comment_status":"closed","ping_status":"closed","template":"","meta":{"_acf_changed":false,"footnotes":""},"class_list":["post-29493","page","type-page","status-publish","hentry"],"acf":[],"_links":{"self":[{"href":"https:\/\/cead.ualg.pt\/site\/en\/wp-json\/wp\/v2\/pages\/29493","targetHints":{"allow":["GET"]}}],"collection":[{"href":"https:\/\/cead.ualg.pt\/site\/en\/wp-json\/wp\/v2\/pages"}],"about":[{"href":"https:\/\/cead.ualg.pt\/site\/en\/wp-json\/wp\/v2\/types\/page"}],"author":[{"embeddable":true,"href":"https:\/\/cead.ualg.pt\/site\/en\/wp-json\/wp\/v2\/users\/2"}],"replies":[{"embeddable":true,"href":"https:\/\/cead.ualg.pt\/site\/en\/wp-json\/wp\/v2\/comments?post=29493"}],"version-history":[{"count":23,"href":"https:\/\/cead.ualg.pt\/site\/en\/wp-json\/wp\/v2\/pages\/29493\/revisions"}],"predecessor-version":[{"id":29602,"href":"https:\/\/cead.ualg.pt\/site\/en\/wp-json\/wp\/v2\/pages\/29493\/revisions\/29602"}],"wp:attachment":[{"href":"https:\/\/cead.ualg.pt\/site\/en\/wp-json\/wp\/v2\/media?parent=29493"}],"curies":[{"name":"wp","href":"https:\/\/api.w.org\/{rel}","templated":true}]}}